{"id":5867,"date":"2021-11-06T16:47:18","date_gmt":"2021-11-06T15:47:18","guid":{"rendered":"https:\/\/www.latitude31n.com\/?post_type=product&#038;p=5867"},"modified":"2026-02-21T19:17:54","modified_gmt":"2026-02-21T18:17:54","slug":"faux-trophee-vraies-cornes","status":"publish","type":"product","link":"https:\/\/www.latitude31n.com\/fr\/trophees-tetes-animaux\/faux-trophee-vraies-cornes\/","title":{"rendered":"Faux troph\u00e9e animal \u00e0 vraies cornes"},"content":{"rendered":"<h2>Faux troph\u00e9e, vraies cornes<\/h2>\n<p>Troph\u00e9e mural t\u00eate d&rsquo;animal tress\u00e9 en paille marocaine doum orn\u00e9 de cornes v\u00e9ritables(r\u00e9cup\u00e9r\u00e9es) de b\u00e9lier ou de mouton. Dans un <strong>pur esprit taxidermiste<\/strong>, la <strong>d\u00e9coration murale insolite<\/strong> en fibres naturelles du Maroc est tress\u00e9e \u00e0 la main sur laquelle sont ins\u00e9r\u00e9es de v\u00e9ritables cornes de mouton.<\/p>\n<h2>Esprit cabinet de curiosit\u00e9<\/h2>\n<p><strong>V\u00e9ritable curiosit\u00e9<\/strong> digne de figurer sur un mur ou dans un cabinet de curiosit\u00e9, le troph\u00e9e \u00e0 accrocher plaira aux <strong>passionn\u00e9s et collectionneurs<\/strong>. Cet ornement <strong>hors du commun<\/strong> permettra de cr\u00e9er une d\u00e9co originale et singuli\u00e8re.<\/p>\n<p>Les cornes trouv\u00e9es sont toutes diff\u00e9rentes, majestueuses, tarabiscot\u00e9es, quasi droites, elles ont toutes leurs particularit\u00e9s.<\/p>\n<p>Pourquoi je l&rsquo;aime :<\/p>\n<p><strong><em>La t\u00eate troph\u00e9e \u00e0 accrocher est une alternative \u00e9cologique aux troph\u00e9es de chasse traditionnels.\u00a0<\/em><\/strong><\/p>\n<p>Dimensions : environ 30 cm de haut<\/p>\n<p>Aucun animal n&rsquo;a \u00e9t\u00e9 maltrait\u00e9 ou tu\u00e9 pour ses cornes. La t\u00eate d&rsquo;animal \u00e0 accrocher est une pi\u00e8ce artisanale; elle peut comporter certaines imperfections qui sont la garantie de son authenticit\u00e9.<\/p>\n","protected":false},"excerpt":{"rendered":"<p>D\u00e9coration murale en paille tress\u00e9e orn\u00e9e de v\u00e9ritables cornes, cet \u00e9tonnant troph\u00e9e b\u00e9lier attirera collectionneurs et passionn\u00e9s et vous permet de cr\u00e9er une d\u00e9co hors du commun. L&rsquo;ornement vous permet de cr\u00e9er une <strong>d\u00e9co atypique<\/strong> hors du commun, dans un esprit <strong>cabinet de curiosit\u00e9<\/strong>.<\/p>\n","protected":false},"featured_media":27553,"comment_status":"open","ping_status":"closed","template":"","meta":[],"product_brand":[],"product_cat":[24],"product_tag":[110,276,409,258,410,257,114,460,365,407,80,82,79,408],"class_list":{"0":"post-5867","1":"product","2":"type-product","3":"status-publish","4":"has-post-thumbnail","6":"product_cat-trophees-tetes-animaux","7":"product_tag-animaux","8":"product_tag-art-mural","9":"product_tag-art-taxidermiste","10":"product_tag-cabinet-de-curiosite","11":"product_tag-chalet","12":"product_tag-fausse-taxidermie","13":"product_tag-ferme","14":"product_tag-latitude-fun","15":"product_tag-maison-de-campagne","16":"product_tag-objet-de-collection","17":"product_tag-osier","18":"product_tag-raphia","19":"product_tag-rotin","20":"product_tag-taxidermie","22":"first","23":"instock","24":"taxable","25":"shipping-taxable","26":"purchasable","27":"product-type-simple"},"_links":{"self":[{"href":"https:\/\/www.latitude31n.com\/fr\/wp-json\/wp\/v2\/product\/5867","targetHints":{"allow":["GET"]}}],"collection":[{"href":"https:\/\/www.latitude31n.com\/fr\/wp-json\/wp\/v2\/product"}],"about":[{"href":"https:\/\/www.latitude31n.com\/fr\/wp-json\/wp\/v2\/types\/product"}],"replies":[{"embeddable":true,"href":"https:\/\/www.latitude31n.com\/fr\/wp-json\/wp\/v2\/comments?post=5867"}],"wp:featuredmedia":[{"embeddable":true,"href":"https:\/\/www.latitude31n.com\/fr\/wp-json\/wp\/v2\/media\/27553"}],"wp:attachment":[{"href":"https:\/\/www.latitude31n.com\/fr\/wp-json\/wp\/v2\/media?parent=5867"}],"wp:term":[{"taxonomy":"product_brand","embeddable":true,"href":"https:\/\/www.latitude31n.com\/fr\/wp-json\/wp\/v2\/product_brand?post=5867"},{"taxonomy":"product_cat","embeddable":true,"href":"https:\/\/www.latitude31n.com\/fr\/wp-json\/wp\/v2\/product_cat?post=5867"},{"taxonomy":"product_tag","embeddable":true,"href":"https:\/\/www.latitude31n.com\/fr\/wp-json\/wp\/v2\/product_tag?post=5867"}],"curies":[{"name":"wp","href":"https:\/\/api.w.org\/{rel}","templated":true}]}}