{"id":5838,"date":"2021-11-04T18:05:12","date_gmt":"2021-11-04T17:05:12","guid":{"rendered":"https:\/\/www.latitude31n.com\/?post_type=product&#038;p=5838"},"modified":"2025-07-30T19:50:08","modified_gmt":"2025-07-30T18:50:08","slug":"panier-anses-rondes-en-cuir","status":"publish","type":"product","link":"https:\/\/www.latitude31n.com\/fr\/mode-et-accessoires\/sacs-paniers\/panier-anses-rondes-en-cuir\/","title":{"rendered":"Panier anses rondes en cuir"},"content":{"rendered":"<h2><strong>L&rsquo;\u00e9l\u00e9gance du panier en paille<\/strong><\/h2>\n<p>Panier marocain traditionnel modernis\u00e9 par deux grosses anses rondes en cuir chocolat. Tress\u00e9 \u00e0 la main au Maroc, le panier en paille est r\u00e9alis\u00e9 en feuilles de palmier tress\u00e9. Deux imposantes poign\u00e9es rondes lui apportent une singularit\u00e9 et une \u00e9l\u00e9gance particuli\u00e8re.<\/p>\n<h2>Panier marocain au look urbain<\/h2>\n<p>Le sac se porte au bras (un peu serr\u00e9 \u00e0 l&rsquo;\u00e9paule). Pour la plage, le march\u00e9 ou le rangement, ce grand panier offre une touche ethnique chic et moderne unique.<\/p>\n<p>Pourquoi je l&rsquo;aime :<\/p>\n<p><strong><em>J&rsquo;adore le look de ce panier de caract\u00e8re. J&rsquo;aime les anses au look sophistiqu\u00e9 qui tranchent avec le tressage traditionnel.<\/em><\/strong><\/p>\n<p>Dimensions : environ 52xh30cm<\/p>\n<p>Ce panier \u00e0 porter est un objet artisanal qui peut comporter certaines imperfections qui sont la garantie de son authenticit\u00e9.<\/p>\n","protected":false},"excerpt":{"rendered":"<p>Panier marocain tress\u00e9 en feuilles de palmier. Deux imposantes poign\u00e9es rondes lui apportent une \u00e9l\u00e9gance particuli\u00e8re. Gr\u00e2ce \u00e0 sa touche classique et ethnique, le panier entre totalement dans la mouvance ethnique chic et fashion.<\/p>\n<ul>\n<li>mati\u00e8res : panier en paille <em>doum<\/em>, anses en cuir<\/li>\n<li>4 coloris disponibles : camel, marron, chocolat, noir<\/li>\n<\/ul>\n<p>D\u00e9couvrez l&rsquo;avis de Kenza de Glow Up With Kenza sur ce <a href=\"https:\/\/youtu.be\/UQzrmcQdVqs?si=eIjr6mgQLQSSkArp&amp;t=304\" target=\"_blank\" rel=\"noopener\">panier en paille sophistiqu\u00e9<\/a><\/p>\n","protected":false},"featured_media":5841,"comment_status":"open","ping_status":"closed","template":"","meta":[],"product_brand":[],"product_cat":[470,468],"product_tag":[129,128,459,80,396,79,399],"class_list":{"0":"post-5838","1":"product","2":"type-product","3":"status-publish","4":"has-post-thumbnail","6":"product_cat-sacs-paniers","7":"product_cat-mode-et-accessoires","8":"product_tag-cadeau-femme","9":"product_tag-cadeau-pour-elle","10":"product_tag-latitude-ethnique","11":"product_tag-osier","12":"product_tag-panier-de-plage","13":"product_tag-rotin","14":"product_tag-tendance","16":"first","17":"instock","18":"taxable","19":"shipping-taxable","20":"purchasable","21":"product-type-variable"},"_links":{"self":[{"href":"https:\/\/www.latitude31n.com\/fr\/wp-json\/wp\/v2\/product\/5838","targetHints":{"allow":["GET"]}}],"collection":[{"href":"https:\/\/www.latitude31n.com\/fr\/wp-json\/wp\/v2\/product"}],"about":[{"href":"https:\/\/www.latitude31n.com\/fr\/wp-json\/wp\/v2\/types\/product"}],"replies":[{"embeddable":true,"href":"https:\/\/www.latitude31n.com\/fr\/wp-json\/wp\/v2\/comments?post=5838"}],"wp:featuredmedia":[{"embeddable":true,"href":"https:\/\/www.latitude31n.com\/fr\/wp-json\/wp\/v2\/media\/5841"}],"wp:attachment":[{"href":"https:\/\/www.latitude31n.com\/fr\/wp-json\/wp\/v2\/media?parent=5838"}],"wp:term":[{"taxonomy":"product_brand","embeddable":true,"href":"https:\/\/www.latitude31n.com\/fr\/wp-json\/wp\/v2\/product_brand?post=5838"},{"taxonomy":"product_cat","embeddable":true,"href":"https:\/\/www.latitude31n.com\/fr\/wp-json\/wp\/v2\/product_cat?post=5838"},{"taxonomy":"product_tag","embeddable":true,"href":"https:\/\/www.latitude31n.com\/fr\/wp-json\/wp\/v2\/product_tag?post=5838"}],"curies":[{"name":"wp","href":"https:\/\/api.w.org\/{rel}","templated":true}]}}