{"id":5816,"date":"2021-11-03T12:40:59","date_gmt":"2021-11-03T11:40:59","guid":{"rendered":"https:\/\/www.latitude31n.com\/?post_type=product&#038;p=5816"},"modified":"2026-01-19T16:05:44","modified_gmt":"2026-01-19T15:05:44","slug":"pouf-tissu-africain-noir-et-blanc","status":"publish","type":"product","link":"https:\/\/www.latitude31n.com\/fr\/assises-petit-mobilier\/pouf-tissu-africain-noir-et-blanc\/","title":{"rendered":"Pouf tissu africain noir et blanc"},"content":{"rendered":"<h2><strong>Pouf rond en tissu bogolan<\/strong><\/h2>\n<p>D&rsquo;origine malienne, le bogolan est une toile brute compos\u00e9e de morceaux de tissus teints et assembl\u00e9s \u00e0 la main . Ils sont uniques, car chaque bogolan est unique, les motifs g\u00e9om\u00e9triques sont individuels, chaque artiste a le sien propre. Ils sont enti\u00e8rement fabriqu\u00e9s et peints \u00e0 la main. C&rsquo;est un produit artisanal, donc unique, et qui peut avoir certaines imperfections qui augmentent le charme de l&rsquo;objet.<\/p>\n<p>Ces poufs conviennent comme <strong>assises<\/strong>, <strong>bouts de canap\u00e9s<\/strong>, <strong>petites tables d&rsquo;appoint<\/strong>, <strong>tables de chevet<\/strong> et s&rsquo;accordent facilement que ce soit dans des int\u00e9rieurs ethniques, mais aussi contemporains ou plus classiques, design ou british, casual, black and white, monochrome&#8230;<\/p>\n<h2>Assise d&rsquo;appoint<\/h2>\n<p>Le pouf est entier, il n&rsquo;y a pas besoin de le remplir. Id\u00e9al pour les petits espaces, il peut se ranger facilement sous une table ou une console<\/p>\n<p>Pourquoi je les aime :<\/p>\n<p><strong><em>Petite touche ethnique et classique \u00e0 la fois<\/em><\/strong><\/p>\n<p>Dimensions : 35 cm de diam\u00e8tre, hauteur : 40 cm (assise normale)<\/p>\n<p>En assises suppl\u00e9mentaires dans un salon, ils se d\u00e9placent et se rangent facilement.<\/p>\n","protected":false},"excerpt":{"rendered":"<p>Ces tabourets au look ethnique africain peuvent s&rsquo;utiliser comme tables de chevet, bout de canap\u00e9, petites tables d&rsquo;appoint.<\/p>\n<p>Se range et se d\u00e9place facilement.<\/p>\n","protected":false},"featured_media":5817,"comment_status":"open","ping_status":"closed","template":"","meta":[],"product_brand":[],"product_cat":[34,501],"product_tag":[116,71,139,459,118],"class_list":{"0":"post-5816","1":"product","2":"type-product","3":"status-publish","4":"has-post-thumbnail","6":"product_cat-assises-petit-mobilier","7":"product_cat-bancs-tabourets","8":"product_tag-afrique","9":"product_tag-assise","10":"product_tag-graphique","11":"product_tag-latitude-ethnique","12":"product_tag-sieges","14":"first","15":"outofstock","16":"sale","17":"taxable","18":"shipping-taxable","19":"purchasable","20":"product-type-simple"},"_links":{"self":[{"href":"https:\/\/www.latitude31n.com\/fr\/wp-json\/wp\/v2\/product\/5816","targetHints":{"allow":["GET"]}}],"collection":[{"href":"https:\/\/www.latitude31n.com\/fr\/wp-json\/wp\/v2\/product"}],"about":[{"href":"https:\/\/www.latitude31n.com\/fr\/wp-json\/wp\/v2\/types\/product"}],"replies":[{"embeddable":true,"href":"https:\/\/www.latitude31n.com\/fr\/wp-json\/wp\/v2\/comments?post=5816"}],"wp:featuredmedia":[{"embeddable":true,"href":"https:\/\/www.latitude31n.com\/fr\/wp-json\/wp\/v2\/media\/5817"}],"wp:attachment":[{"href":"https:\/\/www.latitude31n.com\/fr\/wp-json\/wp\/v2\/media?parent=5816"}],"wp:term":[{"taxonomy":"product_brand","embeddable":true,"href":"https:\/\/www.latitude31n.com\/fr\/wp-json\/wp\/v2\/product_brand?post=5816"},{"taxonomy":"product_cat","embeddable":true,"href":"https:\/\/www.latitude31n.com\/fr\/wp-json\/wp\/v2\/product_cat?post=5816"},{"taxonomy":"product_tag","embeddable":true,"href":"https:\/\/www.latitude31n.com\/fr\/wp-json\/wp\/v2\/product_tag?post=5816"}],"curies":[{"name":"wp","href":"https:\/\/api.w.org\/{rel}","templated":true}]}}