{"id":5757,"date":"2021-11-02T16:39:47","date_gmt":"2021-11-02T15:39:47","guid":{"rendered":"https:\/\/www.latitude31n.com\/?post_type=product&#038;p=5757"},"modified":"2025-04-04T17:30:04","modified_gmt":"2025-04-04T16:30:04","slug":"pagne-baoule","status":"publish","type":"product","link":"https:\/\/www.latitude31n.com\/fr\/soldes\/pagne-baoule\/","title":{"rendered":"Pagne Baoul\u00e9 bleu"},"content":{"rendered":"<h2>Pagne africain, afrochic et tendance<\/h2>\n<p>Ce<strong> pagne traditionnel<\/strong> porte le nom de la tribu Baoul\u00e9, ethnie originaire de C\u00f4te d&rsquo;Ivoire. En coton fin, ils sont tiss\u00e9s en bandes \u00e9troites qui sont ensuite assembl\u00e9es pour former un pagne rectangulaire (comme les tissus Bogolan).<\/p>\n<h2>Tissu \u00e0 d\u00e9tourner sans mod\u00e9ration<\/h2>\n<p>Ces rectangles de tissus se terminent par des franges aux deux extr\u00e9mit\u00e9s. Dans des teintes bleu indigo, surlign\u00e9es de bandes color\u00e9es, ils sont faciles \u00e0 d\u00e9tourner en <strong>serviettes de plage, plaid \u00e0 pique-nique ou bout de lit, housse de fauteuil, \u00e9tole, tenture murale ou nappe<\/strong>. On peut aussi tr\u00e8s bien les utiliser pour fabriquer des rideaux ou des coussins, et bien s\u00fbr, v\u00eatements ou accessoires. Les utilisations sont multiples, laissez parler votre cr\u00e9ativit\u00e9.<\/p>\n<p>Dimensions : environ 100&#215;140 cm<\/p>\n<p>Comme tout produit artisanal, le tissu baoul\u00e9 africain peut comporter certaines imperfections qui sont la garantie de son authenticit\u00e9 et le t\u00e9moin du travail manuel.<\/p>\n","protected":false},"excerpt":{"rendered":"<p>Pensez original pour vos serviettes ou rectangles de plage, plaid \u00e0 pique-nique, en bout de lit, jet\u00e9 de lit, \u00e9tole ou nappe en d\u00e9tournant ces <strong>pagnes bleus africains<\/strong>. On peut aussi tr\u00e8s bien les utiliser pour fabriquer des rideaux ou des coussins, et bien s\u00fbr, v\u00eatements ou accessoires.<\/p>\n<p><strong>\u00a0<\/strong><\/p>\n","protected":false},"featured_media":5767,"comment_status":"open","ping_status":"closed","template":"","meta":[],"product_brand":[],"product_cat":[598,466],"product_tag":[116,130,276,129,128,260,459,376,235,381,274,380,372],"class_list":{"0":"post-5757","1":"product","2":"type-product","3":"status-publish","4":"has-post-thumbnail","6":"product_cat-soldes","7":"product_cat-coussins-et-plaids","8":"product_tag-afrique","9":"product_tag-art-de-la-table","10":"product_tag-art-mural","11":"product_tag-cadeau-femme","12":"product_tag-cadeau-pour-elle","13":"product_tag-ethnique","14":"product_tag-latitude-ethnique","15":"product_tag-mode","16":"product_tag-multicolore","17":"product_tag-tissu","18":"product_tag-touareg","19":"product_tag-tribal","20":"product_tag-vetements","22":"first","23":"instock","24":"sale","25":"taxable","26":"shipping-taxable","27":"purchasable","28":"product-type-variable"},"_links":{"self":[{"href":"https:\/\/www.latitude31n.com\/fr\/wp-json\/wp\/v2\/product\/5757","targetHints":{"allow":["GET"]}}],"collection":[{"href":"https:\/\/www.latitude31n.com\/fr\/wp-json\/wp\/v2\/product"}],"about":[{"href":"https:\/\/www.latitude31n.com\/fr\/wp-json\/wp\/v2\/types\/product"}],"replies":[{"embeddable":true,"href":"https:\/\/www.latitude31n.com\/fr\/wp-json\/wp\/v2\/comments?post=5757"}],"wp:featuredmedia":[{"embeddable":true,"href":"https:\/\/www.latitude31n.com\/fr\/wp-json\/wp\/v2\/media\/5767"}],"wp:attachment":[{"href":"https:\/\/www.latitude31n.com\/fr\/wp-json\/wp\/v2\/media?parent=5757"}],"wp:term":[{"taxonomy":"product_brand","embeddable":true,"href":"https:\/\/www.latitude31n.com\/fr\/wp-json\/wp\/v2\/product_brand?post=5757"},{"taxonomy":"product_cat","embeddable":true,"href":"https:\/\/www.latitude31n.com\/fr\/wp-json\/wp\/v2\/product_cat?post=5757"},{"taxonomy":"product_tag","embeddable":true,"href":"https:\/\/www.latitude31n.com\/fr\/wp-json\/wp\/v2\/product_tag?post=5757"}],"curies":[{"name":"wp","href":"https:\/\/api.w.org\/{rel}","templated":true}]}}