{"id":5675,"date":"2021-10-27T12:07:15","date_gmt":"2021-10-27T11:07:15","guid":{"rendered":"https:\/\/www.latitude31n.com\/?post_type=product&#038;p=5675"},"modified":"2024-11-12T15:56:25","modified_gmt":"2024-11-12T14:56:25","slug":"corbeille-ronde-tressee-poignees","status":"publish","type":"product","link":"https:\/\/www.latitude31n.com\/fr\/paniers-rangements\/teintes-naturelles\/corbeille-ronde-tressee-poignees\/","title":{"rendered":"Corbeille ronde tress\u00e9e \u00e0 poign\u00e9es"},"content":{"rendered":"<h2>Petit panier plat traditionnel au tressage simple.<\/h2>\n<p>Le panier en palmier blanc est principalement utilis\u00e9 au Maroc pour contenir les aliments. La corbeille est circulaire avec un l\u00e9ger rebord, et poss\u00e8de deux anses tress\u00e9es en corde de palmier.<\/p>\n<p>Sans fioritures excessives, d&rsquo;une <strong>simplicit\u00e9 minimaliste<\/strong>, elle apporte une touche campagne et nature \u00e0 une table.<\/p>\n<p>Pourquoi je l&rsquo;aime :<\/p>\n<p><strong><em>C&rsquo;est le panier traditionnel simple et efficace. Il passe partout et offre un support \u00e9pur\u00e9 pour faire la part belle aux fruits ou l\u00e9gumes.<\/em><\/strong><\/p>\n<p>Pour la m\u00eame utilisation, mais de fabrication plus raffin\u00e9e, vous aimerez aussi <a href=\"\/fr\/paniers-rangements\/corbeille-a-fruits-rebord-dentelles\/\" target=\"_blank\" rel=\"noopener\">la corbeille aux bords dentelle<\/a>.<\/p>\n<p>Dimensions :<\/p>\n<p>Petite : Diam.30cm &#8212;- Moyenne : Diam. 40cm &#8212;- Grande : Diam. 50cm<\/p>\n<p>Le panier rond est un produit artisanal qui peut comporter certaines imperfections qui sont la garantie de son authenticit\u00e9.<\/p>\n","protected":false},"excerpt":{"rendered":"<p>Ce petit panier plat traditionnel au tressage simple et aux deux poign\u00e9es sur les c\u00f4t\u00e9s offre un support \u00e9pur\u00e9 pour apporter une touche campagne et nature \u00e0 une d\u00e9coration. Peut contenir des aliments, ou tout autres objets d\u00e9coratifs ou non.<\/p>\n<p>&nbsp;<\/p>\n","protected":false},"featured_media":5690,"comment_status":"open","ping_status":"closed","template":"","meta":[],"product_brand":[],"product_cat":[634,28,27],"product_tag":[130,276,161,87,366,114,462,365,307,237,80,147,82,79],"class_list":{"0":"post-5675","1":"product","2":"type-product","3":"status-publish","4":"has-post-thumbnail","6":"product_cat-teintes-naturelles","7":"product_cat-paniers-rangements","8":"product_cat-arts-table","9":"product_tag-art-de-la-table","10":"product_tag-art-mural","11":"product_tag-assiette-murale","12":"product_tag-boheme","13":"product_tag-decoration-murale","14":"product_tag-ferme","15":"product_tag-latitude-naturelle","16":"product_tag-maison-de-campagne","17":"product_tag-maison-de-vacances","18":"product_tag-minimaliste","19":"product_tag-osier","20":"product_tag-paniere","21":"product_tag-raphia","22":"product_tag-rotin","24":"first","25":"instock","26":"taxable","27":"shipping-taxable","28":"purchasable","29":"product-type-variable"},"_links":{"self":[{"href":"https:\/\/www.latitude31n.com\/fr\/wp-json\/wp\/v2\/product\/5675","targetHints":{"allow":["GET"]}}],"collection":[{"href":"https:\/\/www.latitude31n.com\/fr\/wp-json\/wp\/v2\/product"}],"about":[{"href":"https:\/\/www.latitude31n.com\/fr\/wp-json\/wp\/v2\/types\/product"}],"replies":[{"embeddable":true,"href":"https:\/\/www.latitude31n.com\/fr\/wp-json\/wp\/v2\/comments?post=5675"}],"wp:featuredmedia":[{"embeddable":true,"href":"https:\/\/www.latitude31n.com\/fr\/wp-json\/wp\/v2\/media\/5690"}],"wp:attachment":[{"href":"https:\/\/www.latitude31n.com\/fr\/wp-json\/wp\/v2\/media?parent=5675"}],"wp:term":[{"taxonomy":"product_brand","embeddable":true,"href":"https:\/\/www.latitude31n.com\/fr\/wp-json\/wp\/v2\/product_brand?post=5675"},{"taxonomy":"product_cat","embeddable":true,"href":"https:\/\/www.latitude31n.com\/fr\/wp-json\/wp\/v2\/product_cat?post=5675"},{"taxonomy":"product_tag","embeddable":true,"href":"https:\/\/www.latitude31n.com\/fr\/wp-json\/wp\/v2\/product_tag?post=5675"}],"curies":[{"name":"wp","href":"https:\/\/api.w.org\/{rel}","templated":true}]}}