{"id":5659,"date":"2021-10-26T23:49:29","date_gmt":"2021-10-26T22:49:29","guid":{"rendered":"https:\/\/www.latitude31n.com\/?post_type=product&#038;p=5659"},"modified":"2024-08-14T16:09:57","modified_gmt":"2024-08-14T15:09:57","slug":"vase-cruche-tresse","status":"publish","type":"product","link":"https:\/\/www.latitude31n.com\/fr\/decoration-maison\/vases-cache-pots\/vase-cruche-tresse\/","title":{"rendered":"Vase cruche tress\u00e9"},"content":{"rendered":"<h2><strong>Vase tress\u00e9 en osier \u00e0 poser ou \u00e0 suspendre <\/strong><\/h2>\n<p>En forme de cruche ou d&rsquo;amphore, il est fabriqu\u00e9 main en fibres naturelles de palmier <a href=\"\/fr\/doum-presentation-conseils-entretien\/\" target=\"_blank\" rel=\"noopener\"><em>doum<\/em><\/a>. Sa forme ronde lui conf\u00e8re une forme de douceur et sa poign\u00e9e sur le c\u00f4t\u00e9 confirme sa ressemblance avec une carafe.<\/p>\n<p>Le vase tress\u00e9 est id\u00e9al pour pr\u00e9senter fleurs s\u00e9ch\u00e9es ou branches et donner une touche naturelle \u00e0 tout int\u00e9rieur.<\/p>\n<h2>Vase boh\u00e8me pour un esprit maison de campagne chic<\/h2>\n<p>Le vase habillera un petit coin vide, une \u00e9tag\u00e8re ou une entr\u00e9e. C&rsquo;est un objet d\u00e9coratif qui trouvera facilement une place et qui ajoutera une touche maison de campagne selon l&#8217;emplacement ou le contenu.<\/p>\n<p>Pourquoi je l&rsquo;aime :<\/p>\n<p><strong><em>Il suffit de lui ajouter une branche ou un brin s\u00e9ch\u00e9 pour apporter une touche boh\u00e8me chic \u00e0 sa d\u00e9co.<\/em><\/strong><\/p>\n<p>Dimensions : h30x20cm, h40x25cm et h50x35cm<\/p>\n<p>Le vase tress\u00e9 en osier est un produit artisanal qui peut comporter certaines imperfections qui sont la garantie de son authenticit\u00e9.<\/p>\n","protected":false},"excerpt":{"rendered":"<p>Vase cruche tress\u00e9 main en feuilles de palmier. L&rsquo;objet d\u00e9coratif ajoutera une <strong>touche campagne ou exotique<\/strong> selon l&#8217;emplacement ou le contenu.<\/p>\n","protected":false},"featured_media":5660,"comment_status":"open","ping_status":"closed","template":"","meta":[],"product_brand":[],"product_cat":[471,467],"product_tag":[129,128,88,462,308,307,212,80,364,82,79],"class_list":{"0":"post-5659","1":"product","2":"type-product","3":"status-publish","4":"has-post-thumbnail","6":"product_cat-vases-cache-pots","7":"product_cat-decoration-maison","8":"product_tag-cadeau-femme","9":"product_tag-cadeau-pour-elle","10":"product_tag-exotique","11":"product_tag-latitude-naturelle","12":"product_tag-maison-de-plage","13":"product_tag-maison-de-vacances","14":"product_tag-mer","15":"product_tag-osier","16":"product_tag-panier","17":"product_tag-raphia","18":"product_tag-rotin","20":"first","21":"instock","22":"taxable","23":"shipping-taxable","24":"purchasable","25":"product-type-variable"},"_links":{"self":[{"href":"https:\/\/www.latitude31n.com\/fr\/wp-json\/wp\/v2\/product\/5659","targetHints":{"allow":["GET"]}}],"collection":[{"href":"https:\/\/www.latitude31n.com\/fr\/wp-json\/wp\/v2\/product"}],"about":[{"href":"https:\/\/www.latitude31n.com\/fr\/wp-json\/wp\/v2\/types\/product"}],"replies":[{"embeddable":true,"href":"https:\/\/www.latitude31n.com\/fr\/wp-json\/wp\/v2\/comments?post=5659"}],"wp:featuredmedia":[{"embeddable":true,"href":"https:\/\/www.latitude31n.com\/fr\/wp-json\/wp\/v2\/media\/5660"}],"wp:attachment":[{"href":"https:\/\/www.latitude31n.com\/fr\/wp-json\/wp\/v2\/media?parent=5659"}],"wp:term":[{"taxonomy":"product_brand","embeddable":true,"href":"https:\/\/www.latitude31n.com\/fr\/wp-json\/wp\/v2\/product_brand?post=5659"},{"taxonomy":"product_cat","embeddable":true,"href":"https:\/\/www.latitude31n.com\/fr\/wp-json\/wp\/v2\/product_cat?post=5659"},{"taxonomy":"product_tag","embeddable":true,"href":"https:\/\/www.latitude31n.com\/fr\/wp-json\/wp\/v2\/product_tag?post=5659"}],"curies":[{"name":"wp","href":"https:\/\/api.w.org\/{rel}","templated":true}]}}