{"id":5622,"date":"2021-10-07T15:19:42","date_gmt":"2021-10-07T14:19:42","guid":{"rendered":"https:\/\/www.latitude31n.com\/?post_type=product&#038;p=5622"},"modified":"2026-01-19T21:46:01","modified_gmt":"2026-01-19T20:46:01","slug":"pouf-marocain-blanc-ivoire","status":"publish","type":"product","link":"https:\/\/www.latitude31n.com\/fr\/assises-petit-mobilier\/coussins-de-sol\/pouf-marocain-blanc-ivoire\/","title":{"rendered":"Pouf marocain ivoire &#8211; livraison gratuite"},"content":{"rendered":"<p>Housse de pouf carr\u00e9 <strong>fabriqu\u00e9 \u00e0 partir d\u2019un ancien tapis Azilal<\/strong>, ces tapis dont le fond uni souvent blanc cass\u00e9 est agr\u00e9ment\u00e9 de motifs g\u00e9om\u00e9triques et graphiques color\u00e9s. Le tapis a \u00e9t\u00e9 tiss\u00e9 dans la vall\u00e9e de l\u2019Ourika par les femmes berb\u00e8res dans le milieu ou la fin du XXeme si\u00e8cle.<\/p>\n<p>En si\u00e8ge d\u2019appoint, dans une chambre d\u2019enfant, un coin lecture, sur une terrasse, ce coussin de sol \u00e9pais apporte <strong>douceur et confort<\/strong>.<\/p>\n<p>Pourquoi je l\u2019aime :<\/p>\n<p><strong><em>J&rsquo;aime beaucoup ses couleurs contrastantes et pourtant harmonieuses. Il a une vraie pr\u00e9sence tout en restant suffisamment neutre pour s&rsquo;accorder facilement dans un int\u00e9rieur.<\/em><\/strong><\/p>\n<p>L\u2019annonce concerne la housse seule, me contacter si vous voulez un coussin int\u00e9rieur.<br \/>\nPour rembourrer la housse, utilisez de la bourre, des perles de polystyr\u00e8ne ou des mat\u00e9riaux de r\u00e9cup\u00e9ration comme de vieux v\u00eatements\u2026.<\/p>\n<p>Totalement d\u00e9houssable<br \/>\nDessous couverture ancienne ou toile \u00e9paisses<br \/>\nFermeture \u00e9clair sur la face post\u00e9rieure<\/p>\n<p>Etant donn\u00e9 l\u2019anciennet\u00e9 du mat\u00e9riau, laver d\u00e9licatement avec pr\u00e9caution, de pr\u00e9f\u00e9rence \u00e0 l\u2019eau froide et laisser s\u00e9cher \u00e0 plat.<\/p>\n<p>Dimensions : 60x60x20cm<\/p>\n","protected":false},"excerpt":{"rendered":"<p>Pouf coussin de sol carr\u00e9 issu d&rsquo;un ancien tapis marocain, fond clair uni, \u00e0 la tr\u00e8s belle couleur blanche ivoire et motifs g\u00e9om\u00e9triques berb\u00e8res color\u00e9s. <strong>D\u00e9coration d\u00e9contract\u00e9e et boh\u00e8me.<\/strong><\/p>\n<p>Deux mod\u00e8les issus du m\u00eame tapis, un au design plus a\u00e9r\u00e9, quelques lignes traversent la surface. Sur le deuxi\u00e8me, dessin d&rsquo;un grand losange de diff\u00e9rentes couleurs.<\/p>\n<p><strong>Livraison gratuite\u00a0<\/strong><\/p>\n","protected":false},"featured_media":5625,"comment_status":"open","ping_status":"closed","template":"","meta":[],"product_brand":[],"product_cat":[35,34,598],"product_tag":[340,87,341,344,108,153,73,464,465,225,154,342,195,118],"class_list":{"0":"post-5622","1":"product","2":"type-product","3":"status-publish","4":"has-post-thumbnail","6":"product_cat-coussins-de-sol","7":"product_cat-assises-petit-mobilier","8":"product_cat-soldes","9":"product_tag-assises","10":"product_tag-boheme","11":"product_tag-canape","12":"product_tag-chambre-dado","13":"product_tag-chambre-denfant","14":"product_tag-contemporain","15":"product_tag-enfant","16":"product_tag-latitude-soft","17":"product_tag-latitude-vintage","18":"product_tag-matelas","19":"product_tag-moderne","20":"product_tag-salle-de-jeux","21":"product_tag-salon","22":"product_tag-sieges","24":"first","25":"instock","26":"sale","27":"taxable","28":"shipping-taxable","29":"purchasable","30":"product-type-variable"},"_links":{"self":[{"href":"https:\/\/www.latitude31n.com\/fr\/wp-json\/wp\/v2\/product\/5622","targetHints":{"allow":["GET"]}}],"collection":[{"href":"https:\/\/www.latitude31n.com\/fr\/wp-json\/wp\/v2\/product"}],"about":[{"href":"https:\/\/www.latitude31n.com\/fr\/wp-json\/wp\/v2\/types\/product"}],"replies":[{"embeddable":true,"href":"https:\/\/www.latitude31n.com\/fr\/wp-json\/wp\/v2\/comments?post=5622"}],"wp:featuredmedia":[{"embeddable":true,"href":"https:\/\/www.latitude31n.com\/fr\/wp-json\/wp\/v2\/media\/5625"}],"wp:attachment":[{"href":"https:\/\/www.latitude31n.com\/fr\/wp-json\/wp\/v2\/media?parent=5622"}],"wp:term":[{"taxonomy":"product_brand","embeddable":true,"href":"https:\/\/www.latitude31n.com\/fr\/wp-json\/wp\/v2\/product_brand?post=5622"},{"taxonomy":"product_cat","embeddable":true,"href":"https:\/\/www.latitude31n.com\/fr\/wp-json\/wp\/v2\/product_cat?post=5622"},{"taxonomy":"product_tag","embeddable":true,"href":"https:\/\/www.latitude31n.com\/fr\/wp-json\/wp\/v2\/product_tag?post=5622"}],"curies":[{"name":"wp","href":"https:\/\/api.w.org\/{rel}","templated":true}]}}