{"id":5577,"date":"2021-10-01T15:08:04","date_gmt":"2021-10-01T14:08:04","guid":{"rendered":"https:\/\/www.latitude31n.com\/?post_type=product&#038;p=5577"},"modified":"2026-02-12T13:56:40","modified_gmt":"2026-02-12T12:56:40","slug":"table-basse-ethnique-ancienne","status":"publish","type":"product","link":"https:\/\/www.latitude31n.com\/fr\/assises-petit-mobilier\/table-basse-ethnique-ancienne\/","title":{"rendered":"Table basse ethnique ancienne"},"content":{"rendered":"<h2>Tables marocaines en bois vintage<\/h2>\n<p>Ces petites tables basses rondes en bois ressemblent \u00e0 des plateaux sur pieds. Le plateau pr\u00e9sente un large rebord mont\u00e9 sur une large base et quatre pieds sculpt\u00e9s.<\/p>\n<p>Celles-ci sont vintage et portent les marques de leur utilisation. Si vous cherchez \u00e0 ajouter une note ethnique, authentique et chaleureuse \u00e0 votre salon, n&rsquo;h\u00e9sitez pas. Les petites tables circulaires sont \u00e9galement magnifiques en guise de tables de chevet. Et petit plus toujours agr\u00e9able, elles sont facilement transportables.<\/p>\n<h2>Un artisanat traditionnel et populaire<\/h2>\n<p>Les plateaux-tables \u00e9taient utilis\u00e9es pour pr\u00e9parer le pain ou pour servir le th\u00e9 aux invit\u00e9s. D\u00e9finitivement une table de tous les jours, elle \u00e9tait destin\u00e9e \u00e0 la classe populaire.<\/p>\n<p>Pourquoi je les aime :<\/p>\n<p><strong><em>Ce petit meuble au d\u00e9part sans pr\u00e9tention, utilis\u00e9 par la population rurale, devient un v\u00e9ritable \u00e9l\u00e9ment de valeur dans un int\u00e9rieur ethnique chic. J&rsquo;aime ce paradoxe, et qu&rsquo;on puisse redonner une vie \u00e0 des \u00ab\u00a0vieilleries\u00a0\u00bb.<\/em><\/strong><\/p>\n<p>Dimensions : environ 50xh30cm.<\/p>\n<p>Elles portent des marques d&rsquo;utilisation et d&rsquo;usure (pieds pas toujours droits, planches avec des jours, \u00e9rosion et coups..) qui, selon moi, font tout le charme de la table en bois et qui sont \u00e9galement la garantie de leur authenticit\u00e9. <strong>Demandez-moi pour plus de photos, vid\u00e9os et d\u00e9tails.<\/strong><\/p>\n","protected":false},"excerpt":{"rendered":"<p>Ces petites tables basses rondes en bois ressemblent \u00e0 des plateaux sur pieds avec leur large rebord. Vintage, elles portent les marques de leur utilisation (la perfection de l&rsquo;imperfection) et ajoutent une note ethnique, authentique et chaleureuse \u00e0 votre salon ou chambre.<\/p>\n","protected":false},"featured_media":20242,"comment_status":"open","ping_status":"closed","template":"","meta":[],"product_brand":[],"product_cat":[34],"product_tag":[116,331,329,153,459,465,899,328,173],"class_list":{"0":"post-5577","1":"product","2":"type-product","3":"status-publish","4":"has-post-thumbnail","6":"product_cat-assises-petit-mobilier","7":"product_tag-afrique","8":"product_tag-antiquite","9":"product_tag-bois-ancien","10":"product_tag-contemporain","11":"product_tag-latitude-ethnique","12":"product_tag-latitude-vintage","13":"product_tag-no-us","14":"product_tag-plat","15":"product_tag-plateau","17":"first","18":"instock","19":"taxable","20":"shipping-taxable","21":"purchasable","22":"product-type-simple"},"_links":{"self":[{"href":"https:\/\/www.latitude31n.com\/fr\/wp-json\/wp\/v2\/product\/5577","targetHints":{"allow":["GET"]}}],"collection":[{"href":"https:\/\/www.latitude31n.com\/fr\/wp-json\/wp\/v2\/product"}],"about":[{"href":"https:\/\/www.latitude31n.com\/fr\/wp-json\/wp\/v2\/types\/product"}],"replies":[{"embeddable":true,"href":"https:\/\/www.latitude31n.com\/fr\/wp-json\/wp\/v2\/comments?post=5577"}],"wp:featuredmedia":[{"embeddable":true,"href":"https:\/\/www.latitude31n.com\/fr\/wp-json\/wp\/v2\/media\/20242"}],"wp:attachment":[{"href":"https:\/\/www.latitude31n.com\/fr\/wp-json\/wp\/v2\/media?parent=5577"}],"wp:term":[{"taxonomy":"product_brand","embeddable":true,"href":"https:\/\/www.latitude31n.com\/fr\/wp-json\/wp\/v2\/product_brand?post=5577"},{"taxonomy":"product_cat","embeddable":true,"href":"https:\/\/www.latitude31n.com\/fr\/wp-json\/wp\/v2\/product_cat?post=5577"},{"taxonomy":"product_tag","embeddable":true,"href":"https:\/\/www.latitude31n.com\/fr\/wp-json\/wp\/v2\/product_tag?post=5577"}],"curies":[{"name":"wp","href":"https:\/\/api.w.org\/{rel}","templated":true}]}}