{"id":5564,"date":"2021-09-30T13:37:53","date_gmt":"2021-09-30T12:37:53","guid":{"rendered":"https:\/\/www.latitude31n.com\/?post_type=product&#038;p=5564"},"modified":"2024-02-08T18:34:56","modified_gmt":"2024-02-08T17:34:56","slug":"chapeau-africain-ancien","status":"publish","type":"product","link":"https:\/\/www.latitude31n.com\/fr\/decoration-murale\/chapeaux\/chapeau-africain-ancien\/","title":{"rendered":"Chapeau africain ancien"},"content":{"rendered":"<h2><strong>Chapeau ethnique pointu : un voyage au coeur de l&rsquo;Afrique<\/strong><\/h2>\n<p>Ce magnifique chapeau est un couvre-chef ancien du Mali, traditionnellement port\u00e9 par les bergers. La coiffe est en paille tress\u00e9e et d\u00e9cor\u00e9e de pi\u00e8ces de cuir patin\u00e9. Diff\u00e9rentes teintes de cuir, et de paille, dans des tons chauds rappelant la terre et les mati\u00e8res naturelles.\u00a0 Un design tribal unique et int\u00e9ressant.<\/p>\n<h2>D\u00e9co murale d&rsquo;ambiance tribale<\/h2>\n<p>Au-del\u00e0 d&rsquo;un simple couvre-chef, ce chapeau au look vintage devient une v\u00e9ritable \u0153uvre d&rsquo;art murale ethnique. Sa forme distinctive et son design ajoutent une ambiance tribale authentique \u00e0 votre espace.<\/p>\n<p>Pourquoi je l&rsquo;aime :<\/p>\n<p><strong><em>C&rsquo;est le genre d&rsquo;objet que j&rsquo;affectionne particuli\u00e8rement. Il me transpose directement dans un autre monde et un autre temps. En plus, il ressemble un peu au couvercle du tajine \ud83d\ude42<\/em><\/strong><\/p>\n<p>Dimensions : diam\u00e8tre 35xh20 cm<\/p>\n<p>Comme tout produit artisanal, la coiffe tribale peut comporter certaines imperfections qui sont la garantie de son authenticit\u00e9.<\/p>\n","protected":false},"excerpt":{"rendered":"<p>Magnifique coiffe au look vintage de forme pointue, en paille tress\u00e9 et cuir patin\u00e9. Pour une d\u00e9coration murale ethnique chic rappelant le voyage.<\/p>\n","protected":false},"featured_media":22572,"comment_status":"open","ping_status":"closed","template":"","meta":[],"product_brand":[],"product_cat":[499,23],"product_tag":[116,276,162,215,214,459,140,326,164,274],"class_list":{"0":"post-5564","1":"product","2":"type-product","3":"status-publish","4":"has-post-thumbnail","6":"product_cat-chapeaux","7":"product_cat-decoration-murale","8":"product_tag-afrique","9":"product_tag-art-mural","10":"product_tag-binga","11":"product_tag-coiffe","12":"product_tag-couvre-chef","13":"product_tag-latitude-ethnique","14":"product_tag-ornement","15":"product_tag-piece-unique","16":"product_tag-tonga","17":"product_tag-touareg","19":"first","20":"instock","21":"taxable","22":"shipping-taxable","23":"purchasable","24":"product-type-simple"},"_links":{"self":[{"href":"https:\/\/www.latitude31n.com\/fr\/wp-json\/wp\/v2\/product\/5564","targetHints":{"allow":["GET"]}}],"collection":[{"href":"https:\/\/www.latitude31n.com\/fr\/wp-json\/wp\/v2\/product"}],"about":[{"href":"https:\/\/www.latitude31n.com\/fr\/wp-json\/wp\/v2\/types\/product"}],"replies":[{"embeddable":true,"href":"https:\/\/www.latitude31n.com\/fr\/wp-json\/wp\/v2\/comments?post=5564"}],"wp:featuredmedia":[{"embeddable":true,"href":"https:\/\/www.latitude31n.com\/fr\/wp-json\/wp\/v2\/media\/22572"}],"wp:attachment":[{"href":"https:\/\/www.latitude31n.com\/fr\/wp-json\/wp\/v2\/media?parent=5564"}],"wp:term":[{"taxonomy":"product_brand","embeddable":true,"href":"https:\/\/www.latitude31n.com\/fr\/wp-json\/wp\/v2\/product_brand?post=5564"},{"taxonomy":"product_cat","embeddable":true,"href":"https:\/\/www.latitude31n.com\/fr\/wp-json\/wp\/v2\/product_cat?post=5564"},{"taxonomy":"product_tag","embeddable":true,"href":"https:\/\/www.latitude31n.com\/fr\/wp-json\/wp\/v2\/product_tag?post=5564"}],"curies":[{"name":"wp","href":"https:\/\/api.w.org\/{rel}","templated":true}]}}