{"id":5454,"date":"2021-09-27T13:17:15","date_gmt":"2021-09-27T12:17:15","guid":{"rendered":"https:\/\/www.latitude31n.com\/?post_type=product&#038;p=5454"},"modified":"2025-12-04T20:46:45","modified_gmt":"2025-12-04T19:46:45","slug":"chapeau-boheme-frange","status":"publish","type":"product","link":"https:\/\/www.latitude31n.com\/fr\/decoration-murale\/chapeaux\/chapeau-boheme-frange\/","title":{"rendered":"Chapeau boh\u00e8me frang\u00e9"},"content":{"rendered":"<h2><strong>Le chapeau marocain r\u00e9interpr\u00e9t\u00e9 version boh\u00e8me<\/strong><\/h2>\n<p><a href=\"\/fr\/histoire\/les-partenaires\/\" target=\"_blank\" rel=\"noopener\">Nos artisans<\/a> les tressent \u00e0 la main avec des feuilles de palmier blanc naturel. Les larges bords se terminent par des brins de palmier tout autour du chapeau. Il ressemble \u00e0 un soleil.<\/p>\n<h2>Grand chapeau pour une d\u00e9co murale impressionnante<\/h2>\n<p>A accrocher sur le mur, ses teintes neutres et apaisantes s&rsquo;accordent dans tout int\u00e9rieur boh\u00e8me, scandinave ou ethnique. Superbe \u00e9galement sur une terrasse ou un patio.<\/p>\n<p>Pourquoi je l&rsquo;aime :<\/p>\n<p><strong><em>Tel un soleil, avec sa couleur presque blanche et ses franges voletant tout autour, il apporte une v\u00e9ritable touche boh\u00e8me et vacances.<\/em><\/strong><\/p>\n<p>Dimensions :<\/p>\n<p>4 tailles disponibles : environ 40, 60, 80 et 100 cm &#8211; parfois un peu plus petit, parfois un peu plus grand.<\/p>\n<p>Ce chapeau a \u00e9t\u00e9 fabriqu\u00e9 artisanalement, il peut comporter certaines imperfections qui sont la garantie de son authenticit\u00e9. gmc<\/p>\n","protected":false},"excerpt":{"rendered":"<p>Une v\u00e9ritable touche boh\u00e8me et vacances avec ce chapeau \u00e0 franges aux teintes douces et neutres.<br \/>\nA accrocher au mur, tel un soleil, il a une pr\u00e9sence incroyable.<\/p>\n<ul>\n<li>Diam\u00e8tres 40, 60, 80 ou 100cm (sans les franges)<\/li>\n<li>En feuilles de palmier tr\u00e8s clair<\/li>\n<li>Fabrication artisanale marocaine<\/li>\n<\/ul>\n","protected":false},"featured_media":5459,"comment_status":"open","ping_status":"closed","template":"","meta":[],"product_brand":[],"product_cat":[499,23],"product_tag":[276,87,211,214,88,84,464],"class_list":{"0":"post-5454","1":"product","2":"type-product","3":"status-publish","4":"has-post-thumbnail","6":"product_cat-chapeaux","7":"product_cat-decoration-murale","8":"product_tag-art-mural","9":"product_tag-boheme","10":"product_tag-capeline","11":"product_tag-couvre-chef","12":"product_tag-exotique","13":"product_tag-franges","14":"product_tag-latitude-soft","16":"first","17":"instock","18":"taxable","19":"shipping-taxable","20":"purchasable","21":"product-type-variable"},"_links":{"self":[{"href":"https:\/\/www.latitude31n.com\/fr\/wp-json\/wp\/v2\/product\/5454","targetHints":{"allow":["GET"]}}],"collection":[{"href":"https:\/\/www.latitude31n.com\/fr\/wp-json\/wp\/v2\/product"}],"about":[{"href":"https:\/\/www.latitude31n.com\/fr\/wp-json\/wp\/v2\/types\/product"}],"replies":[{"embeddable":true,"href":"https:\/\/www.latitude31n.com\/fr\/wp-json\/wp\/v2\/comments?post=5454"}],"wp:featuredmedia":[{"embeddable":true,"href":"https:\/\/www.latitude31n.com\/fr\/wp-json\/wp\/v2\/media\/5459"}],"wp:attachment":[{"href":"https:\/\/www.latitude31n.com\/fr\/wp-json\/wp\/v2\/media?parent=5454"}],"wp:term":[{"taxonomy":"product_brand","embeddable":true,"href":"https:\/\/www.latitude31n.com\/fr\/wp-json\/wp\/v2\/product_brand?post=5454"},{"taxonomy":"product_cat","embeddable":true,"href":"https:\/\/www.latitude31n.com\/fr\/wp-json\/wp\/v2\/product_cat?post=5454"},{"taxonomy":"product_tag","embeddable":true,"href":"https:\/\/www.latitude31n.com\/fr\/wp-json\/wp\/v2\/product_tag?post=5454"}],"curies":[{"name":"wp","href":"https:\/\/api.w.org\/{rel}","templated":true}]}}