{"id":535,"date":"2021-05-28T09:18:56","date_gmt":"2021-05-28T08:18:56","guid":{"rendered":"https:\/\/www.latitude31n.com\/?post_type=product&#038;p=535"},"modified":"2025-07-10T14:48:34","modified_gmt":"2025-07-10T13:48:34","slug":"abat-jour-suspendue-naturelle-tressee","status":"publish","type":"product","link":"https:\/\/www.latitude31n.com\/fr\/luminaires\/abat-jour-suspendue-naturelle-tressee\/","title":{"rendered":"Abat-jour r\u00e9tro boh\u00e8me"},"content":{"rendered":"<h2>Suspension rotin romantique<\/h2>\n<p>Tr\u00e8s originale, cette suspension ronde au look r\u00e9tro romantique avec sa finition festonn\u00e9e. Le luminaire en forme de d\u00f4me est tress\u00e9 main par les artisans du Maroc. Le tressage large est particuli\u00e8rement \u00e9l\u00e9gant et laisse agr\u00e9ablement passer la lumi\u00e8re.<\/p>\n<h2>Pour une d\u00e9co d\u00e9cal\u00e9e au look boh\u00e8me et vintage<\/h2>\n<p>Pour des espaces o\u00f9 la visibilit\u00e9 est demand\u00e9e.<\/p>\n<p>Pourquoi je l&rsquo;aime :<\/p>\n<p><em><strong>son petit look r\u00e9tro \u00ab\u00a0abat-jour de grand-m\u00e8re\u00a0\u00bb.<\/strong><\/em><\/p>\n<p>Dimensions :<br \/>\nM : \u00f845xh30 cm<br \/>\nL : \u00f860\/70xh40cm<\/p>\n<p>Cette suspension est artisanale et unique. Elle peut comporter certaines irr\u00e9gularit\u00e9s qui en font tout le charme. Il peut y avoir de l\u00e9g\u00e8res variations dans la forme, la dimension ou la couleur, selon la condition de la mati\u00e8re. La couleur est souvent verte quand la mati\u00e8re est jeune et devient de plus en plus jaune ou bronz\u00e9e, avec le temps et le soleil.<\/p>\n<p>Conseils<\/p>\n<p>* Si vous la trouvez trop verte, pour acc\u00e9l\u00e9rer le jaunissement de la fibre, laissez la suspension au soleil pendant quelques jours.<br \/>\n* La fibre d&rsquo;alfa, herbe m\u00e9diterran\u00e9enne utilis\u00e9e pour la confection de ces luminaires, est mall\u00e9able. Si elle a \u00e9t\u00e9 pli\u00e9e pendant le transport et conserve la forme due au transport, la laisser quelques heures au sol le temps qu&rsquo;elle reprenne sa forme habituelle. Si ce n&rsquo;est pas le cas, vous pouvez l&rsquo;asperger l\u00e9g\u00e8rement et l&rsquo;aider avec des poids.<\/p>\n<p>Le luminaire ne comporte pas de syst\u00e8me \u00e9lectrique.<br \/>\nUne anse est pr\u00e9vue pour l&rsquo;accrocher. Pour plus de conseils sur l&rsquo;installation, veuillez consulter notre <a href=\"\/fr\/installer-suspension-paille\/\" target=\"_blank\" rel=\"noopener\">article sur les diff\u00e9rentes m\u00e9thodes d&rsquo;accroche de nos suspensions<\/a>.<\/p>\n","protected":false},"excerpt":{"rendered":"<p>Jolie suspension paille \u00e0 la finition festonn\u00e9e originale<\/p>\n<ul>\n<li>2 tailles<\/li>\n<li>look abat-jour ancien<\/li>\n<li>fait main en paille <em>doum<\/em><\/li>\n<\/ul>\n","protected":false},"featured_media":31698,"comment_status":"open","ping_status":"closed","template":"","meta":[],"product_brand":[],"product_cat":[22,894],"product_tag":[461],"class_list":{"0":"post-535","1":"product","2":"type-product","3":"status-publish","4":"has-post-thumbnail","6":"product_cat-luminaires","7":"product_cat-suspension-paille","8":"product_tag-latitude-lumineuse","10":"first","11":"instock","12":"taxable","13":"shipping-taxable","14":"purchasable","15":"product-type-variable"},"_links":{"self":[{"href":"https:\/\/www.latitude31n.com\/fr\/wp-json\/wp\/v2\/product\/535","targetHints":{"allow":["GET"]}}],"collection":[{"href":"https:\/\/www.latitude31n.com\/fr\/wp-json\/wp\/v2\/product"}],"about":[{"href":"https:\/\/www.latitude31n.com\/fr\/wp-json\/wp\/v2\/types\/product"}],"replies":[{"embeddable":true,"href":"https:\/\/www.latitude31n.com\/fr\/wp-json\/wp\/v2\/comments?post=535"}],"wp:featuredmedia":[{"embeddable":true,"href":"https:\/\/www.latitude31n.com\/fr\/wp-json\/wp\/v2\/media\/31698"}],"wp:attachment":[{"href":"https:\/\/www.latitude31n.com\/fr\/wp-json\/wp\/v2\/media?parent=535"}],"wp:term":[{"taxonomy":"product_brand","embeddable":true,"href":"https:\/\/www.latitude31n.com\/fr\/wp-json\/wp\/v2\/product_brand?post=535"},{"taxonomy":"product_cat","embeddable":true,"href":"https:\/\/www.latitude31n.com\/fr\/wp-json\/wp\/v2\/product_cat?post=535"},{"taxonomy":"product_tag","embeddable":true,"href":"https:\/\/www.latitude31n.com\/fr\/wp-json\/wp\/v2\/product_tag?post=535"}],"curies":[{"name":"wp","href":"https:\/\/api.w.org\/{rel}","templated":true}]}}