{"id":532,"date":"2021-05-27T10:18:58","date_gmt":"2021-05-27T09:18:58","guid":{"rendered":"https:\/\/www.latitude31n.com\/?post_type=product&#038;p=532"},"modified":"2026-01-19T15:57:09","modified_gmt":"2026-01-19T14:57:09","slug":"suspension-naturelle-parasol-tressage-ouvert","status":"publish","type":"product","link":"https:\/\/www.latitude31n.com\/fr\/luminaires\/suspension-naturelle-parasol-tressage-ouvert\/","title":{"rendered":"Suspension naturelle parasol tressage ouvert"},"content":{"rendered":"<h2>Suspension rotin forme parasol tress\u00e9 \u00e0 la main.<\/h2>\n<p>Avec de jolis brins de paille retombant tout autour, elle \u00e9voque tout de suite les bords de mer et les plages paradisiaques.<\/p>\n<p>Le tressage ajour\u00e9 lui offre un design l\u00e9ger et contemporain, pour une atmosph\u00e8re boh\u00e8me tropical. Donnez un esprit de vacances ou de bord de mer gr\u00e2ce \u00e0 cette suspension passe-partout.<\/p>\n<h2>Luminaire pour une d\u00e9co boh\u00e8me chic<\/h2>\n<p>Ce luminaire nomade est en fibres v\u00e9g\u00e9tales naturelles, cette herbe m\u00e9diterran\u00e9enne appel\u00e9e <a href=\"\/fr\/doum-presentation-conseils-entretien\/\" target=\"_blank\" rel=\"noopener\"><em>doum<\/em><\/a> ou alfa, une fibre robuste et r\u00e9sistante.<\/p>\n<p>Pourquoi je l&rsquo;aime :<\/p>\n<p><strong><em>Gr\u00e2ce \u00e0 son design ouvert et a\u00e9rien, on peut prendre une grande taille m\u00eame dans un petit espace.<\/em><\/strong><\/p>\n<p>De m\u00eame forme, mais avec un tressage plein, vous aimerez aussi la <a href=\"\/fr\/luminaires\/suspension-parasol-80cm\/\">version 80cm<\/a> ou la <a href=\"\/fr\/luminaires\/grande-suspension-tressee-parasol-1m\/\" target=\"_blank\" rel=\"noopener\">version extra-large<\/a>.<\/p>\n<p>Plusieurs dimensions, 2 techniques de tressage diff\u00e9rentes<\/p>\n<p>Cette suspension est artisanale et unique. Elle peut comporter certaines irr\u00e9gularit\u00e9s qui en font tout le charme. Il peut y avoir de l\u00e9g\u00e8res variations dans la forme, la dimension ou la couleur, selon la condition de la mati\u00e8re. La couleur est souvent verte quand la mati\u00e8re est jeune et devient de plus en plus jaune ou bronz\u00e9e, avec le temps et le soleil.<\/p>\n<p>C\u00e2ble \u00e9lectrique non compris.<br \/>\nUne anse est pr\u00e9vue pour l&rsquo;accrocher. Pour plus de conseils sur l&rsquo;installation, veuillez consulter notre <a href=\"\/fr\/installer-suspension-paille\/\" target=\"_blank\" rel=\"noopener\">article sur les diff\u00e9rentes m\u00e9thodes d&rsquo;accroche de nos suspensions<\/a>.<\/p>\n<p>Conseils<\/p>\n<p>Pour plus de conseils et d&rsquo;informations sur la mati\u00e8re de la suspension, vous pouvez consulter <a href=\"\/fr\/doum-presentation-conseils-entretien\/\" target=\"_blank\" rel=\"noopener\">notre article sur le <em>doum<\/em><\/a>.<\/p>\n<p>* Pour acc\u00e9l\u00e9rer le jaunissement de la fibre, laisser la suspension au soleil pendant quelques jours.<br \/>\n* La fibre d&rsquo;alfa, herbe m\u00e9diterran\u00e9enne utilis\u00e9e pour la confection de ces luminaires, est mall\u00e9able. Si elle a \u00e9t\u00e9 pli\u00e9e pendant le transport et conserve la forme due au transport, la laisser quelques heures au sol le temps qu&rsquo;elle reprenne sa forme habituelle. Si ce n&rsquo;est pas le cas, vous pouvez l&rsquo;asperger l\u00e9g\u00e8rement et l&rsquo;aider avec des poids ou des gabarits.<\/p>\n<p>&nbsp;<\/p>\n","protected":false},"excerpt":{"rendered":"<p>Donnez un esprit de vacances ou de bord de mer gr\u00e2ce \u00e0 cette suspension au look a\u00e9rien.<\/p>\n","protected":false},"featured_media":149,"comment_status":"open","ping_status":"closed","template":"","meta":[],"product_brand":[],"product_cat":[22,598,894],"product_tag":[83,360,84,85,461,308,307,212,423,80,82,79],"class_list":{"0":"post-532","1":"product","2":"type-product","3":"status-publish","4":"has-post-thumbnail","6":"product_cat-luminaires","7":"product_cat-soldes","8":"product_cat-suspension-paille","9":"product_tag-brins","10":"product_tag-chandelier","11":"product_tag-franges","12":"product_tag-lampe","13":"product_tag-latitude-lumineuse","14":"product_tag-maison-de-plage","15":"product_tag-maison-de-vacances","16":"product_tag-mer","17":"product_tag-nomade","18":"product_tag-osier","19":"product_tag-raphia","20":"product_tag-rotin","22":"first","23":"instock","24":"sale","25":"taxable","26":"shipping-taxable","27":"purchasable","28":"product-type-variable"},"_links":{"self":[{"href":"https:\/\/www.latitude31n.com\/fr\/wp-json\/wp\/v2\/product\/532","targetHints":{"allow":["GET"]}}],"collection":[{"href":"https:\/\/www.latitude31n.com\/fr\/wp-json\/wp\/v2\/product"}],"about":[{"href":"https:\/\/www.latitude31n.com\/fr\/wp-json\/wp\/v2\/types\/product"}],"replies":[{"embeddable":true,"href":"https:\/\/www.latitude31n.com\/fr\/wp-json\/wp\/v2\/comments?post=532"}],"wp:featuredmedia":[{"embeddable":true,"href":"https:\/\/www.latitude31n.com\/fr\/wp-json\/wp\/v2\/media\/149"}],"wp:attachment":[{"href":"https:\/\/www.latitude31n.com\/fr\/wp-json\/wp\/v2\/media?parent=532"}],"wp:term":[{"taxonomy":"product_brand","embeddable":true,"href":"https:\/\/www.latitude31n.com\/fr\/wp-json\/wp\/v2\/product_brand?post=532"},{"taxonomy":"product_cat","embeddable":true,"href":"https:\/\/www.latitude31n.com\/fr\/wp-json\/wp\/v2\/product_cat?post=532"},{"taxonomy":"product_tag","embeddable":true,"href":"https:\/\/www.latitude31n.com\/fr\/wp-json\/wp\/v2\/product_tag?post=532"}],"curies":[{"name":"wp","href":"https:\/\/api.w.org\/{rel}","templated":true}]}}