{"id":529,"date":"2021-05-28T09:18:56","date_gmt":"2021-05-28T08:18:56","guid":{"rendered":"https:\/\/www.latitude31n.com\/?post_type=product&#038;p=529"},"modified":"2026-03-18T17:26:49","modified_gmt":"2026-03-18T16:26:49","slug":"luminaire-tresse-grande-taille","status":"publish","type":"product","link":"https:\/\/www.latitude31n.com\/fr\/luminaires\/luminaire-tresse-grande-taille\/","title":{"rendered":"La G\u00e9ante : luminaire c\u00f4ne grande taille"},"content":{"rendered":"<h2><strong>Grande suspension boh\u00e8me\u00a0<\/strong><\/h2>\n<p>Haut plafond exig\u00e9 avec cette grande suspension en forme de c\u00f4ne. La lampe est r\u00e9alis\u00e9e artisanalement au Maroc par les artisans vanniers<\/p>\n<p>La ligne classique est tr\u00e8s \u00e9l\u00e9gante avec ses franges qui retombent al\u00e9atoirement, ce qui lui conf\u00e8re un look a\u00e9rien, tr\u00e8s l\u00e9ger.<\/p>\n<h2>Luminaire imposant pour grands espaces ou hauts plafonds<\/h2>\n<p>Ce luminaire marocain XL donnera une belle touche boh\u00e8me chic \u00e0 un int\u00e9rieur ou une terrasse. Le lustre sera aussi superbe dans une maison de vacances, en bord de mer ou dans un restaurant. Avec sa taille hors norme, il capte l&rsquo;attention!<\/p>\n<p>Pourquoi je l&rsquo;aime :<\/p>\n<p><strong><em>Elle est g\u00e9ante! Pour grands espaces ou en guise de pi\u00e8ce ma\u00eetresse.<\/em><\/strong><\/p>\n<p>3 dimensions disponibles : h60, h70 et h80cm, Pour les plus petits espaces, RDV avec nos <a href=\"\/fr\/luminaires\/suspension-cone-tressee\/\" target=\"_blank\" rel=\"noopener\">suspensions c\u00f4ne classiques<\/a>.<\/p>\n<p>La lumi\u00e8re est bien diffus\u00e9e en-dessous de la suspension, et malgr\u00e9 la mati\u00e8re assez \u00e9paisse, elle laisse bien passer la lumi\u00e8re.<\/p>\n<p>Cette suspension est artisanale et unique. Elle peut comporter certaines irr\u00e9gularit\u00e9s qui en font tout le charme. Il peut y avoir de l\u00e9g\u00e8res variations dans la forme, la dimension ou la couleur, selon la condition de la mati\u00e8re. La couleur est souvent verte quand la mati\u00e8re est jeune et devient de plus en plus jaune ou bronz\u00e9e, avec le temps et le soleil.<\/p>\n<h6>Conseils &#8211; plus d&rsquo;infos sur <a href=\"\/fr\/doum-presentation-conseils-entretien\/\" target=\"_blank\" rel=\"noopener\">la page d\u00e9di\u00e9e sur notre blog<\/a><\/h6>\n<p>* Pour acc\u00e9l\u00e9rer le jaunissement de la fibre, laisser la suspension au soleil pendant quelques jours.<br \/>\n* La fibre d&rsquo;alfa, herbe m\u00e9diterran\u00e9enne utilis\u00e9e pour la confection de ces luminaires, est mall\u00e9able. Si elle a \u00e9t\u00e9 pli\u00e9e pendant le transport et conserve la forme due au transport, la laisser quelques heures au sol le temps qu&rsquo;elle reprenne sa forme habituelle. Si ce n&rsquo;est pas le cas, vous pouvez l&rsquo;asperger l\u00e9g\u00e8rement et l&rsquo;aider avec des poids ou des gabarits.<\/p>\n<p>C\u00e2ble \u00e9lectrique non compris, il suffit de passer le fil dans l&rsquo;ouverture pr\u00e9vue \u00e0 cet effet. Pour l&rsquo;accrocher, j&rsquo;utilise une jolie ficelle de chanvre que je fixe au plafond et \u00e0 la poign\u00e9e de l&rsquo;abat-jour.<\/p>\n<p>&nbsp;<\/p>\n","protected":false},"excerpt":{"rendered":"<p>La suspension c\u00f4ne naturelle en version XXL. Tress\u00e9e main au Maroc, elle apporte la touche exotique et boh\u00e8me chic et un effet \u00ab\u00a0Waouh\u00a0\u00bb appr\u00e9ciatif.<\/p>\n<ul>\n<li>Pour hauts plafonds et grands espaces<\/li>\n<li>3 hauteurs : 60, 70 et 80 cm<\/li>\n<li>Forme c\u00f4ne<\/li>\n<li>Mati\u00e8res naturelle <em>doum<\/em><\/li>\n<\/ul>\n","protected":false},"featured_media":106,"comment_status":"open","ping_status":"closed","template":"","meta":[],"product_brand":[],"product_cat":[22,894],"product_tag":[83,360,88,461,308,307,212,899,423,80,82,79],"class_list":{"0":"post-529","1":"product","2":"type-product","3":"status-publish","4":"has-post-thumbnail","6":"product_cat-luminaires","7":"product_cat-suspension-paille","8":"product_tag-brins","9":"product_tag-chandelier","10":"product_tag-exotique","11":"product_tag-latitude-lumineuse","12":"product_tag-maison-de-plage","13":"product_tag-maison-de-vacances","14":"product_tag-mer","15":"product_tag-no-us","16":"product_tag-nomade","17":"product_tag-osier","18":"product_tag-raphia","19":"product_tag-rotin","21":"first","22":"instock","23":"taxable","24":"shipping-taxable","25":"purchasable","26":"product-type-variable"},"_links":{"self":[{"href":"https:\/\/www.latitude31n.com\/fr\/wp-json\/wp\/v2\/product\/529","targetHints":{"allow":["GET"]}}],"collection":[{"href":"https:\/\/www.latitude31n.com\/fr\/wp-json\/wp\/v2\/product"}],"about":[{"href":"https:\/\/www.latitude31n.com\/fr\/wp-json\/wp\/v2\/types\/product"}],"replies":[{"embeddable":true,"href":"https:\/\/www.latitude31n.com\/fr\/wp-json\/wp\/v2\/comments?post=529"}],"wp:featuredmedia":[{"embeddable":true,"href":"https:\/\/www.latitude31n.com\/fr\/wp-json\/wp\/v2\/media\/106"}],"wp:attachment":[{"href":"https:\/\/www.latitude31n.com\/fr\/wp-json\/wp\/v2\/media?parent=529"}],"wp:term":[{"taxonomy":"product_brand","embeddable":true,"href":"https:\/\/www.latitude31n.com\/fr\/wp-json\/wp\/v2\/product_brand?post=529"},{"taxonomy":"product_cat","embeddable":true,"href":"https:\/\/www.latitude31n.com\/fr\/wp-json\/wp\/v2\/product_cat?post=529"},{"taxonomy":"product_tag","embeddable":true,"href":"https:\/\/www.latitude31n.com\/fr\/wp-json\/wp\/v2\/product_tag?post=529"}],"curies":[{"name":"wp","href":"https:\/\/api.w.org\/{rel}","templated":true}]}}