{"id":5150,"date":"2021-09-11T15:34:25","date_gmt":"2021-09-11T14:34:25","guid":{"rendered":"https:\/\/www.latitude31n.com\/?post_type=product&#038;p=5150"},"modified":"2026-01-23T11:44:45","modified_gmt":"2026-01-23T10:44:45","slug":"panier-berbere-medium","status":"publish","type":"product","link":"https:\/\/www.latitude31n.com\/fr\/paniers-rangements\/panier-berbere-medium\/","title":{"rendered":"Panier berb\u00e8re taille moyenne\/grande"},"content":{"rendered":"<h2><strong>Anciens paniers \u00e0 pain marocains<\/strong><\/h2>\n<p>Ces anciennes corbeilles avec couvercle \u00e9taient traditionnellement utilis\u00e9es pour conserver le pain et les aliments. Ils sont tress\u00e9s d&rsquo;osier et recouverts de laine color\u00e9e dessinant des symboles et motifs g\u00e9om\u00e9triques typiques marocains.<\/p>\n<h2><strong>La touche ethnique color\u00e9e<\/strong><\/h2>\n<p>Ils sont tout simplement magnifiques et s&rsquo;ajoutent \u00e0 une d\u00e9co ethnique et boh\u00e8me. Le petit plus qui de la gaiet\u00e9 \u00e0 vos \u00e9tag\u00e8res, votre salle de bain ou vos niches. C&rsquo;est le moyen parfait d&rsquo;apporter un peu de fantaisie et de vie dans une d\u00e9co, avec leurs motifs color\u00e9s.<\/p>\n<p>Pourquoi je les aime :<\/p>\n<p><em><strong>J&rsquo;aime le bleu, je crois que \u00e7a se voit, non? \ud83d\ude09<\/strong><br \/>\n<\/em><\/p>\n<p>Dimensions : hauteur environ 35\/40 cm (voir la photo \u00e9chelle). Ils sont plus grands que les traditionnelles corbeilles berb\u00e8res qui mesurent en g\u00e9n\u00e9ral environ 25cm.<\/p>\n<p>Ces pani\u00e8res sont totalement artisanales, faites \u00e0 la main au Maroc, elles peuvent pr\u00e9senter certaines imperfections qui garantissent leur authenticit\u00e9.<\/p>\n<p>&nbsp;<\/p>\n<p>&nbsp;<\/p>\n","protected":false},"excerpt":{"rendered":"<p>La version grande des paniers berb\u00e8res marocains.<\/p>\n<p><span class=\"x19la9d6 x1fc57z9 x6ikm8r x10wlt62 x19co3pv x1g5zs5t xfibh0p xiy17q3 x1xsqp64 x1lkfr7t xexx8yu xg83lxy x18d9i69 x1h0ha7o\"><span class=\"\">\ud83e\ude75 <\/span><\/span>Blue Power <span class=\"x19la9d6 x1fc57z9 x6ikm8r x10wlt62 x19co3pv x1g5zs5t xfibh0p xiy17q3 x1xsqp64 x1lkfr7t xexx8yu xg83lxy x18d9i69 x1h0ha7o\"><span class=\"\">\ud83e\ude75<\/span><\/span><\/p>\n","protected":false},"featured_media":15136,"comment_status":"open","ping_status":"closed","template":"","meta":[],"product_brand":[],"product_cat":[28,635,598,471],"product_tag":[155,156,139,235,300,79],"class_list":{"0":"post-5150","1":"product","2":"type-product","3":"status-publish","4":"has-post-thumbnail","6":"product_cat-paniers-rangements","7":"product_cat-motifs-colores","8":"product_cat-soldes","9":"product_cat-vases-cache-pots","10":"product_tag-decoration-etageres","11":"product_tag-decoration-niches","12":"product_tag-graphique","13":"product_tag-multicolore","14":"product_tag-paille","15":"product_tag-rotin","16":"product_shipping_class-standard-poste-service","18":"first","19":"instock","20":"sale","21":"taxable","22":"shipping-taxable","23":"purchasable","24":"product-type-variable"},"_links":{"self":[{"href":"https:\/\/www.latitude31n.com\/fr\/wp-json\/wp\/v2\/product\/5150","targetHints":{"allow":["GET"]}}],"collection":[{"href":"https:\/\/www.latitude31n.com\/fr\/wp-json\/wp\/v2\/product"}],"about":[{"href":"https:\/\/www.latitude31n.com\/fr\/wp-json\/wp\/v2\/types\/product"}],"replies":[{"embeddable":true,"href":"https:\/\/www.latitude31n.com\/fr\/wp-json\/wp\/v2\/comments?post=5150"}],"wp:featuredmedia":[{"embeddable":true,"href":"https:\/\/www.latitude31n.com\/fr\/wp-json\/wp\/v2\/media\/15136"}],"wp:attachment":[{"href":"https:\/\/www.latitude31n.com\/fr\/wp-json\/wp\/v2\/media?parent=5150"}],"wp:term":[{"taxonomy":"product_brand","embeddable":true,"href":"https:\/\/www.latitude31n.com\/fr\/wp-json\/wp\/v2\/product_brand?post=5150"},{"taxonomy":"product_cat","embeddable":true,"href":"https:\/\/www.latitude31n.com\/fr\/wp-json\/wp\/v2\/product_cat?post=5150"},{"taxonomy":"product_tag","embeddable":true,"href":"https:\/\/www.latitude31n.com\/fr\/wp-json\/wp\/v2\/product_tag?post=5150"}],"curies":[{"name":"wp","href":"https:\/\/api.w.org\/{rel}","templated":true}]}}