{"id":5083,"date":"2021-09-10T17:31:08","date_gmt":"2021-09-10T16:31:08","guid":{"rendered":"https:\/\/www.latitude31n.com\/?post_type=product&#038;p=5083"},"modified":"2026-01-23T11:41:59","modified_gmt":"2026-01-23T10:41:59","slug":"panier-mural-binga","status":"publish","type":"product","link":"https:\/\/www.latitude31n.com\/fr\/decoration-murale\/corbeilles\/panier-mural-binga\/","title":{"rendered":"Panier mural Binga"},"content":{"rendered":"<h2><strong>Corbeilles murales africaines<br \/>\n<\/strong><\/h2>\n<p>Corbeille au tressage fin et pr\u00e9cis, les<strong> d\u00e9corations murales Binga<\/strong>, aussi appel\u00e9es <strong>Tonga<\/strong>, sont con\u00e7ues par les femmes de la tribu Batonga au Zimbabw\u00e9. Si vous aimez la <strong>d\u00e9coration ethnique<\/strong> et\/ou issue des voyages, vous n&rsquo;avez pas pu passer \u00e0 c\u00f4t\u00e9 de ces magnifiques corbeilles murales. Elles apportent texture et authenticit\u00e9 \u00e0 un mur.<\/p>\n<h2><strong>Un artisanat africain de qualit\u00e9<\/strong><\/h2>\n<p>Traditionnellement rondes, les corbeilles africaines d\u00e9marrent par un tressage carr\u00e9. Elles sont tiss\u00e9es en fibres naturelles v\u00e9g\u00e9tales.<\/p>\n<p>Le tressage est plus fin et serr\u00e9 que celui des paniers muraux marocains. Elles sont \u00e9galement tr\u00e8s l\u00e9g\u00e8res. Contrairement aux corbeilles berb\u00e8res, les paniers africains ne sont pas destin\u00e9es \u00e0 accueillir pains ou fruits. Elles sont utilis\u00e9es pour s\u00e9parer le grain des impuret\u00e9s, c&rsquo;est la raison de leur finesse et l\u00e9g\u00e8ret\u00e9.<\/p>\n<p>Pourquoi je les aime :<\/p>\n<p><strong><em>J&rsquo;aime leurs motifs tribaux et ce tressage d\u00e9licat. Les artisanes qui les cr\u00e9ent doivent \u00eatre tr\u00e8s m\u00e9ticuleuses au vu de la finesse de l&rsquo;ouvrage.<\/em><\/strong><\/p>\n<p>La d\u00e9co murale africaine est riche, vous aimerez peut-\u00eatre aussi nos <a href=\"\/fr\/decoration-murale\/eventails-africains-bolga\/\" target=\"_blank\" rel=\"noopener\">\u00e9ventails color\u00e9s Bolga<\/a>.<\/p>\n<p>Dimensions : 40cm et 50cm. Les mod\u00e8les sur la photo d&rsquo;ambiance (lot de 5) ne sont plus disponibles. Les mod\u00e8les disponibles sont visibles sur les photos de d\u00e9tail.<\/p>\n<p>Merci de me contacter directement pour choisir le mod\u00e8le ou pour un tarif pr\u00e9f\u00e9rentiel pour le lot de 5.<\/p>\n<p>Les corbeilles Binga sont fabriqu\u00e9es artisanalement et peuvent donc comporter certaines imperfections qui sont la garantie de son authenticit\u00e9 et font parti du charme de l&rsquo;objet.<\/p>\n<p>&nbsp;<\/p>\n","protected":false},"excerpt":{"rendered":"<p><strong>Le must de la d\u00e9coration murale ethnique<\/strong><\/p>\n<p>Corbeilles africaines Binga \u00e0 accrocher au mur pour une d\u00e9coration inspir\u00e9e du voyage. Les motifs tribaux et la finesse de tressage en font un objet de d\u00e9coration unique et authentique.<\/p>\n","protected":false},"featured_media":5106,"comment_status":"open","ping_status":"closed","template":"","meta":[],"product_brand":[],"product_cat":[474,23,598],"product_tag":[116,276,87,459,80,79,274],"class_list":{"0":"post-5083","1":"product","2":"type-product","3":"status-publish","4":"has-post-thumbnail","6":"product_cat-corbeilles","7":"product_cat-decoration-murale","8":"product_cat-soldes","9":"product_tag-afrique","10":"product_tag-art-mural","11":"product_tag-boheme","12":"product_tag-latitude-ethnique","13":"product_tag-osier","14":"product_tag-rotin","15":"product_tag-touareg","17":"first","18":"instock","19":"sale","20":"taxable","21":"shipping-taxable","22":"purchasable","23":"product-type-variable"},"_links":{"self":[{"href":"https:\/\/www.latitude31n.com\/fr\/wp-json\/wp\/v2\/product\/5083","targetHints":{"allow":["GET"]}}],"collection":[{"href":"https:\/\/www.latitude31n.com\/fr\/wp-json\/wp\/v2\/product"}],"about":[{"href":"https:\/\/www.latitude31n.com\/fr\/wp-json\/wp\/v2\/types\/product"}],"replies":[{"embeddable":true,"href":"https:\/\/www.latitude31n.com\/fr\/wp-json\/wp\/v2\/comments?post=5083"}],"wp:featuredmedia":[{"embeddable":true,"href":"https:\/\/www.latitude31n.com\/fr\/wp-json\/wp\/v2\/media\/5106"}],"wp:attachment":[{"href":"https:\/\/www.latitude31n.com\/fr\/wp-json\/wp\/v2\/media?parent=5083"}],"wp:term":[{"taxonomy":"product_brand","embeddable":true,"href":"https:\/\/www.latitude31n.com\/fr\/wp-json\/wp\/v2\/product_brand?post=5083"},{"taxonomy":"product_cat","embeddable":true,"href":"https:\/\/www.latitude31n.com\/fr\/wp-json\/wp\/v2\/product_cat?post=5083"},{"taxonomy":"product_tag","embeddable":true,"href":"https:\/\/www.latitude31n.com\/fr\/wp-json\/wp\/v2\/product_tag?post=5083"}],"curies":[{"name":"wp","href":"https:\/\/api.w.org\/{rel}","templated":true}]}}