{"id":5044,"date":"2021-09-09T18:58:25","date_gmt":"2021-09-09T17:58:25","guid":{"rendered":"https:\/\/www.latitude31n.com\/?post_type=product&#038;p=5044"},"modified":"2024-11-12T15:57:42","modified_gmt":"2024-11-12T14:57:42","slug":"corbeille-a-fruits-rebord-dentelles","status":"publish","type":"product","link":"https:\/\/www.latitude31n.com\/fr\/paniers-rangements\/teintes-naturelles\/corbeille-a-fruits-rebord-dentelles\/","title":{"rendered":"Corbeille \u00e0 fruits rebord dentelles"},"content":{"rendered":"<h2><strong>Corbeille tress\u00e9e style dentelle<\/strong><\/h2>\n<p>Le panier est plat et rond avec anses en corde de palmier. Le fond est tress\u00e9 serr\u00e9 en fibres de palmier, la bordure, quant \u00e0 elle, est tress\u00e9e ajour\u00e9e en cordes de palmier. Ses 2 anses en demi-cercle lui donne un petit look plateau.<\/p>\n<p>Pourquoi je l&rsquo;aime :<\/p>\n<p><em><strong>J&rsquo;adore le travail du tressage sur le bord qui ressemble \u00e0 de la dentelle. Et le fond un peu simple contraste particuli\u00e8rement avec le c\u00f4t\u00e9 raffin\u00e9 du tressage au crochet. A poser en centre de table.<\/strong><br \/>\n<\/em><\/p>\n<h3><strong>Simple, mais \u00e9l\u00e9gante<\/strong><\/h3>\n<p>Id\u00e9al pour rangement de petites babioles, fruits ou l\u00e9gumes ou encore comme vide-poches. Extr\u00eamement d\u00e9corative, elle pourra aussi contenir maquillage ou cosm\u00e9tiques dans votre salle de bain boh\u00e8me.<\/p>\n<p>Dimensions : diam\u00e8tre 35\/40cm<\/p>\n<p>Comme tout produit artisanal, la pani\u00e8re peut comporter certaines imperfections qui sont la garantie de son authenticit\u00e9 et ne nuisent aucunement au charme de l&rsquo;objet.<\/p>\n<p>&nbsp;<\/p>\n","protected":false},"excerpt":{"rendered":"<h2><strong>Corbeille \u00e0 fruits, jolie, jolie, jolie.<\/strong><\/h2>\n<p>On craque pour sa simplicit\u00e9 \u00e9tudi\u00e9e et son look vintage.<\/p>\n<p>Que ce soit en corbeille \u00e0 fruit, en vide-poches ou dans votre salle de bain, c&rsquo;est un moyen facile d&rsquo;apporter une <strong>touche boh\u00e8me chic<\/strong>.<\/p>\n","protected":false},"featured_media":15579,"comment_status":"open","ping_status":"closed","template":"","meta":[],"product_brand":[],"product_cat":[634,28,27],"product_tag":[130,87,464,289,288,80,147,173,149,82,79],"class_list":{"0":"post-5044","1":"product","2":"type-product","3":"status-publish","4":"has-post-thumbnail","6":"product_cat-teintes-naturelles","7":"product_cat-paniers-rangements","8":"product_cat-arts-table","9":"product_tag-art-de-la-table","10":"product_tag-boheme","11":"product_tag-latitude-soft","12":"product_tag-look-retro","13":"product_tag-look-vintage","14":"product_tag-osier","15":"product_tag-paniere","16":"product_tag-plateau","17":"product_tag-rangement","18":"product_tag-raphia","19":"product_tag-rotin","21":"first","22":"instock","23":"taxable","24":"shipping-taxable","25":"purchasable","26":"product-type-simple"},"_links":{"self":[{"href":"https:\/\/www.latitude31n.com\/fr\/wp-json\/wp\/v2\/product\/5044","targetHints":{"allow":["GET"]}}],"collection":[{"href":"https:\/\/www.latitude31n.com\/fr\/wp-json\/wp\/v2\/product"}],"about":[{"href":"https:\/\/www.latitude31n.com\/fr\/wp-json\/wp\/v2\/types\/product"}],"replies":[{"embeddable":true,"href":"https:\/\/www.latitude31n.com\/fr\/wp-json\/wp\/v2\/comments?post=5044"}],"wp:featuredmedia":[{"embeddable":true,"href":"https:\/\/www.latitude31n.com\/fr\/wp-json\/wp\/v2\/media\/15579"}],"wp:attachment":[{"href":"https:\/\/www.latitude31n.com\/fr\/wp-json\/wp\/v2\/media?parent=5044"}],"wp:term":[{"taxonomy":"product_brand","embeddable":true,"href":"https:\/\/www.latitude31n.com\/fr\/wp-json\/wp\/v2\/product_brand?post=5044"},{"taxonomy":"product_cat","embeddable":true,"href":"https:\/\/www.latitude31n.com\/fr\/wp-json\/wp\/v2\/product_cat?post=5044"},{"taxonomy":"product_tag","embeddable":true,"href":"https:\/\/www.latitude31n.com\/fr\/wp-json\/wp\/v2\/product_tag?post=5044"}],"curies":[{"name":"wp","href":"https:\/\/api.w.org\/{rel}","templated":true}]}}