{"id":498,"date":"2021-05-28T09:18:57","date_gmt":"2021-05-28T08:18:57","guid":{"rendered":"https:\/\/www.latitude31n.com\/?post_type=product&#038;p=498"},"modified":"2025-09-01T16:44:39","modified_gmt":"2025-09-01T15:44:39","slug":"luminaire-suspendu-raphia","status":"publish","type":"product","link":"https:\/\/www.latitude31n.com\/fr\/luminaires\/luminaire-suspendu-raphia\/","title":{"rendered":"Luminaire suspendu en dentelle de raphia"},"content":{"rendered":"<p>Lampe abat-jour finement tress\u00e9 au crochet en raphia naturel sur une armature de m\u00e9tal. La suspension ronde poss\u00e8de un design simple pour un \u00e9clairage clair et doux, ainsi qu&rsquo; un rendu chaleureux et naturel.<\/p>\n<p>Elle est \u00e9pur\u00e9e avec des lignes simples.<\/p>\n<p>Pourquoi je l&rsquo;aime :<\/p>\n<p><strong><em>c&rsquo;est un vrai travail de dentelli\u00e8re, artistiquement r\u00e9alis\u00e9 par les femmes berb\u00e8res. Le travail est remarquable et le rendu est magnifique.<\/em><\/strong><\/p>\n<p>Dimensions : h42x40cm diam.<\/p>\n<p>Cette suspension est artisanale et unique. Elle peut comporter certaines irr\u00e9gularit\u00e9s qui en font tout le charme et sont la garantie de son authenticit\u00e9. Il peut y avoir de l\u00e9g\u00e8res variations dans la forme, la dimension ou la couleur, selon la condition de la mati\u00e8re.<\/p>\n<p>L&rsquo;abat-jour ne poss\u00e8de pas de fixation \u00e9lectrique, mais un anneau de fixation si besoin.<\/p>\n","protected":false},"excerpt":{"rendered":"<p>Lampe abat-jour finement tress\u00e9 au crochet en raphia naturel sur une armature de m\u00e9tal. La suspension ronde poss\u00e8de un design simple pour un \u00e9clairage clair et doux, ainsi qu&rsquo; un rendu chaleureux et naturel. Elle est \u00e9pur\u00e9e avec des lignes simples.<\/p>\n<p>&nbsp;<\/p>\n","protected":false},"featured_media":502,"comment_status":"open","ping_status":"closed","template":"","meta":[],"product_brand":[],"product_cat":[22,598],"product_tag":[461],"class_list":{"0":"post-498","1":"product","2":"type-product","3":"status-publish","4":"has-post-thumbnail","6":"product_cat-luminaires","7":"product_cat-soldes","8":"product_tag-latitude-lumineuse","10":"first","11":"instock","12":"sale","13":"taxable","14":"shipping-taxable","15":"purchasable","16":"product-type-simple"},"_links":{"self":[{"href":"https:\/\/www.latitude31n.com\/fr\/wp-json\/wp\/v2\/product\/498","targetHints":{"allow":["GET"]}}],"collection":[{"href":"https:\/\/www.latitude31n.com\/fr\/wp-json\/wp\/v2\/product"}],"about":[{"href":"https:\/\/www.latitude31n.com\/fr\/wp-json\/wp\/v2\/types\/product"}],"replies":[{"embeddable":true,"href":"https:\/\/www.latitude31n.com\/fr\/wp-json\/wp\/v2\/comments?post=498"}],"wp:featuredmedia":[{"embeddable":true,"href":"https:\/\/www.latitude31n.com\/fr\/wp-json\/wp\/v2\/media\/502"}],"wp:attachment":[{"href":"https:\/\/www.latitude31n.com\/fr\/wp-json\/wp\/v2\/media?parent=498"}],"wp:term":[{"taxonomy":"product_brand","embeddable":true,"href":"https:\/\/www.latitude31n.com\/fr\/wp-json\/wp\/v2\/product_brand?post=498"},{"taxonomy":"product_cat","embeddable":true,"href":"https:\/\/www.latitude31n.com\/fr\/wp-json\/wp\/v2\/product_cat?post=498"},{"taxonomy":"product_tag","embeddable":true,"href":"https:\/\/www.latitude31n.com\/fr\/wp-json\/wp\/v2\/product_tag?post=498"}],"curies":[{"name":"wp","href":"https:\/\/api.w.org\/{rel}","templated":true}]}}