{"id":494,"date":"2021-05-27T08:49:07","date_gmt":"2021-05-27T07:49:07","guid":{"rendered":"https:\/\/www.latitude31n.com\/?post_type=product&#038;p=494"},"modified":"2026-03-13T16:05:41","modified_gmt":"2026-03-13T15:05:41","slug":"suspension-chevelu-en-palmier-blanc","status":"publish","type":"product","link":"https:\/\/www.latitude31n.com\/fr\/luminaires\/suspension-chevelu-en-palmier-blanc\/","title":{"rendered":"Suspension \u00ab\u00a0chevelue\u00a0\u00bb en palmier clair"},"content":{"rendered":"<h2><strong>La chevelue, joli lustre naturel<\/strong><\/h2>\n<p>Luminaire en forme de c\u00f4ne, tressage en palmier naturel, avec franges de la m\u00eame mati\u00e8re couvrant toute la surface du luminaire. Elle est tr\u00e8s \u00e9l\u00e9gante et moderne, tout en gardant sa touche artisanale et naturelle.<\/p>\n<p>La mati\u00e8re a une couleur tr\u00e8s claire, blanche, qui peut tirer vers le vert parfois. Les couleurs sont neutres et douces et la mati\u00e8re tr\u00e8s fine a un aspect raffin\u00e9.<\/p>\n<h2><strong>Suspension boh\u00e8me esprit maison de campagne<\/strong><\/h2>\n<p>Elle conviendra tout autant \u00e0 une maison de vacances qu&rsquo;\u00e0 un int\u00e9rieur urbain.<\/p>\n<p>Pourquoi je l&rsquo;aime :<\/p>\n<p><strong><em>Simple par sa forme, mais super \u00e9l\u00e9gante. J&rsquo;aime son c\u00f4t\u00e9 super hirsute avec l<\/em><em>es brins sur toute la surface. Ca permet d&rsquo;apporter texture et relief.<\/em><\/strong><\/p>\n<p>Disponible en 2 hauteurs 40 et 50cm. <a href=\"\/fr\/luminaires\/petite-suspension-palmier\/\" target=\"_blank\" rel=\"noopener\">De plus petites tailles, id\u00e9ales pour les suspensions de chambre sont \u00e9galement disponibles.<\/a><\/p>\n<p>Cette suspension est artisanale et unique. Elle peut comporter certaines irr\u00e9gularit\u00e9s qui en font tout le charme. Il peut y avoir de l\u00e9g\u00e8res variations dans la forme, la dimension ou la couleur, selon la condition de cette fibre naturelle.<\/p>\n<p>Fixation \u00e9lectrique non incluse.<br \/>\nUne anse est pr\u00e9vue pour l&rsquo;accrocher. Pour plus de conseils sur l&rsquo;installation, veuillez consulter notre <a href=\"\/fr\/installer-suspension-paille\/\" target=\"_blank\" rel=\"noopener\">article sur les diff\u00e9rentes m\u00e9thodes d&rsquo;accroche de nos suspensions<\/a>.<\/p>\n","protected":false},"excerpt":{"rendered":"<p>Luminaire c\u00f4ne en palmier naturel, et franges couvrant toute la surface du luminaire.\u00a0 D&rsquo;une douce \u00e9l\u00e9gance, tout en gardant sa touche artisanale et naturelle.<\/p>\n","protected":false},"featured_media":473,"comment_status":"open","ping_status":"closed","template":"","meta":[],"product_brand":[],"product_cat":[22,894],"product_tag":[461,80,82,79],"class_list":{"0":"post-494","1":"product","2":"type-product","3":"status-publish","4":"has-post-thumbnail","6":"product_cat-luminaires","7":"product_cat-suspension-paille","8":"product_tag-latitude-lumineuse","9":"product_tag-osier","10":"product_tag-raphia","11":"product_tag-rotin","13":"first","14":"onbackorder","15":"taxable","16":"shipping-taxable","17":"purchasable","18":"product-type-variable"},"_links":{"self":[{"href":"https:\/\/www.latitude31n.com\/fr\/wp-json\/wp\/v2\/product\/494","targetHints":{"allow":["GET"]}}],"collection":[{"href":"https:\/\/www.latitude31n.com\/fr\/wp-json\/wp\/v2\/product"}],"about":[{"href":"https:\/\/www.latitude31n.com\/fr\/wp-json\/wp\/v2\/types\/product"}],"replies":[{"embeddable":true,"href":"https:\/\/www.latitude31n.com\/fr\/wp-json\/wp\/v2\/comments?post=494"}],"wp:featuredmedia":[{"embeddable":true,"href":"https:\/\/www.latitude31n.com\/fr\/wp-json\/wp\/v2\/media\/473"}],"wp:attachment":[{"href":"https:\/\/www.latitude31n.com\/fr\/wp-json\/wp\/v2\/media?parent=494"}],"wp:term":[{"taxonomy":"product_brand","embeddable":true,"href":"https:\/\/www.latitude31n.com\/fr\/wp-json\/wp\/v2\/product_brand?post=494"},{"taxonomy":"product_cat","embeddable":true,"href":"https:\/\/www.latitude31n.com\/fr\/wp-json\/wp\/v2\/product_cat?post=494"},{"taxonomy":"product_tag","embeddable":true,"href":"https:\/\/www.latitude31n.com\/fr\/wp-json\/wp\/v2\/product_tag?post=494"}],"curies":[{"name":"wp","href":"https:\/\/api.w.org\/{rel}","templated":true}]}}