{"id":4822,"date":"2021-09-03T12:09:40","date_gmt":"2021-09-03T11:09:40","guid":{"rendered":"https:\/\/www.latitude31n.com\/?post_type=product&#038;p=4822"},"modified":"2025-06-13T14:20:56","modified_gmt":"2025-06-13T13:20:56","slug":"paniers-colores-violet-parme-rose","status":"publish","type":"product","link":"https:\/\/www.latitude31n.com\/fr\/paniers-rangements\/motifs-colores\/paniers-colores-violet-parme-rose\/","title":{"rendered":"Paniers marocains multicolores"},"content":{"rendered":"<h2><strong>Corbeilles \u00e0 pain berb\u00e8res<\/strong><\/h2>\n<p>Ces magnifiques petites corbeilles en osier brod\u00e9es de laine ajouteront une touche boh\u00e8me color\u00e9e dans votre int\u00e9rieur. Apportez de la gaiet\u00e9 et de la fantaisie \u00e0 vos \u00e9tag\u00e8res, votre salle de bain, votre biblioth\u00e8que.<\/p>\n<p>Traditionnellement utilis\u00e9s pour le pain et les aliments, ce sont de vraies \u0153uvres d&rsquo;art qui reprennent les symboles et motifs g\u00e9om\u00e9triques du Maroc. Ils sont tress\u00e9s d&rsquo;osier et recouverts de laine color\u00e9e qui dessine des motifs traditionnels g\u00e9om\u00e9triques.<\/p>\n<h2><strong>D\u00e9co personnalis\u00e9e et vitamin\u00e9e<\/strong><\/h2>\n<p>Gr\u00e2ce \u00e0 leurs couleurs et leurs motifs uniques, vous cr\u00e9ez une d\u00e9co color\u00e9e qui vous ressemble.<\/p>\n<p>Pourquoi je les aime :<\/p>\n<p><em><strong>Tous plus beaux les uns que les autres, ils ont de jolies formes de poire, et des dessins g\u00e9om\u00e9triques tr\u00e8s graphiques. Je les choisis pour leurs effets de contraste ou d&rsquo;\u00e9quilibre entre les teintes. Dans ce trio, le grand panier bariol\u00e9 donne plus de pep&rsquo;s \u00e0 cette harmonie prune.<\/strong><br \/>\n<\/em><\/p>\n<p>Dimensions : hauteur environ 25\/30cm<\/p>\n<p>Ces pani\u00e8res sont faites \u00e0 la main au Maroc; elles peuvent pr\u00e9senter certaines imperfections qui sont la garantie de leur authenticit\u00e9.<\/p>\n<p>&nbsp;<\/p>\n<p>&nbsp;<\/p>\n","protected":false},"excerpt":{"rendered":"<p>Corbeilles berb\u00e8res aux motifs g\u00e9om\u00e9triques color\u00e9s soigneusement s\u00e9lectionn\u00e9es pour une <strong>d\u00e9co joyeuse qui donne le pep&rsquo;s<\/strong>.<\/p>\n","protected":false},"featured_media":13436,"comment_status":"open","ping_status":"closed","template":"","meta":[],"product_brand":[],"product_cat":[635,28],"product_tag":[155,156,463,147,149],"class_list":{"0":"post-4822","1":"product","2":"type-product","3":"status-publish","4":"has-post-thumbnail","6":"product_cat-motifs-colores","7":"product_cat-paniers-rangements","8":"product_tag-decoration-etageres","9":"product_tag-decoration-niches","10":"product_tag-latitude-pop","11":"product_tag-paniere","12":"product_tag-rangement","13":"product_shipping_class-standard-poste-service","15":"first","16":"instock","17":"taxable","18":"shipping-taxable","19":"purchasable","20":"product-type-simple"},"_links":{"self":[{"href":"https:\/\/www.latitude31n.com\/fr\/wp-json\/wp\/v2\/product\/4822","targetHints":{"allow":["GET"]}}],"collection":[{"href":"https:\/\/www.latitude31n.com\/fr\/wp-json\/wp\/v2\/product"}],"about":[{"href":"https:\/\/www.latitude31n.com\/fr\/wp-json\/wp\/v2\/types\/product"}],"replies":[{"embeddable":true,"href":"https:\/\/www.latitude31n.com\/fr\/wp-json\/wp\/v2\/comments?post=4822"}],"wp:featuredmedia":[{"embeddable":true,"href":"https:\/\/www.latitude31n.com\/fr\/wp-json\/wp\/v2\/media\/13436"}],"wp:attachment":[{"href":"https:\/\/www.latitude31n.com\/fr\/wp-json\/wp\/v2\/media?parent=4822"}],"wp:term":[{"taxonomy":"product_brand","embeddable":true,"href":"https:\/\/www.latitude31n.com\/fr\/wp-json\/wp\/v2\/product_brand?post=4822"},{"taxonomy":"product_cat","embeddable":true,"href":"https:\/\/www.latitude31n.com\/fr\/wp-json\/wp\/v2\/product_cat?post=4822"},{"taxonomy":"product_tag","embeddable":true,"href":"https:\/\/www.latitude31n.com\/fr\/wp-json\/wp\/v2\/product_tag?post=4822"}],"curies":[{"name":"wp","href":"https:\/\/api.w.org\/{rel}","templated":true}]}}