{"id":4814,"date":"2021-09-03T10:33:05","date_gmt":"2021-09-03T09:33:05","guid":{"rendered":"https:\/\/www.latitude31n.com\/?post_type=product&#038;p=4814"},"modified":"2024-11-14T19:51:29","modified_gmt":"2024-11-14T18:51:29","slug":"petit-panier-creme-marrons","status":"publish","type":"product","link":"https:\/\/www.latitude31n.com\/fr\/paniers-rangements\/motifs-colores\/petit-panier-creme-marrons\/","title":{"rendered":"Petites corbeilles plates color\u00e9s"},"content":{"rendered":"<p>On a toujours besoin de ce genre de petites corbeilles. Indispensable pour le rangement, certes, mais aussi pour apporter mati\u00e8res et textures naturelles dans la maison.<\/p>\n<p>Fabriqu\u00e9s \u00e0 la main par nos artisans hommes et femmes, en mati\u00e8res v\u00e9g\u00e9tales naturelles.<\/p>\n<p>Pourquoi je les aime :<\/p>\n<p><strong><em>Je les chine chez mes artisans. D\u00e8s qu&rsquo;il y en a un qui me tape dans l&rsquo;\u0153il, je ne peux pas m&#8217;emp\u00eacher de le prendre. Ce sont donc souvent des pi\u00e8ces uniques qui ne seront pas renouvel\u00e9es.<\/em><\/strong><\/p>\n<p>Dimensions : environ 25\/30cm<\/p>\n<p>Ces corbeilles et paniers sont fabriqu\u00e9s \u00e0 la main de mani\u00e8re artisanale. elles peuvent pr\u00e9senter certaines imperfections qui garantissent leur authenticit\u00e9.<\/p>\n<p>&nbsp;<\/p>\n<p>&nbsp;<\/p>\n","protected":false},"excerpt":{"rendered":"<p>Des petites corbeilles plates et des paniers ronds chin\u00e9s chez mes artisans au Maroc. Souvent des pi\u00e8ces uniques, fabriqu\u00e9es en petite quantit\u00e9.<\/p>\n","protected":false},"featured_media":14597,"comment_status":"open","ping_status":"closed","template":"","meta":[],"product_brand":[],"product_cat":[635,28],"product_tag":[235,147,149],"class_list":{"0":"post-4814","1":"product","2":"type-product","3":"status-publish","4":"has-post-thumbnail","6":"product_cat-motifs-colores","7":"product_cat-paniers-rangements","8":"product_tag-multicolore","9":"product_tag-paniere","10":"product_tag-rangement","11":"product_shipping_class-standard-poste-service","13":"first","14":"instock","15":"taxable","16":"shipping-taxable","17":"purchasable","18":"product-type-variable"},"_links":{"self":[{"href":"https:\/\/www.latitude31n.com\/fr\/wp-json\/wp\/v2\/product\/4814","targetHints":{"allow":["GET"]}}],"collection":[{"href":"https:\/\/www.latitude31n.com\/fr\/wp-json\/wp\/v2\/product"}],"about":[{"href":"https:\/\/www.latitude31n.com\/fr\/wp-json\/wp\/v2\/types\/product"}],"replies":[{"embeddable":true,"href":"https:\/\/www.latitude31n.com\/fr\/wp-json\/wp\/v2\/comments?post=4814"}],"wp:featuredmedia":[{"embeddable":true,"href":"https:\/\/www.latitude31n.com\/fr\/wp-json\/wp\/v2\/media\/14597"}],"wp:attachment":[{"href":"https:\/\/www.latitude31n.com\/fr\/wp-json\/wp\/v2\/media?parent=4814"}],"wp:term":[{"taxonomy":"product_brand","embeddable":true,"href":"https:\/\/www.latitude31n.com\/fr\/wp-json\/wp\/v2\/product_brand?post=4814"},{"taxonomy":"product_cat","embeddable":true,"href":"https:\/\/www.latitude31n.com\/fr\/wp-json\/wp\/v2\/product_cat?post=4814"},{"taxonomy":"product_tag","embeddable":true,"href":"https:\/\/www.latitude31n.com\/fr\/wp-json\/wp\/v2\/product_tag?post=4814"}],"curies":[{"name":"wp","href":"https:\/\/api.w.org\/{rel}","templated":true}]}}