{"id":4794,"date":"2021-09-02T17:37:43","date_gmt":"2021-09-02T16:37:43","guid":{"rendered":"https:\/\/www.latitude31n.com\/?post_type=product&#038;p=4794"},"modified":"2024-11-14T19:51:36","modified_gmt":"2024-11-14T18:51:36","slug":"petit-panier-jaune-moutarde","status":"publish","type":"product","link":"https:\/\/www.latitude31n.com\/fr\/paniers-rangements\/motifs-colores\/petit-panier-jaune-moutarde\/","title":{"rendered":"Corbeilles jaunes tress\u00e9es (lot de 3)"},"content":{"rendered":"<h2>Petits paniers marocains en osier<\/h2>\n<p>Ces <strong>magnifiques paniers pointus<\/strong> ajouteront une <strong>touche ethnique et boh\u00e8me<\/strong> \u00e0 la fois dans tout int\u00e9rieur. <strong>Apportez gaiet\u00e9 et couleurs<\/strong> \u00e0 vos \u00e9tag\u00e8res, votre salle de bain, votre biblioth\u00e8que. Un bon moyen d&rsquo;apporter fantaisie et originalit\u00e9 \u00e0 votre d\u00e9co gr\u00e2ce \u00e0 leurs couleurs et motifs.<\/p>\n<h2>V\u00e9ritables oeuvres d&rsquo;art marocain<\/h2>\n<p>Traditionnellement utilis\u00e9s pour le pain et les aliments, ils sont tress\u00e9s d&rsquo;osier et recouverts de laine color\u00e9e qui dessine des motifs et symboles traditionnels g\u00e9om\u00e9triques.<\/p>\n<p>Ce sont des pi\u00e8ces uniques, n\u00e9es de l&rsquo;histoire et de l&rsquo;imaginaire de leur cr\u00e9atrice. Ils ont de jolis forme de poire ou de tajine et proposent des dessins g\u00e9om\u00e9triques tr\u00e8s graphique.<\/p>\n<p>Pourquoi je les aime :<\/p>\n<p><em><strong>Je les choisis en fonction de leurs couleurs et motifs afin de cr\u00e9er une harmonie ou un contraste int\u00e9ressant. Ils sont tellement beaux que c&rsquo;est difficile de faire un choix. Le trio jaune propose un combo tendre et joyeux \u00e0 la fois.<\/strong><br \/>\n<\/em><\/p>\n<p>Dimensions : hauteur environ 25\/30cm<\/p>\n<p>Vous en voulez plus ? D\u00e9couvrez notre <a href=\"\/fr\/paniers-rangements\/motifs-colores\/\" target=\"_blank\" rel=\"noopener\">s\u00e9lection de petits paniers ultra-color\u00e9s<\/a>.<\/p>\n<p>Vous \u00eates un inconditionnel du jaune soleil ? D\u00e9couvrez notre <a href=\"\/fr\/decoration-murale\/corbeilles\/corbeilles-rondes-jaunes\/\" target=\"_blank\" rel=\"noopener\">lot de 5 corbeilles murales jaunes<\/a>.<\/p>\n<p>Ces pani\u00e8res sont totalement artisanales, tress\u00e9es et brod\u00e9es \u00e0 la main au Maroc. Elles peuvent pr\u00e9senter certaines imperfections qui garantissent leur authenticit\u00e9.<\/p>\n<p>&nbsp;<\/p>\n<p>&nbsp;<\/p>\n","protected":false},"excerpt":{"rendered":"<p><strong>Trio de paniers marocains<\/strong> aux chaleureuses couleurs jaunes dynamis\u00e9es de motifs color\u00e9s. Soigneusement s\u00e9lectionn\u00e9 pour une <strong>d\u00e9co douce mais dynamique<\/strong>.<\/p>\n","protected":false},"featured_media":13491,"comment_status":"open","ping_status":"closed","template":"","meta":[],"product_brand":[],"product_cat":[635,28],"product_tag":[155,156,139,463,235,147,149],"class_list":{"0":"post-4794","1":"product","2":"type-product","3":"status-publish","4":"has-post-thumbnail","6":"product_cat-motifs-colores","7":"product_cat-paniers-rangements","8":"product_tag-decoration-etageres","9":"product_tag-decoration-niches","10":"product_tag-graphique","11":"product_tag-latitude-pop","12":"product_tag-multicolore","13":"product_tag-paniere","14":"product_tag-rangement","15":"product_shipping_class-standard-poste-service","17":"first","18":"instock","19":"taxable","20":"shipping-taxable","21":"purchasable","22":"product-type-simple"},"_links":{"self":[{"href":"https:\/\/www.latitude31n.com\/fr\/wp-json\/wp\/v2\/product\/4794","targetHints":{"allow":["GET"]}}],"collection":[{"href":"https:\/\/www.latitude31n.com\/fr\/wp-json\/wp\/v2\/product"}],"about":[{"href":"https:\/\/www.latitude31n.com\/fr\/wp-json\/wp\/v2\/types\/product"}],"replies":[{"embeddable":true,"href":"https:\/\/www.latitude31n.com\/fr\/wp-json\/wp\/v2\/comments?post=4794"}],"wp:featuredmedia":[{"embeddable":true,"href":"https:\/\/www.latitude31n.com\/fr\/wp-json\/wp\/v2\/media\/13491"}],"wp:attachment":[{"href":"https:\/\/www.latitude31n.com\/fr\/wp-json\/wp\/v2\/media?parent=4794"}],"wp:term":[{"taxonomy":"product_brand","embeddable":true,"href":"https:\/\/www.latitude31n.com\/fr\/wp-json\/wp\/v2\/product_brand?post=4794"},{"taxonomy":"product_cat","embeddable":true,"href":"https:\/\/www.latitude31n.com\/fr\/wp-json\/wp\/v2\/product_cat?post=4794"},{"taxonomy":"product_tag","embeddable":true,"href":"https:\/\/www.latitude31n.com\/fr\/wp-json\/wp\/v2\/product_tag?post=4794"}],"curies":[{"name":"wp","href":"https:\/\/api.w.org\/{rel}","templated":true}]}}