{"id":479,"date":"2021-05-28T09:18:57","date_gmt":"2021-05-28T08:18:57","guid":{"rendered":"https:\/\/www.latitude31n.com\/?post_type=product&#038;p=479"},"modified":"2026-01-19T15:58:56","modified_gmt":"2026-01-19T14:58:56","slug":"suspension-longue-tube","status":"publish","type":"product","link":"https:\/\/www.latitude31n.com\/fr\/luminaires\/suspension-longue-tube\/","title":{"rendered":"Suspension longue forme tube"},"content":{"rendered":"<h2>Lustre allong\u00e9 boh\u00e8me<\/h2>\n<p>Luminaire suspendu en fibres naturelles halfa (ou <a href=\"\/fr\/doum-presentation-conseils-entretien\/\" target=\"_blank\" rel=\"noopener\"><em>doum<\/em><\/a>), tress\u00e9 main et ajour\u00e9 pour une belle diffusion de la lumi\u00e8re. Par contre, le tressage du haut de l&rsquo;abat-jour est plein, comme un petit chapeau pos\u00e9 au-dessus de la lampe.<\/p>\n<h2>3 tailles de suspensions pour diff\u00e9rentes d\u00e9co<\/h2>\n<p>Trois tailles \u00e0 mixer.. ou pas! En trio, comme pr\u00e9sent\u00e9 ici, avec 3 hauteurs diff\u00e9rentes et compl\u00e9mentaires, pour une pi\u00e8ce avec une belle hauteur sous plafond ou une cage d&rsquo;escaliers. En paire pour un effet de sym\u00e9trie. \u00c9galement, en rang\u00e9e, tous de la m\u00eame taille, pour un \u00e9clairage au-dessus d&rsquo;un haut bar ou d&rsquo;un comptoir. Ou pourquoi pas en grappe, pour donner un effet visuel impressionnant. Les possibilit\u00e9s sont multiples.<\/p>\n<p>Ces lustres comme de longues colonnes lumineuses peuvent \u00e9clairer une niche ou se disposer de chaque c\u00f4t\u00e9 du lit, en guise de lampes de chevet.<\/p>\n<p>Pourquoi je l&rsquo;aime :<\/p>\n<p><strong><em>la forme originale et le tressage donnent l&rsquo;impression d&rsquo;un tourbillon infini.<\/em><\/strong><\/p>\n<p>Dimensions : H50x20cm, H70x20cm, H90x20cm<\/p>\n<p>Cette suspension est artisanale et unique. Elle peut comporter certaines irr\u00e9gularit\u00e9s qui en font tout le charme. Il peut \u00e9galement y avoir de l\u00e9g\u00e8res variations dans la forme, la dimension ou la couleur, selon la condition de la mati\u00e8re. La couleur est souvent verte quand la mati\u00e8re est jeune et devient de plus en plus jaune ou bronz\u00e9e, avec le temps et le soleil.<\/p>\n<p>* Pour acc\u00e9l\u00e9rer le jaunissement de la fibre, laisser la suspension au soleil pendant quelques jours.<br \/>\n* La fibre <em><a href=\"\/fr\/doum-presentation-conseils-entretien\/\" target=\"_blank\" rel=\"noopener\">doum<\/a><\/em>, herbe m\u00e9diterran\u00e9enne utilis\u00e9e pour la confection de ces luminaires, est mall\u00e9able. Si elle a \u00e9t\u00e9 pli\u00e9e pendant le transport et conserve la forme due au transport, la laisser quelques heures au sol le temps qu&rsquo;elle reprenne sa forme habituelle. Si ce n&rsquo;est pas le cas, vous pouvez l&rsquo;asperger l\u00e9g\u00e8rement et l&rsquo;aider avec des poids ou des gabarits.<\/p>\n<p>Le luminaire ne comporte pas de syst\u00e8me \u00e9lectrique.<br \/>\nUne anse est pr\u00e9vue pour l&rsquo;accrocher. Pour plus de conseils sur l&rsquo;installation, veuillez consulter notre <a href=\"\/fr\/installer-suspension-paille\/\" target=\"_blank\" rel=\"noopener\">article sur les diff\u00e9rentes m\u00e9thodes d&rsquo;accroche de nos suspensions<\/a>.<\/p>\n<p>&nbsp;<\/p>\n<p>&nbsp;<\/p>\n","protected":false},"excerpt":{"rendered":"<p>Transformez votre espace en oasis boh\u00e8me avec nos suspensions en paille. Ses longs tubes tiss\u00e9s et frang\u00e9s donnent une allure ethnique chic \u00e0 tout espace.<\/p>\n<p>Id\u00e9ales pour chevet, cage d&rsquo;escalier, pi\u00e8ce haute de plafond, niche \u00e0 \u00e9clairer.<\/p>\n<p>&nbsp;<\/p>\n","protected":false},"featured_media":487,"comment_status":"open","ping_status":"closed","template":"","meta":[],"product_brand":[],"product_cat":[22,598,894],"product_tag":[86,81,83,88,84,85,461,80,82,79],"class_list":{"0":"post-479","1":"product","2":"type-product","3":"status-publish","4":"has-post-thumbnail","6":"product_cat-luminaires","7":"product_cat-soldes","8":"product_cat-suspension-paille","9":"product_tag-abat-jour","10":"product_tag-bambou","11":"product_tag-brins","12":"product_tag-exotique","13":"product_tag-franges","14":"product_tag-lampe","15":"product_tag-latitude-lumineuse","16":"product_tag-osier","17":"product_tag-raphia","18":"product_tag-rotin","20":"first","21":"instock","22":"sale","23":"taxable","24":"shipping-taxable","25":"purchasable","26":"product-type-variable"},"_links":{"self":[{"href":"https:\/\/www.latitude31n.com\/fr\/wp-json\/wp\/v2\/product\/479","targetHints":{"allow":["GET"]}}],"collection":[{"href":"https:\/\/www.latitude31n.com\/fr\/wp-json\/wp\/v2\/product"}],"about":[{"href":"https:\/\/www.latitude31n.com\/fr\/wp-json\/wp\/v2\/types\/product"}],"replies":[{"embeddable":true,"href":"https:\/\/www.latitude31n.com\/fr\/wp-json\/wp\/v2\/comments?post=479"}],"wp:featuredmedia":[{"embeddable":true,"href":"https:\/\/www.latitude31n.com\/fr\/wp-json\/wp\/v2\/media\/487"}],"wp:attachment":[{"href":"https:\/\/www.latitude31n.com\/fr\/wp-json\/wp\/v2\/media?parent=479"}],"wp:term":[{"taxonomy":"product_brand","embeddable":true,"href":"https:\/\/www.latitude31n.com\/fr\/wp-json\/wp\/v2\/product_brand?post=479"},{"taxonomy":"product_cat","embeddable":true,"href":"https:\/\/www.latitude31n.com\/fr\/wp-json\/wp\/v2\/product_cat?post=479"},{"taxonomy":"product_tag","embeddable":true,"href":"https:\/\/www.latitude31n.com\/fr\/wp-json\/wp\/v2\/product_tag?post=479"}],"curies":[{"name":"wp","href":"https:\/\/api.w.org\/{rel}","templated":true}]}}