{"id":4774,"date":"2021-09-02T15:11:43","date_gmt":"2021-09-02T14:11:43","guid":{"rendered":"https:\/\/www.latitude31n.com\/?post_type=product&#038;p=4774"},"modified":"2023-08-09T16:36:30","modified_gmt":"2023-08-09T15:36:30","slug":"corbeille-ronde-berbere-orange-et-noire","status":"publish","type":"product","link":"https:\/\/www.latitude31n.com\/fr\/decoration-murale\/corbeilles\/corbeille-ronde-berbere-orange-et-noire\/","title":{"rendered":"Corbeille ronde berb\u00e8re orange et noire"},"content":{"rendered":"<p>Corbeille \u00e0 fruits, grand vide-poche ou panier mural, \u00e0 vous de choisir.<\/p>\n<p>Cette pani\u00e8re ronde en osier tress\u00e9 main est recouverte de laine color\u00e9e par les femmes berb\u00e8res au Maroc. Les motifs g\u00e9om\u00e9triques naissent de l\u2019imagination de sa cr\u00e9atrice et sont\u00a0<strong>uniques<\/strong>. Les dessins sont extr\u00eamement modernes tout en d\u00e9coulant d\u2019un savoir-faire traditionnel et ancestral.<\/p>\n<p>En d\u00e9coration murale, seul ou assorti \u00e0 d\u2019autres paniers muraux, cadres et autres d\u00e9corations \u00e0 accrocher. Mais aussi pour d\u00e9corer niches et \u00e9tag\u00e8res. Sur votre table de salle \u00e0 manger, salon ou dans la cuisine pour accueillir fruits ou rangement.<\/p>\n<p>Pourquoi je les aime :<\/p>\n<p><strong><em>Cette corbeille bi-couleurs propose un contraste int\u00e9ressant entre le noir et l&rsquo;orange. Les motifs centraux, \u00e9toile noire et \u00e9toile orange, sont soulign\u00e9s d&rsquo;une s\u00e9paration en laine blanc cass\u00e9.<\/em><\/strong><\/p>\n<p>Dimensions :<\/p>\n<p>diam\u00e8tre 47 cm<\/p>\n<p>Comme tout produit artisanal, la corbeille peut pr\u00e9senter certaines imperfections qui sont la garantie de son authenticit\u00e9 et le t\u00e9moin du travail humain.<\/p>\n<p>Pour toute information concernant ce produit ou autre, vous pouvez me contacter via <a href=\"https:\/\/www.latitude31n.comcontact\/\">le formulaire<\/a> ou \u00e0 l\u2019adresse\u00a0latitude31nmrk@gmail.com<\/p>\n","protected":false},"excerpt":{"rendered":"<p>D\u00e9sol\u00e9e \ud83d\ude41<\/p>\n<p>Celui-ci est d\u00e9j\u00e0 parti d\u00e9corer le mur d&rsquo;une cabane au Canada!<\/p>\n<p>Mais n&rsquo;h\u00e9sitez pas \u00e0 consulter <a href=\"\/fr\/decoration-murale\/corbeilles\/\" target=\"_blank\" rel=\"noopener\">notre catalogue de corbeilles murales<\/a>, vous y trouverez peut-\u00eatre de quoi vous redonner le sourire.<\/p>\n","protected":false},"featured_media":4775,"comment_status":"open","ping_status":"closed","template":"","meta":[],"product_brand":[],"product_cat":[474,23],"product_tag":[130,276,161,162,129,128,155,139,235,263,80,147,173,82,79,164,274],"class_list":{"0":"post-4774","1":"product","2":"type-product","3":"status-publish","4":"has-post-thumbnail","6":"product_cat-corbeilles","7":"product_cat-decoration-murale","8":"product_tag-art-de-la-table","9":"product_tag-art-mural","10":"product_tag-assiette-murale","11":"product_tag-binga","12":"product_tag-cadeau-femme","13":"product_tag-cadeau-pour-elle","14":"product_tag-decoration-etageres","15":"product_tag-graphique","16":"product_tag-multicolore","17":"product_tag-mur","18":"product_tag-osier","19":"product_tag-paniere","20":"product_tag-plateau","21":"product_tag-raphia","22":"product_tag-rotin","23":"product_tag-tonga","24":"product_tag-touareg","26":"first","27":"outofstock","28":"taxable","29":"shipping-taxable","30":"purchasable","31":"product-type-simple"},"_links":{"self":[{"href":"https:\/\/www.latitude31n.com\/fr\/wp-json\/wp\/v2\/product\/4774","targetHints":{"allow":["GET"]}}],"collection":[{"href":"https:\/\/www.latitude31n.com\/fr\/wp-json\/wp\/v2\/product"}],"about":[{"href":"https:\/\/www.latitude31n.com\/fr\/wp-json\/wp\/v2\/types\/product"}],"replies":[{"embeddable":true,"href":"https:\/\/www.latitude31n.com\/fr\/wp-json\/wp\/v2\/comments?post=4774"}],"wp:featuredmedia":[{"embeddable":true,"href":"https:\/\/www.latitude31n.com\/fr\/wp-json\/wp\/v2\/media\/4775"}],"wp:attachment":[{"href":"https:\/\/www.latitude31n.com\/fr\/wp-json\/wp\/v2\/media?parent=4774"}],"wp:term":[{"taxonomy":"product_brand","embeddable":true,"href":"https:\/\/www.latitude31n.com\/fr\/wp-json\/wp\/v2\/product_brand?post=4774"},{"taxonomy":"product_cat","embeddable":true,"href":"https:\/\/www.latitude31n.com\/fr\/wp-json\/wp\/v2\/product_cat?post=4774"},{"taxonomy":"product_tag","embeddable":true,"href":"https:\/\/www.latitude31n.com\/fr\/wp-json\/wp\/v2\/product_tag?post=4774"}],"curies":[{"name":"wp","href":"https:\/\/api.w.org\/{rel}","templated":true}]}}