{"id":4763,"date":"2021-09-02T13:22:21","date_gmt":"2021-09-02T12:22:21","guid":{"rendered":"https:\/\/www.latitude31n.com\/?post_type=product&#038;p=4763"},"modified":"2023-02-11T16:49:52","modified_gmt":"2023-02-11T15:49:52","slug":"corbeille-ronde-berbere","status":"publish","type":"product","link":"https:\/\/www.latitude31n.com\/fr\/decoration-murale\/corbeilles\/corbeille-ronde-berbere\/","title":{"rendered":"Corbeille ronde berb\u00e8re"},"content":{"rendered":"<p>Corbeille \u00e0 fruits, grand vide-poche ou panier mural, \u00e0 vous de choisir.<\/p>\n<p>Cette pani\u00e8re ronde en osier tress\u00e9 main est recouverte de laine color\u00e9e par les femmes berb\u00e8res au Maroc. Les motifs g\u00e9om\u00e9triques naissent de l\u2019imagination de sa cr\u00e9atrice et sont\u00a0<strong>uniques<\/strong>. Les dessins sont extr\u00eamement modernes tout en d\u00e9coulant d\u2019un savoir-faire traditionnel et ancestral.<\/p>\n<p>En d\u00e9coration murale, seul ou assorti \u00e0 d\u2019autres paniers muraux, cadres et autres d\u00e9corations murales. Mais aussi pour d\u00e9corer niches et \u00e9tag\u00e8res. Sur votre table de salle \u00e0 manger, salon ou dans la cuisine pour sublimer fruits ou rangement.<\/p>\n<p>Pourquoi je les aime :<\/p>\n<p><em>Si difficile de choisir dans ces ouvrages qui se rapprochent d\u2019 \u0153uvres d\u2019art. Avec ses diff\u00e9rents tons de violet, prune et rose, celui-ci m&rsquo;a plu avec ses <strong>teintes harmonieuses et douces<\/strong>. Le motif centrale ressemble \u00e0 une <strong>fleur<\/strong>. On aper\u00e7oit parfois la fibre d&rsquo;osier sous la laine color\u00e9e sans que cela soit g\u00eanant.<\/em><\/p>\n<p>Dimensions : diam\u00e8tre 40cm<\/p>\n<p>Comme tout produit artisanal, la corbeille peut pr\u00e9senter certaines imperfections qui sont la garantie de son authenticit\u00e9 et le t\u00e9moin du travail humain.<\/p>\n","protected":false},"excerpt":{"rendered":"<p>D\u00e9sol\u00e9e \ud83d\ude41 cet article n&rsquo;est plus disponible.<\/p>\n<p>Mais ne repartez pas d\u00e9\u00e7u-e et allez voir notre s\u00e9lection de <a href=\"\/fr\/decoration-murale\/corbeilles\/\">corbeilles berb\u00e8res color\u00e9es<\/a>.<\/p>\n","protected":false},"featured_media":4770,"comment_status":"open","ping_status":"closed","template":"","meta":[],"product_brand":[],"product_cat":[474,23],"product_tag":[130,276,161,162,129,128,155,139,235,263,80,147,173,82,79,164,274],"class_list":{"0":"post-4763","1":"product","2":"type-product","3":"status-publish","4":"has-post-thumbnail","6":"product_cat-corbeilles","7":"product_cat-decoration-murale","8":"product_tag-art-de-la-table","9":"product_tag-art-mural","10":"product_tag-assiette-murale","11":"product_tag-binga","12":"product_tag-cadeau-femme","13":"product_tag-cadeau-pour-elle","14":"product_tag-decoration-etageres","15":"product_tag-graphique","16":"product_tag-multicolore","17":"product_tag-mur","18":"product_tag-osier","19":"product_tag-paniere","20":"product_tag-plateau","21":"product_tag-raphia","22":"product_tag-rotin","23":"product_tag-tonga","24":"product_tag-touareg","26":"first","27":"outofstock","28":"taxable","29":"shipping-taxable","30":"purchasable","31":"product-type-simple"},"_links":{"self":[{"href":"https:\/\/www.latitude31n.com\/fr\/wp-json\/wp\/v2\/product\/4763","targetHints":{"allow":["GET"]}}],"collection":[{"href":"https:\/\/www.latitude31n.com\/fr\/wp-json\/wp\/v2\/product"}],"about":[{"href":"https:\/\/www.latitude31n.com\/fr\/wp-json\/wp\/v2\/types\/product"}],"replies":[{"embeddable":true,"href":"https:\/\/www.latitude31n.com\/fr\/wp-json\/wp\/v2\/comments?post=4763"}],"wp:featuredmedia":[{"embeddable":true,"href":"https:\/\/www.latitude31n.com\/fr\/wp-json\/wp\/v2\/media\/4770"}],"wp:attachment":[{"href":"https:\/\/www.latitude31n.com\/fr\/wp-json\/wp\/v2\/media?parent=4763"}],"wp:term":[{"taxonomy":"product_brand","embeddable":true,"href":"https:\/\/www.latitude31n.com\/fr\/wp-json\/wp\/v2\/product_brand?post=4763"},{"taxonomy":"product_cat","embeddable":true,"href":"https:\/\/www.latitude31n.com\/fr\/wp-json\/wp\/v2\/product_cat?post=4763"},{"taxonomy":"product_tag","embeddable":true,"href":"https:\/\/www.latitude31n.com\/fr\/wp-json\/wp\/v2\/product_tag?post=4763"}],"curies":[{"name":"wp","href":"https:\/\/api.w.org\/{rel}","templated":true}]}}