{"id":4754,"date":"2021-09-02T11:28:17","date_gmt":"2021-09-02T10:28:17","guid":{"rendered":"https:\/\/www.latitude31n.com\/?post_type=product&#038;p=4754"},"modified":"2023-02-11T16:52:08","modified_gmt":"2023-02-11T15:52:08","slug":"corbeille-berbere-bleue-noire","status":"publish","type":"product","link":"https:\/\/www.latitude31n.com\/fr\/decoration-murale\/corbeilles\/corbeille-berbere-bleue-noire\/","title":{"rendered":"Corbeille murale berb\u00e8re bleue et noire"},"content":{"rendered":"<p>Corbeille \u00e0 fruits, grand vide-poche ou panier mural, \u00e0 vous de choisir.<\/p>\n<p>Cette pani\u00e8re ronde en osier tress\u00e9 main est recouverte de laine color\u00e9e par les femmes berb\u00e8res au Maroc. Les motifs g\u00e9om\u00e9triques naissent de l&rsquo;imagination de sa cr\u00e9atrice et sont <strong>uniques<\/strong>. Les dessins sont extr\u00eamement modernes tout en d\u00e9coulant d&rsquo;un savoir-faire traditionnel et ancestral.<\/p>\n<p>En d\u00e9coration murale, seul ou assorti \u00e0 d&rsquo;autres paniers muraux, cadres et autres d\u00e9corations murales. Mais aussi pour d\u00e9corer niches et \u00e9tag\u00e8res. Sur votre table de salle \u00e0 manger, salon ou dans la cuisine pour sublimer fruits ou rangement.<\/p>\n<p>Pourquoi je l&rsquo;aime :<\/p>\n<p><em>Celui-ci m&rsquo;a vraiment tap\u00e9 dans l&rsquo;\u0153il avec ces <strong>couleurs vibrantes et contrast\u00e9es<\/strong>. Le bleu p\u00e9tant et le noir forment des dessins d&rsquo;\u00e9toiles saisissants et graphiques.<\/em><\/p>\n<p>Dimensions : diam\u00e8tre 40cm<\/p>\n<p>Comme tout produit artisanal, la corbeille peut pr\u00e9senter certaines imperfections qui sont la garantie de son authenticit\u00e9 et le t\u00e9moin du travail humain.<\/p>\n","protected":false},"excerpt":{"rendered":"<p>D\u00e9sol\u00e9e \ud83d\ude41<\/p>\n<p>Vous arrivez trop tard, ce panier mural a d\u00e9j\u00e0 trouv\u00e9 acqu\u00e9reur. Mais ne repartez pas malheureux, et d\u00e9couvrez notre <a href=\"\/fr\/decoration-murale\/corbeilles\/\" target=\"_blank\" rel=\"noopener\">s\u00e9lection de corbeilles marocaines<\/a>.<\/p>\n","protected":false},"featured_media":4761,"comment_status":"open","ping_status":"closed","template":"","meta":[],"product_brand":[],"product_cat":[474,23],"product_tag":[130,276,161,162,262,148,261,260,139,154,140,80,173,149,82,79,164,274],"class_list":{"0":"post-4754","1":"product","2":"type-product","3":"status-publish","4":"has-post-thumbnail","6":"product_cat-corbeilles","7":"product_cat-decoration-murale","8":"product_tag-art-de-la-table","9":"product_tag-art-mural","10":"product_tag-assiette-murale","11":"product_tag-binga","12":"product_tag-circulaire","13":"product_tag-corbeille","14":"product_tag-corbeille-plate","15":"product_tag-ethnique","16":"product_tag-graphique","17":"product_tag-moderne","18":"product_tag-ornement","19":"product_tag-osier","20":"product_tag-plateau","21":"product_tag-rangement","22":"product_tag-raphia","23":"product_tag-rotin","24":"product_tag-tonga","25":"product_tag-touareg","27":"first","28":"outofstock","29":"taxable","30":"shipping-taxable","31":"purchasable","32":"product-type-simple"},"_links":{"self":[{"href":"https:\/\/www.latitude31n.com\/fr\/wp-json\/wp\/v2\/product\/4754","targetHints":{"allow":["GET"]}}],"collection":[{"href":"https:\/\/www.latitude31n.com\/fr\/wp-json\/wp\/v2\/product"}],"about":[{"href":"https:\/\/www.latitude31n.com\/fr\/wp-json\/wp\/v2\/types\/product"}],"replies":[{"embeddable":true,"href":"https:\/\/www.latitude31n.com\/fr\/wp-json\/wp\/v2\/comments?post=4754"}],"wp:featuredmedia":[{"embeddable":true,"href":"https:\/\/www.latitude31n.com\/fr\/wp-json\/wp\/v2\/media\/4761"}],"wp:attachment":[{"href":"https:\/\/www.latitude31n.com\/fr\/wp-json\/wp\/v2\/media?parent=4754"}],"wp:term":[{"taxonomy":"product_brand","embeddable":true,"href":"https:\/\/www.latitude31n.com\/fr\/wp-json\/wp\/v2\/product_brand?post=4754"},{"taxonomy":"product_cat","embeddable":true,"href":"https:\/\/www.latitude31n.com\/fr\/wp-json\/wp\/v2\/product_cat?post=4754"},{"taxonomy":"product_tag","embeddable":true,"href":"https:\/\/www.latitude31n.com\/fr\/wp-json\/wp\/v2\/product_tag?post=4754"}],"curies":[{"name":"wp","href":"https:\/\/api.w.org\/{rel}","templated":true}]}}