{"id":465,"date":"2021-05-28T09:18:58","date_gmt":"2021-05-28T08:18:58","guid":{"rendered":"https:\/\/www.latitude31n.com\/?post_type=product&#038;p=465"},"modified":"2025-12-20T12:19:08","modified_gmt":"2025-12-20T11:19:08","slug":"abat-jour-cone-ajoure","status":"publish","type":"product","link":"https:\/\/www.latitude31n.com\/fr\/luminaires\/abat-jour-cone-ajoure\/","title":{"rendered":"Lustre boh\u00e8me c\u00f4ne ajour\u00e9"},"content":{"rendered":"<h2><strong>Suspension paille tress\u00e9 au Maroc<br \/>\n<\/strong><\/h2>\n<p>Lampe \u00e0 suspendre compos\u00e9e d&rsquo;une association entre 2 tressages. L&rsquo;un est \u00ab\u00a0plein\u00a0\u00bb et tress\u00e9 \u00e0 partir d&rsquo;une\u00a0 plante m\u00e9diterran\u00e9enne, l&rsquo;alfa, sorte de paille que l&rsquo;on trouve au Maroc, tandis que l&rsquo;autre est r\u00e9alis\u00e9 \u00e0 partir de corde de palmier.<\/p>\n<p>Ces parties ouvertes apportent un plus de l\u00e9g\u00e8ret\u00e9 par rapport aux suspensions traditionnellement tress\u00e9es. Les franges en paille lui donnent un look a\u00e9rien.<\/p>\n<h2>Comment apporter une touche boh\u00e8me chic \u00e0 votre int\u00e9rieur?<\/h2>\n<p>Privil\u00e9giez les lignes \u00e9pur\u00e9es et les mati\u00e8res naturelles. Ce lustre tress\u00e9e en remplit toutes les caract\u00e9ristiques.<\/p>\n<p>Le c\u00f4t\u00e9 ajour\u00e9 du luminaire laisse passer la lumi\u00e8re tout en gardant l&rsquo;effet tamis\u00e9 que procure ces suspensions naturelles.<\/p>\n<p>Pourquoi je l&rsquo;aime :<\/p>\n<p><strong><em>J&rsquo;aime particuli\u00e8rement le contraste entre la mati\u00e8re brute et la sensation de l\u00e9g\u00e8ret\u00e9 donn\u00e9e par les parties ajour\u00e9es et les franges.<\/em><\/strong><\/p>\n<p>2 dimensions disponibles : 40xh40cm et 60xh60cm<\/p>\n<p>Possibilit\u00e9 de r\u00e9alisations sur commande.<\/p>\n<p>Plus de conseils et d&rsquo;infos dans <a href=\"\/fr\/doum-presentation-conseils-entretien\/\" target=\"_blank\" rel=\"noopener\">notre article sur la fibre <em>doum<\/em><\/a> avec laquelle est con\u00e7u ce lustre.<\/p>\n<p>Cette suspension est artisanale et unique. Elle peut comporter certaines irr\u00e9gularit\u00e9s qui en font tout le charme. Il peut y avoir de l\u00e9g\u00e8res variations dans la forme, la dimension ou la couleur, selon la condition de la mati\u00e8re. La couleur est souvent verte quand la mati\u00e8re est jeune et devient de plus en plus jaune ou bronz\u00e9e, avec le temps et le soleil.<\/p>\n<p>Conseils<\/p>\n<p>* Pour acc\u00e9l\u00e9rer le jaunissement de la fibre, laisser la suspension au soleil pendant quelques jours.<br \/>\n* La fibre d&rsquo;alfa, herbe m\u00e9diterran\u00e9enne utilis\u00e9e pour la confection de ces luminaires, est mall\u00e9able. Si elle a \u00e9t\u00e9 pli\u00e9e pendant le transport et conserve la forme due au transport, la laisser quelques heures au sol le temps qu&rsquo;elle reprenne sa forme habituelle. Si ce n&rsquo;est pas le cas, vous pouvez l&rsquo;asperger l\u00e9g\u00e8rement et l&rsquo;aider avec des poids ou des gabarits.<\/p>\n<p>C\u00e2ble \u00e9lectrique non compris.<br \/>\nUne anse est pr\u00e9vue pour l&rsquo;accrocher. Pour plus de conseils sur l&rsquo;installation, veuillez consulter notre <a href=\"\/fr\/installer-suspension-paille\/\" target=\"_blank\" rel=\"noopener\">article sur les diff\u00e9rentes m\u00e9thodes d&rsquo;accroche de nos suspensions<\/a>.<\/p>\n<p>&nbsp;<\/p>\n","protected":false},"excerpt":{"rendered":"<p>Suspension nomade l\u00e9g\u00e8re compos\u00e9e d&rsquo;une association entre 2 tressages, l&rsquo;un traditionnel et plein, l&rsquo;autre en grosses mailles de corde de palmier. Sa forme de c\u00f4ne classique et la technique du tressage ouvert offre un design naturel et chaleureux.<\/p>\n<p>Dans un pur esprit boh\u00e8me chic inspiration bord de mer.<\/p>\n","protected":false},"featured_media":478,"comment_status":"open","ping_status":"closed","template":"","meta":[],"product_brand":[],"product_cat":[22,894],"product_tag":[87,83,88,85,461,308,307,212,80,82,79],"class_list":{"0":"post-465","1":"product","2":"type-product","3":"status-publish","4":"has-post-thumbnail","6":"product_cat-luminaires","7":"product_cat-suspension-paille","8":"product_tag-boheme","9":"product_tag-brins","10":"product_tag-exotique","11":"product_tag-lampe","12":"product_tag-latitude-lumineuse","13":"product_tag-maison-de-plage","14":"product_tag-maison-de-vacances","15":"product_tag-mer","16":"product_tag-osier","17":"product_tag-raphia","18":"product_tag-rotin","20":"first","21":"instock","22":"taxable","23":"shipping-taxable","24":"purchasable","25":"product-type-variable"},"_links":{"self":[{"href":"https:\/\/www.latitude31n.com\/fr\/wp-json\/wp\/v2\/product\/465","targetHints":{"allow":["GET"]}}],"collection":[{"href":"https:\/\/www.latitude31n.com\/fr\/wp-json\/wp\/v2\/product"}],"about":[{"href":"https:\/\/www.latitude31n.com\/fr\/wp-json\/wp\/v2\/types\/product"}],"replies":[{"embeddable":true,"href":"https:\/\/www.latitude31n.com\/fr\/wp-json\/wp\/v2\/comments?post=465"}],"wp:featuredmedia":[{"embeddable":true,"href":"https:\/\/www.latitude31n.com\/fr\/wp-json\/wp\/v2\/media\/478"}],"wp:attachment":[{"href":"https:\/\/www.latitude31n.com\/fr\/wp-json\/wp\/v2\/media?parent=465"}],"wp:term":[{"taxonomy":"product_brand","embeddable":true,"href":"https:\/\/www.latitude31n.com\/fr\/wp-json\/wp\/v2\/product_brand?post=465"},{"taxonomy":"product_cat","embeddable":true,"href":"https:\/\/www.latitude31n.com\/fr\/wp-json\/wp\/v2\/product_cat?post=465"},{"taxonomy":"product_tag","embeddable":true,"href":"https:\/\/www.latitude31n.com\/fr\/wp-json\/wp\/v2\/product_tag?post=465"}],"curies":[{"name":"wp","href":"https:\/\/api.w.org\/{rel}","templated":true}]}}