{"id":4522,"date":"2021-08-28T12:33:09","date_gmt":"2021-08-28T11:33:09","guid":{"rendered":"https:\/\/www.latitude31n.com\/?post_type=product&#038;p=4522"},"modified":"2026-01-19T21:39:13","modified_gmt":"2026-01-19T20:39:13","slug":"trophee-mural-dane-brodee","status":"publish","type":"product","link":"https:\/\/www.latitude31n.com\/fr\/decoration-maison\/trophee-mural-dane-brodee\/","title":{"rendered":"Troph\u00e9e mural \u00e2ne brod\u00e9e"},"content":{"rendered":"<h2><strong>Troph\u00e9e mural customis\u00e9 : l&rsquo;\u00e2ne rigolo<\/strong><\/h2>\n<p>Le faux troph\u00e9e est tress\u00e9 traditionnellement en mati\u00e8res naturelles v\u00e9g\u00e9tales. La t\u00eate d&rsquo;\u00e2ne est ensuite customis\u00e9e et brod\u00e9e en laine color\u00e9e pour un effet boh\u00e8me funky et fantaisiste<strong>.<\/strong> Avec ses teintes roses et bleues particuli\u00e8rement p\u00e9chues, la sculpture animali\u00e8re \u00e9gayera vos murs tout en ajoutant couleur et fun sur vos murs.<\/p>\n<h2><strong>D\u00e9co murale color\u00e9e et personnalis\u00e9e<\/strong><\/h2>\n<p>Ce gentil animal fera particuli\u00e8rement la joie des enfants, mais aussi de tous ceux qui veulent une d\u00e9co originale, personnalis\u00e9e et color\u00e9e pop.<\/p>\n<p>La d\u00e9coration murale est unique, tress\u00e9e et brod\u00e9e \u00e0 la main, elle r\u00e9jouira les enfants et suscitera de nombreuses r\u00e9actions de vos amis et invit\u00e9s.<\/p>\n<p>Pourquoi je l&rsquo;aime :<\/p>\n<p><strong><em>J&rsquo;adore ces teintes contrast\u00e9es et vibrantes.<\/em><\/strong><\/p>\n<p>Si vous aimez l&rsquo;originalit\u00e9 de cette fausse taxidermie, la <a href=\"\/fr\/trophees-tetes-animaux\/trophee-ane-criniere\/\" target=\"_blank\" rel=\"noopener\">t\u00eate d&rsquo;\u00e2ne avec houpette hirsute<\/a> ou <a href=\"\/fr\/trophees-tetes-animaux\/trophee-tete-dane-chevelu\/\" target=\"_blank\" rel=\"noopener\">l&rsquo;\u00e2ne chevelu<\/a> pourront \u00e9galement vous plaire. Dans d&rsquo;autres teintes, existe aussi l&rsquo;<a href=\"\/fr\/deco-enfant\/ane-decoratif-funky\/\" target=\"_blank\" rel=\"noopener\">\u00e2ne d\u00e9cor\u00e9<\/a>.<\/p>\n<p>Dimensions : environ 45x15x15 cm<\/p>\n<p>A accrocher tel quel, avec un crochet L, la t\u00eate semble sortir tout droit du mur.<\/p>\n<p>Ce <strong>p<\/strong>roduit artisanal marocain peut comporter certaines imperfections qui sont le t\u00e9moin de la main de l&rsquo;homme et garantissent son authenticit\u00e9.<\/p>\n<p>Ils sont tous uniques, et peuvent avoir un design l\u00e9g\u00e8rement diff\u00e9rent. Ils sont fabriqu\u00e9s \u00e0 partir d&rsquo;une plante m\u00e9diterran\u00e9enne r\u00e9sistante appel\u00e9e alfa, <a href=\"\/fr\/doum-presentation-conseils-entretien\/\">doum<\/a> ou esparto, proche du rotin, de l&rsquo;osier ou du bambou.\u00a0 Elle peut avoir une teinte ou des nuances diff\u00e9rentes selon la p\u00e9riode o\u00f9 elle a \u00e9t\u00e9 cueillie (pluie, s\u00e9cheresse..). Elle est souvent verte lorsqu&rsquo;elle vient d&rsquo;\u00eatre cueillie, mais la fibre jaunira avec le temps. Pour acc\u00e9l\u00e9rer le jaunissement, vous pouvez laisser la t\u00eate au soleil.<\/p>\n<p>&nbsp;<\/p>\n","protected":false},"excerpt":{"rendered":"<h2>D\u00e9coration murale originale, color\u00e9e et romantique.<\/h2>\n<p>Le troph\u00e9e animal d\u00e9coratif en mati\u00e8res naturelles revisit\u00e9 avec humour les anciens troph\u00e9es de chasse.<\/p>\n<p>&nbsp;<\/p>\n","protected":false},"featured_media":4526,"comment_status":"open","ping_status":"closed","template":"","meta":[],"product_brand":[],"product_cat":[467,598,24],"product_tag":[108,109,73,551,552,460,463,235,80,82,79],"class_list":{"0":"post-4522","1":"product","2":"type-product","3":"status-publish","4":"has-post-thumbnail","6":"product_cat-decoration-maison","7":"product_cat-soldes","8":"product_cat-trophees-tetes-animaux","9":"product_tag-chambre-denfant","10":"product_tag-chambre-de-bebe","11":"product_tag-enfant","12":"product_tag-girly","13":"product_tag-jeune-fille","14":"product_tag-latitude-fun","15":"product_tag-latitude-pop","16":"product_tag-multicolore","17":"product_tag-osier","18":"product_tag-raphia","19":"product_tag-rotin","21":"first","22":"instock","23":"sale","24":"taxable","25":"shipping-taxable","26":"purchasable","27":"product-type-simple"},"_links":{"self":[{"href":"https:\/\/www.latitude31n.com\/fr\/wp-json\/wp\/v2\/product\/4522","targetHints":{"allow":["GET"]}}],"collection":[{"href":"https:\/\/www.latitude31n.com\/fr\/wp-json\/wp\/v2\/product"}],"about":[{"href":"https:\/\/www.latitude31n.com\/fr\/wp-json\/wp\/v2\/types\/product"}],"replies":[{"embeddable":true,"href":"https:\/\/www.latitude31n.com\/fr\/wp-json\/wp\/v2\/comments?post=4522"}],"wp:featuredmedia":[{"embeddable":true,"href":"https:\/\/www.latitude31n.com\/fr\/wp-json\/wp\/v2\/media\/4526"}],"wp:attachment":[{"href":"https:\/\/www.latitude31n.com\/fr\/wp-json\/wp\/v2\/media?parent=4522"}],"wp:term":[{"taxonomy":"product_brand","embeddable":true,"href":"https:\/\/www.latitude31n.com\/fr\/wp-json\/wp\/v2\/product_brand?post=4522"},{"taxonomy":"product_cat","embeddable":true,"href":"https:\/\/www.latitude31n.com\/fr\/wp-json\/wp\/v2\/product_cat?post=4522"},{"taxonomy":"product_tag","embeddable":true,"href":"https:\/\/www.latitude31n.com\/fr\/wp-json\/wp\/v2\/product_tag?post=4522"}],"curies":[{"name":"wp","href":"https:\/\/api.w.org\/{rel}","templated":true}]}}