{"id":451,"date":"2021-05-28T09:18:58","date_gmt":"2021-05-28T08:18:58","guid":{"rendered":"https:\/\/www.latitude31n.com\/?post_type=product&#038;p=451"},"modified":"2026-01-19T15:59:58","modified_gmt":"2026-01-19T14:59:58","slug":"suspension-dome-tresse","status":"publish","type":"product","link":"https:\/\/www.latitude31n.com\/fr\/luminaires\/suspension-dome-tresse\/","title":{"rendered":"suspension boh\u00e8me d\u00f4me tress\u00e9"},"content":{"rendered":"<h2>Suspension rotin ronde, ambiance boh\u00e8me<\/h2>\n<p>Cet abat-jour suspendu ethnique et boh\u00e8me toute en rondeur souffle un vent chaud dans la maison. Les suspensions en paille, en rotin ou en mati\u00e8res naturelles s&rsquo;inscrivent dans une tendance assum\u00e9e d&rsquo;envie de vacances. Et, pour notre plus grand bonheur, elles apportent chaleur, texture et profondeur dans un int\u00e9rieur moderne.<\/p>\n<h2>La vannerie, un artisanat marocain reconnu<\/h2>\n<p>Dans une mati\u00e8re totalement naturelle, dans l&rsquo;esprit de la paille, du rotin ou de l&rsquo;osier, que les marocains appellent alfa ou <a href=\"\/fr\/doum-presentation-conseils-entretien\/\" target=\"_blank\" rel=\"noopener\"><em>doum<\/em><\/a>, ce qui signifie feuilles de palmier. Cette fibre est tr\u00e8s r\u00e9sistante, waterproof et totalement \u00e9cologique. La suspension boh\u00e8me est agr\u00e9ment\u00e9 d&rsquo;une \u00ab\u00a0poign\u00e9e\u00a0\u00bb sur le haut, afin de l&rsquo;accrocher plus facilement.<\/p>\n<p>La suspension paille ronde diffuse tr\u00e8s bien la lumi\u00e8re malgr\u00e9 l&rsquo;\u00e9paisseur du tressage.<\/p>\n<p>Pourquoi je l&rsquo;aime :<\/p>\n<p><strong><em>Sa forme d\u00f4me toute en rondeur et ses franges pour un look a\u00e9rien.<\/em><\/strong><\/p>\n<p>2 dimensions : h30x50cm et h 50x75cm<\/p>\n<p>Cette suspension est artisanale et unique. Elle peut comporter certaines irr\u00e9gularit\u00e9s qui en font tout le charme. Il peut y avoir de l\u00e9g\u00e8res variations dans la forme, la dimension ou la couleur, selon la condition de la mati\u00e8re. La couleur est souvent verte quand la mati\u00e8re est jeune et devient de plus en plus jaune ou bronz\u00e9e, avec le temps et le soleil.<\/p>\n<p>C\u00e2ble \u00e9lectrique non compris, il suffit de passer le fil directement dans le trou pr\u00e9vu \u00e0 cet effet. N&rsquo;h\u00e9sitez pas \u00e0 consulter notre article sur les diff\u00e9rentes mani\u00e8res d&rsquo;<a href=\"\/fr\/installer-suspension-paille\/\" target=\"_blank\" rel=\"noopener\">accrocher votre suspension paille<\/a>.<\/p>\n<p>Conseils<\/p>\n<p>* Pour acc\u00e9l\u00e9rer le jaunissement de la fibre, laisser la suspension au soleil pendant quelques jours.<br \/>\n* La fibre d&rsquo;alfa, herbe m\u00e9diterran\u00e9enne utilis\u00e9e pour la confection de ces luminaires, est mall\u00e9able. Si elle a \u00e9t\u00e9 pli\u00e9e pendant le transport et conserve la forme due au transport, la laisser quelques heures au sol le temps qu&rsquo;elle reprenne sa forme habituelle. Si ce n&rsquo;est pas le cas, vous pouvez l&rsquo;asperger l\u00e9g\u00e8rement et l&rsquo;aider avec des poids ou des gabarits.<\/p>\n<p>&nbsp;<\/p>\n<p>Plus de conseils et d&rsquo;informations sur la <a href=\"\/fr\/doum-presentation-conseils-entretien\/\" target=\"_blank\" rel=\"noopener\">fibre <em>doum<\/em> dans notre article sur le blog<\/a>.<\/p>\n<p>&nbsp;<\/p>\n","protected":false},"excerpt":{"rendered":"<p>Cet abat-jour suspendu ethnique et boh\u00e8me toute en rondeur souffle un vent\u00a0 d&rsquo;ailleurs dans la maison. Un bon moyen d&rsquo;apporter chaleur et texture dans un int\u00e9rieur moderne.<\/p>\n<p>&nbsp;<\/p>\n","protected":false},"featured_media":458,"comment_status":"open","ping_status":"closed","template":"","meta":[],"product_brand":[],"product_cat":[22,894],"product_tag":[461],"class_list":{"0":"post-451","1":"product","2":"type-product","3":"status-publish","4":"has-post-thumbnail","6":"product_cat-luminaires","7":"product_cat-suspension-paille","8":"product_tag-latitude-lumineuse","10":"first","11":"instock","12":"taxable","13":"shipping-taxable","14":"purchasable","15":"product-type-variable"},"_links":{"self":[{"href":"https:\/\/www.latitude31n.com\/fr\/wp-json\/wp\/v2\/product\/451","targetHints":{"allow":["GET"]}}],"collection":[{"href":"https:\/\/www.latitude31n.com\/fr\/wp-json\/wp\/v2\/product"}],"about":[{"href":"https:\/\/www.latitude31n.com\/fr\/wp-json\/wp\/v2\/types\/product"}],"replies":[{"embeddable":true,"href":"https:\/\/www.latitude31n.com\/fr\/wp-json\/wp\/v2\/comments?post=451"}],"wp:featuredmedia":[{"embeddable":true,"href":"https:\/\/www.latitude31n.com\/fr\/wp-json\/wp\/v2\/media\/458"}],"wp:attachment":[{"href":"https:\/\/www.latitude31n.com\/fr\/wp-json\/wp\/v2\/media?parent=451"}],"wp:term":[{"taxonomy":"product_brand","embeddable":true,"href":"https:\/\/www.latitude31n.com\/fr\/wp-json\/wp\/v2\/product_brand?post=451"},{"taxonomy":"product_cat","embeddable":true,"href":"https:\/\/www.latitude31n.com\/fr\/wp-json\/wp\/v2\/product_cat?post=451"},{"taxonomy":"product_tag","embeddable":true,"href":"https:\/\/www.latitude31n.com\/fr\/wp-json\/wp\/v2\/product_tag?post=451"}],"curies":[{"name":"wp","href":"https:\/\/api.w.org\/{rel}","templated":true}]}}