{"id":4493,"date":"2021-08-26T18:07:30","date_gmt":"2021-08-26T17:07:30","guid":{"rendered":"https:\/\/www.latitude31n.com\/?post_type=product&#038;p=4493"},"modified":"2024-08-26T16:28:55","modified_gmt":"2024-08-26T15:28:55","slug":"chapeau-ethnique-africain","status":"publish","type":"product","link":"https:\/\/www.latitude31n.com\/fr\/decoration-murale\/chapeaux\/chapeau-ethnique-africain\/","title":{"rendered":"Chapeau africain en paille"},"content":{"rendered":"<h2>Chapeau en paille tress\u00e9 main en Afrique.<\/h2>\n<p>Ce chapeau ethnique vous bluffera, que vous l&rsquo;utilisiez en <strong>d\u00e9coration murale boh\u00e8me<\/strong> ou port\u00e9 comme <strong>accessoire de plage<\/strong>, en protection du soleil. Avec son large bord, le panama africain couvre bien le visage et sa lani\u00e8re r\u00e9glable en cuir lui permet de ne pas s&rsquo;envoler ou de le porter nonchalamment dans le dos.<\/p>\n<h2>Accessoire de mode ou d\u00e9coration murale ethnique<\/h2>\n<p>Accroch\u00e9 au mur, le chapeau africain en paille vous permet de cr\u00e9er une ambiance ethnique et color\u00e9e. En association avec d&rsquo;autres chapeaux du monde entier, ou en d\u00e9coration murale originale, le chapeau Bolga fera toujours son effet.<\/p>\n<p>Pourquoi je l&rsquo;aime :<\/p>\n<p><strong><em>Ultra-color\u00e9. Aux couleurs de l&rsquo;Afrique.<\/em><\/strong><\/p>\n<p>Dimensions : environ 40cm de diam\u00e8tre<\/p>\n<p>Comme tout produit artisanal, ce chapeau en paille peut comporter certaines imperfections qui sont la garantie de son authenticit\u00e9.<\/p>\n","protected":false},"excerpt":{"rendered":"<p>Que ce soit en d\u00e9co murale ou sur votre t\u00eate, ce chapeau de paille tress\u00e9 en Afrique fera tourner les t\u00eates.<\/p>\n<p>Son plus : ses couleurs joyeuses<br \/>\nChapeau unisexe<br \/>\nDimensions : \u00f840cm<\/p>\n<p>&nbsp;<\/p>\n","protected":false},"featured_media":28626,"comment_status":"open","ping_status":"closed","template":"","meta":[],"product_brand":[],"product_cat":[499,23],"product_tag":[215,214,88,212,80],"class_list":{"0":"post-4493","1":"product","2":"type-product","3":"status-publish","4":"has-post-thumbnail","6":"product_cat-chapeaux","7":"product_cat-decoration-murale","8":"product_tag-coiffe","9":"product_tag-couvre-chef","10":"product_tag-exotique","11":"product_tag-mer","12":"product_tag-osier","14":"first","15":"instock","16":"taxable","17":"shipping-taxable","18":"purchasable","19":"product-type-simple"},"_links":{"self":[{"href":"https:\/\/www.latitude31n.com\/fr\/wp-json\/wp\/v2\/product\/4493","targetHints":{"allow":["GET"]}}],"collection":[{"href":"https:\/\/www.latitude31n.com\/fr\/wp-json\/wp\/v2\/product"}],"about":[{"href":"https:\/\/www.latitude31n.com\/fr\/wp-json\/wp\/v2\/types\/product"}],"replies":[{"embeddable":true,"href":"https:\/\/www.latitude31n.com\/fr\/wp-json\/wp\/v2\/comments?post=4493"}],"wp:featuredmedia":[{"embeddable":true,"href":"https:\/\/www.latitude31n.com\/fr\/wp-json\/wp\/v2\/media\/28626"}],"wp:attachment":[{"href":"https:\/\/www.latitude31n.com\/fr\/wp-json\/wp\/v2\/media?parent=4493"}],"wp:term":[{"taxonomy":"product_brand","embeddable":true,"href":"https:\/\/www.latitude31n.com\/fr\/wp-json\/wp\/v2\/product_brand?post=4493"},{"taxonomy":"product_cat","embeddable":true,"href":"https:\/\/www.latitude31n.com\/fr\/wp-json\/wp\/v2\/product_cat?post=4493"},{"taxonomy":"product_tag","embeddable":true,"href":"https:\/\/www.latitude31n.com\/fr\/wp-json\/wp\/v2\/product_tag?post=4493"}],"curies":[{"name":"wp","href":"https:\/\/api.w.org\/{rel}","templated":true}]}}