{"id":4491,"date":"2021-08-26T17:44:53","date_gmt":"2021-08-26T16:44:53","guid":{"rendered":"https:\/\/www.latitude31n.com\/?post_type=product&#038;p=4491"},"modified":"2025-07-30T17:02:43","modified_gmt":"2025-07-30T16:02:43","slug":"chapeau-paille-ethnique","status":"publish","type":"product","link":"https:\/\/www.latitude31n.com\/fr\/decoration-murale\/chapeaux\/chapeau-paille-ethnique\/","title":{"rendered":"Chapeau paille ethnique"},"content":{"rendered":"<h2>Chapeau couvre-chef de l&rsquo;\u00e9t\u00e9<\/h2>\n<p>Chapeau ethnique en paille tress\u00e9 main en Afrique. Il vous bluffera, que vous l&rsquo;utilisiez en <strong>d\u00e9coration murale ethnique <\/strong>ou port\u00e9 comme<strong> accessoire de plage<\/strong>, en protection du soleil. Avec son large bord, le panama couvre bien le visage et sa lani\u00e8re r\u00e9glable en cuir lui permet de ne pas s&rsquo;envoler ou de le porter nonchalamment dans le dos. Son poids l\u00e9ger en fait le couvre-chef parfait pour l&rsquo;\u00e9t\u00e9.<\/p>\n<h2>D\u00e9co murale boh\u00e8me et ethnique<\/h2>\n<p>Accroch\u00e9 au mur, le chapeau exotique vous permet de cr\u00e9er une <strong>ambiance boh\u00e8me et d\u00e9contract\u00e9e<\/strong> tr\u00e8s facilement. En trio d\u00e9cal\u00e9, en ligne dans l&rsquo;entr\u00e9e, assorti avec d&rsquo;autres chapeaux du monde entier, le chapeau en paille naturelle fera toujours son effet.<\/p>\n<p>Pourquoi je l&rsquo;aime :<\/p>\n<p><strong><em>Ethnique et moderne, il est tout aussi sympa sur votre t\u00eate que sur votre mur. La mati\u00e8re est d\u00e9licate, tress\u00e9e tr\u00e8s finement.\u00a0<\/em><\/strong><\/p>\n<p>Dimensions : environ 40cm de diam\u00e8tre<\/p>\n<p>Les 3 chapeaux pr\u00e9sent\u00e9s sur la photo ne sont plus disponibles. Celui que vous aurez est celui qui est pr\u00e9sent\u00e9 tout seul.<\/p>\n<p>Pour homme ou femme.<\/p>\n<p>Comme tout produit artisanal, ce chapeau de paille peut comporter certaines imperfections qui sont la garantie de son authenticit\u00e9.<\/p>\n","protected":false},"excerpt":{"rendered":"<p>Chapeau boh\u00e8me africain \u00e0 larges bords pour une bonne protection. Le tressage et la mati\u00e8re naturelle sont tr\u00e8s fins. Superbe aussi en d\u00e9coration murale..<\/p>\n<p>&nbsp;<\/p>\n<p>&nbsp;<\/p>\n","protected":false},"featured_media":4481,"comment_status":"open","ping_status":"closed","template":"","meta":[],"product_brand":[],"product_cat":[499,23],"product_tag":[129,128,211,215,214,212,80,213,79],"class_list":{"0":"post-4491","1":"product","2":"type-product","3":"status-publish","4":"has-post-thumbnail","6":"product_cat-chapeaux","7":"product_cat-decoration-murale","8":"product_tag-cadeau-femme","9":"product_tag-cadeau-pour-elle","10":"product_tag-capeline","11":"product_tag-coiffe","12":"product_tag-couvre-chef","13":"product_tag-mer","14":"product_tag-osier","15":"product_tag-plage","16":"product_tag-rotin","18":"first","19":"instock","20":"taxable","21":"shipping-taxable","22":"purchasable","23":"product-type-simple"},"_links":{"self":[{"href":"https:\/\/www.latitude31n.com\/fr\/wp-json\/wp\/v2\/product\/4491","targetHints":{"allow":["GET"]}}],"collection":[{"href":"https:\/\/www.latitude31n.com\/fr\/wp-json\/wp\/v2\/product"}],"about":[{"href":"https:\/\/www.latitude31n.com\/fr\/wp-json\/wp\/v2\/types\/product"}],"replies":[{"embeddable":true,"href":"https:\/\/www.latitude31n.com\/fr\/wp-json\/wp\/v2\/comments?post=4491"}],"wp:featuredmedia":[{"embeddable":true,"href":"https:\/\/www.latitude31n.com\/fr\/wp-json\/wp\/v2\/media\/4481"}],"wp:attachment":[{"href":"https:\/\/www.latitude31n.com\/fr\/wp-json\/wp\/v2\/media?parent=4491"}],"wp:term":[{"taxonomy":"product_brand","embeddable":true,"href":"https:\/\/www.latitude31n.com\/fr\/wp-json\/wp\/v2\/product_brand?post=4491"},{"taxonomy":"product_cat","embeddable":true,"href":"https:\/\/www.latitude31n.com\/fr\/wp-json\/wp\/v2\/product_cat?post=4491"},{"taxonomy":"product_tag","embeddable":true,"href":"https:\/\/www.latitude31n.com\/fr\/wp-json\/wp\/v2\/product_tag?post=4491"}],"curies":[{"name":"wp","href":"https:\/\/api.w.org\/{rel}","templated":true}]}}