{"id":448,"date":"2021-05-28T09:18:57","date_gmt":"2021-05-28T08:18:57","guid":{"rendered":"https:\/\/www.latitude31n.com\/?post_type=product&#038;p=448"},"modified":"2025-07-10T14:47:29","modified_gmt":"2025-07-10T13:47:29","slug":"suspension-parasol-moyenne","status":"publish","type":"product","link":"https:\/\/www.latitude31n.com\/fr\/luminaires\/suspension-parasol-moyenne\/","title":{"rendered":"Suspension parasol moyenne"},"content":{"rendered":"<h2><strong>Suspension plate \u00e0 franges<\/strong><\/h2>\n<p>De taille moyenne, ce plafonnier suspendu \u00e0 la forme parasol, est plus plat, car moins lourd que les plus grandes versions. On peut soit lui donner un aspect assez droit, soit le plier l\u00e9g\u00e8rement afin de lui donner cette forme \u00ab\u00a0tacos\u00a0\u00bb typique de ces abat-jours parasol.<\/p>\n<h2><strong>Un look naturel<\/strong><\/h2>\n<p>Elles apportent \u00e9norm\u00e9ment de charme et une touche naturelle \u00e0 tout int\u00e9rieur. Ses franges qui retombent sur les bords rajoutent un effet l\u00e9ger et a\u00e9rien comme si la suspension flottait au-dessus de nos t\u00eates.<\/p>\n<p>Enti\u00e8rement tress\u00e9e \u00e0 la main, en <a href=\"\/fr\/doum-presentation-conseils-entretien\/\" target=\"_blank\" rel=\"noopener\"><em>doum<\/em><\/a> marocain, cette paille issue du palmier, elle a une odeur tr\u00e8s agr\u00e9able et \u00e9vocatrice.<\/p>\n<p>Pourquoi je l&rsquo;aime :<\/p>\n<p><em><strong>Avec un look qui oscille entre le chapeau et le parasol, elle est tout aussi sympa que les plus grandes.<\/strong><\/em><\/p>\n<p>Dimensions : 70cm de diam\u00e8tre.<\/p>\n<p>Vous trouverez sur notre site le m\u00eame<a href=\"\/fr\/luminaires\/suspension-parasol-80cm\/\" target=\"_blank\" rel=\"noopener\"> mod\u00e8le en 80cm<\/a>, ou, pour ceux qui voient tr\u00e8s grand, le <a href=\"\/fr\/luminaires\/grande-suspension-tressee-parasol-1m\/\" target=\"_blank\" rel=\"noopener\">mod\u00e8le en 1m<\/a>.<\/p>\n<p>Cette suspension est artisanale et unique. Elle peut comporter certaines irr\u00e9gularit\u00e9s qui en font tout le charme. Il peut y avoir de l\u00e9g\u00e8res variations dans la forme, la dimension ou la couleur, selon la condition de la mati\u00e8re. La couleur est souvent verte quand la mati\u00e8re est jeune et devient de plus en plus jaune ou bronz\u00e9e, avec le temps et le soleil.<\/p>\n<p>Conseils (pour aller plus loin sur la fibre de palmier doum, veuillez consulter <a href=\"\/fr\/doum-presentation-conseils-entretien\/\" target=\"_blank\" rel=\"noopener\">notre article sur le blog<\/a>).<\/p>\n<p>* Pour acc\u00e9l\u00e9rer le jaunissement de la fibre, laisser la suspension au soleil pendant quelques jours.<br \/>\n* La fibre d&rsquo;alfa, herbe m\u00e9diterran\u00e9enne utilis\u00e9e pour la confection de ces luminaires, est mall\u00e9able. Si elle a \u00e9t\u00e9 pli\u00e9e pendant le transport et conserve la forme due au transport, la laisser quelques heures au sol le temps qu&rsquo;elle reprenne sa forme habituelle. Si ce n&rsquo;est pas le cas, vous pouvez l&rsquo;asperger l\u00e9g\u00e8rement et l&rsquo;aider avec des poids ou des gabarits.<\/p>\n<p>C\u00e2ble \u00e9lectrique non compris.<br \/>\nUne anse est pr\u00e9vue pour l&rsquo;accrocher. Pour plus de conseils sur l&rsquo;installation, veuillez consulter notre <a href=\"\/fr\/installer-suspension-paille\/\" target=\"_blank\" rel=\"noopener\">article sur les diff\u00e9rentes m\u00e9thodes d&rsquo;accroche de nos suspensions<\/a>.<\/p>\n","protected":false},"excerpt":{"rendered":"<p>Ce plafonnier boh\u00e8me chic de taille moyenne se suspend \u00e0 plat ou l\u00e9g\u00e8rement pli\u00e9 pour un rendu <em>\u00ab\u00a0RDV \u00e0 la plage sous un parasol et mon cocktail \u00e0 la main\u00a0\u00bb.<\/em><\/p>\n<p>En palmier naturel du Maroc, fait main par les artisans vanniers.<\/p>\n","protected":false},"featured_media":168,"comment_status":"open","ping_status":"closed","template":"","meta":[],"product_brand":[],"product_cat":[22,894],"product_tag":[461],"class_list":{"0":"post-448","1":"product","2":"type-product","3":"status-publish","4":"has-post-thumbnail","6":"product_cat-luminaires","7":"product_cat-suspension-paille","8":"product_tag-latitude-lumineuse","10":"first","11":"instock","12":"taxable","13":"shipping-taxable","14":"purchasable","15":"product-type-simple"},"_links":{"self":[{"href":"https:\/\/www.latitude31n.com\/fr\/wp-json\/wp\/v2\/product\/448","targetHints":{"allow":["GET"]}}],"collection":[{"href":"https:\/\/www.latitude31n.com\/fr\/wp-json\/wp\/v2\/product"}],"about":[{"href":"https:\/\/www.latitude31n.com\/fr\/wp-json\/wp\/v2\/types\/product"}],"replies":[{"embeddable":true,"href":"https:\/\/www.latitude31n.com\/fr\/wp-json\/wp\/v2\/comments?post=448"}],"wp:featuredmedia":[{"embeddable":true,"href":"https:\/\/www.latitude31n.com\/fr\/wp-json\/wp\/v2\/media\/168"}],"wp:attachment":[{"href":"https:\/\/www.latitude31n.com\/fr\/wp-json\/wp\/v2\/media?parent=448"}],"wp:term":[{"taxonomy":"product_brand","embeddable":true,"href":"https:\/\/www.latitude31n.com\/fr\/wp-json\/wp\/v2\/product_brand?post=448"},{"taxonomy":"product_cat","embeddable":true,"href":"https:\/\/www.latitude31n.com\/fr\/wp-json\/wp\/v2\/product_cat?post=448"},{"taxonomy":"product_tag","embeddable":true,"href":"https:\/\/www.latitude31n.com\/fr\/wp-json\/wp\/v2\/product_tag?post=448"}],"curies":[{"name":"wp","href":"https:\/\/api.w.org\/{rel}","templated":true}]}}