{"id":4461,"date":"2021-08-26T17:41:36","date_gmt":"2021-08-26T16:41:36","guid":{"rendered":"https:\/\/www.latitude31n.com\/?post_type=product&#038;p=4461"},"modified":"2026-04-04T01:17:59","modified_gmt":"2026-04-04T00:17:59","slug":"chapeau-paille-africain","status":"publish","type":"product","link":"https:\/\/www.latitude31n.com\/fr\/decoration-murale\/chapeaux\/chapeau-paille-africain\/","title":{"rendered":"Chapeau paille africain"},"content":{"rendered":"<h2>Chapeau ethnique en paille tress\u00e9 main en Afrique.<\/h2>\n<p>Il vous bluffera, que vous l&rsquo;utilisiez en d\u00e9coration murale boh\u00e8me ou port\u00e9 comme accessoire de plage, en protection du soleil. Avec son large bord, le panama couvre bien le visage et sa lani\u00e8re r\u00e9glable en cuir lui permet de ne pas s&rsquo;envoler ou de le porter nonchalamment dans le dos. Son poids l\u00e9ger en fait le couvre-chef parfait pour l\u2019\u00e9t\u00e9.<\/p>\n<p>Accroch\u00e9 au mur, le chapeau exotique vous permet de cr\u00e9er une ambiance boh\u00e8me et d\u00e9contract\u00e9e tr\u00e8s facilement. En trio d\u00e9cal\u00e9, en ligne dans l&rsquo;entr\u00e9e, assorti avec d&rsquo;autres chapeaux du monde entier, le chapeau en paille naturelle fera toujours son effet.<\/p>\n<p>Pourquoi je l&rsquo;aime :<\/p>\n<p><strong><em>Ethnique et moderne, il est tout aussi sympa port\u00e9 qu&rsquo;en d\u00e9co. La mati\u00e8re est d\u00e9licate, tress\u00e9e tr\u00e8s finement. J&rsquo;aime particuli\u00e8rement le bord ray\u00e9 de celui-ci.<\/em><\/strong><\/p>\n<p>Les trois chapeaux visibles sur la photo d\u00e9co ne sont plus disponibles.<\/p>\n<p>Dimensions : environ 40cm de diam\u00e8tre<\/p>\n<p>Pour homme ou femme.<\/p>\n<p>Comme tout produit artisanal, ce chapeau de paille peut comporter certaines imperfections qui sont la garantie de son authenticit\u00e9.<\/p>\n","protected":false},"excerpt":{"rendered":"<p>Chapeau africain tress\u00e9 finement. Large bord prot\u00e9geant bien du soleil. Avec bande et bordures en paille color\u00e9e. Superbe aussi en d\u00e9coration murale.<\/p>\n<p>&nbsp;<\/p>\n<p>&nbsp;<\/p>\n","protected":false},"featured_media":18720,"comment_status":"open","ping_status":"closed","template":"","meta":[],"product_brand":[],"product_cat":[499,23],"product_tag":[116,129,128,211,102,215,214,88,212,80,213,79],"class_list":{"0":"post-4461","1":"product","2":"type-product","3":"status-publish","4":"has-post-thumbnail","6":"product_cat-chapeaux","7":"product_cat-decoration-murale","8":"product_tag-afrique","9":"product_tag-cadeau-femme","10":"product_tag-cadeau-pour-elle","11":"product_tag-capeline","12":"product_tag-chapeau","13":"product_tag-coiffe","14":"product_tag-couvre-chef","15":"product_tag-exotique","16":"product_tag-mer","17":"product_tag-osier","18":"product_tag-plage","19":"product_tag-rotin","21":"first","22":"outofstock","23":"taxable","24":"shipping-taxable","25":"purchasable","26":"product-type-simple"},"_links":{"self":[{"href":"https:\/\/www.latitude31n.com\/fr\/wp-json\/wp\/v2\/product\/4461","targetHints":{"allow":["GET"]}}],"collection":[{"href":"https:\/\/www.latitude31n.com\/fr\/wp-json\/wp\/v2\/product"}],"about":[{"href":"https:\/\/www.latitude31n.com\/fr\/wp-json\/wp\/v2\/types\/product"}],"replies":[{"embeddable":true,"href":"https:\/\/www.latitude31n.com\/fr\/wp-json\/wp\/v2\/comments?post=4461"}],"wp:featuredmedia":[{"embeddable":true,"href":"https:\/\/www.latitude31n.com\/fr\/wp-json\/wp\/v2\/media\/18720"}],"wp:attachment":[{"href":"https:\/\/www.latitude31n.com\/fr\/wp-json\/wp\/v2\/media?parent=4461"}],"wp:term":[{"taxonomy":"product_brand","embeddable":true,"href":"https:\/\/www.latitude31n.com\/fr\/wp-json\/wp\/v2\/product_brand?post=4461"},{"taxonomy":"product_cat","embeddable":true,"href":"https:\/\/www.latitude31n.com\/fr\/wp-json\/wp\/v2\/product_cat?post=4461"},{"taxonomy":"product_tag","embeddable":true,"href":"https:\/\/www.latitude31n.com\/fr\/wp-json\/wp\/v2\/product_tag?post=4461"}],"curies":[{"name":"wp","href":"https:\/\/api.w.org\/{rel}","templated":true}]}}