{"id":440,"date":"2021-05-27T10:21:22","date_gmt":"2021-05-27T09:21:22","guid":{"rendered":"https:\/\/www.latitude31n.com\/?post_type=product&#038;p=440"},"modified":"2026-03-08T22:28:14","modified_gmt":"2026-03-08T21:28:14","slug":"suspension-cone-tressee","status":"publish","type":"product","link":"https:\/\/www.latitude31n.com\/fr\/luminaires\/suspension-cone-tressee\/","title":{"rendered":"Suspension c\u00f4ne tress\u00e9e"},"content":{"rendered":"<h2>Lustre suspendu en fibres naturelles <em>doum<\/em><\/h2>\n<p>Un luminaire \u00e0 suspendre dans un esprit boh\u00e8me chic, qui apporte chaleur et exotisme. Id\u00e9al pour les terrasses couvertes, maisons de plage, pool house. Mais la suspension c\u00f4ne, gr\u00e2ce \u00e0 sa forme classique, s&rsquo;int\u00e9grera tout aussi facilement dans une d\u00e9co plus urbaine, pour qui veut ajouter une touche nature \u00e0 son int\u00e9rieur.<\/p>\n<p>Enti\u00e8rement fabriqu\u00e9e \u00e0 la main selon des techniques traditionnelles ancestrales, le lustre est con\u00e7u gr\u00e2ce \u00e0 une plante locale nomm\u00e9e alfa, ou <a href=\"\/fr\/doum-presentation-conseils-entretien\/\" target=\"_blank\" rel=\"noopener\"><em>doum<\/em><\/a>, tress\u00e9e finement au Maroc.<\/p>\n<h2>Suspension luminaire rotin \u00e0 franges<\/h2>\n<p>Le tressage est r\u00e9alis\u00e9 de telle mani\u00e8re que des brins de paille pendent de mani\u00e8re naturelle tout autour de la suspension, d&rsquo;o\u00f9 son aspect l\u00e9ger et a\u00e9rien. Illumin\u00e9e, elle est carr\u00e9ment magique, et apporte une ambiance tr\u00e8s douce et chaleureuse.<\/p>\n<p>Pourquoi je l&rsquo;aime :<\/p>\n<p><strong><em>Avec sa forme simple, la lampe poss\u00e8de une \u00e9l\u00e9gance toute classique tout en restant exotique avec ses franges tombantes.<\/em><\/strong><\/p>\n<p>Plusieurs dimensions : 30&#215;30 cm &#8211; 40&#215;40 cm &#8211; 50&#215;40 cm ou 50&#215;50 cm<\/p>\n<p>Existe aussi en <a href=\"\/fr\/luminaires\/luminaire-tresse-grande-taille\/\" target=\"_blank\" rel=\"noopener\">grande grande grande dimension<\/a><\/p>\n<p>Cette suspension est artisanale et unique. Elle peut comporter certaines irr\u00e9gularit\u00e9s (comme des variations dans la forme ou la couleur) qui en font tout le charme. La mati\u00e8re jeune est verte et devient de plus en plus jaune avec le soleil.<\/p>\n<p>Conseils<\/p>\n<p>* Pour acc\u00e9l\u00e9rer le jaunissement de la fibre, laisser l&rsquo;abat-jour au soleil pendant quelques jours.<br \/>\n* La fibre d&rsquo;alfa, aussi appel\u00e9e <em><a href=\"\/fr\/doum-presentation-conseils-entretien\/\" target=\"_blank\" rel=\"noopener\">doum<\/a><\/em> en arabe, est une herbe m\u00e9diterran\u00e9enne utilis\u00e9e pour la confection de ces luminaires. La mati\u00e8re est mall\u00e9able. Si elle a \u00e9t\u00e9 pli\u00e9e pendant le transport et conserve la forme due au transport, la laisser quelques heures au sol le temps qu&rsquo;elle reprenne sa forme habituelle. Si ce n&rsquo;est pas le cas, vous pouvez l&rsquo;asperger l\u00e9g\u00e8rement et l&rsquo;aider avec des poids ou des gabarits.<\/p>\n<p>C\u00e2ble \u00e9lectrique non compris.<br \/>\nUne anse est pr\u00e9vue pour l&rsquo;accrocher. Pour plus de conseils sur l&rsquo;installation, veuillez consulter notre <a href=\"\/fr\/installer-suspension-paille\/\" target=\"_blank\" rel=\"noopener\">article sur les diff\u00e9rentes m\u00e9thodes d&rsquo;accroche de nos suspensions<\/a>.<\/p>\n","protected":false},"excerpt":{"rendered":"<p>Luminaire \u00e0 suspendre esprit boh\u00e8me chic et vacances. Sa forme classique, \u00e9gay\u00e9e par ses brins de paille voletant tout autour, s&rsquo;invite partout.<\/p>\n<p>Tress\u00e9 au Maroc, en fibres de palmier naturel <em>doum<\/em>.<\/p>\n","protected":false},"featured_media":446,"comment_status":"open","ping_status":"closed","template":"","meta":[],"product_brand":[],"product_cat":[22,894],"product_tag":[84,461,308,307,212,423],"class_list":{"0":"post-440","1":"product","2":"type-product","3":"status-publish","4":"has-post-thumbnail","6":"product_cat-luminaires","7":"product_cat-suspension-paille","8":"product_tag-franges","9":"product_tag-latitude-lumineuse","10":"product_tag-maison-de-plage","11":"product_tag-maison-de-vacances","12":"product_tag-mer","13":"product_tag-nomade","15":"first","16":"instock","17":"taxable","18":"shipping-taxable","19":"purchasable","20":"product-type-variable"},"_links":{"self":[{"href":"https:\/\/www.latitude31n.com\/fr\/wp-json\/wp\/v2\/product\/440","targetHints":{"allow":["GET"]}}],"collection":[{"href":"https:\/\/www.latitude31n.com\/fr\/wp-json\/wp\/v2\/product"}],"about":[{"href":"https:\/\/www.latitude31n.com\/fr\/wp-json\/wp\/v2\/types\/product"}],"replies":[{"embeddable":true,"href":"https:\/\/www.latitude31n.com\/fr\/wp-json\/wp\/v2\/comments?post=440"}],"wp:featuredmedia":[{"embeddable":true,"href":"https:\/\/www.latitude31n.com\/fr\/wp-json\/wp\/v2\/media\/446"}],"wp:attachment":[{"href":"https:\/\/www.latitude31n.com\/fr\/wp-json\/wp\/v2\/media?parent=440"}],"wp:term":[{"taxonomy":"product_brand","embeddable":true,"href":"https:\/\/www.latitude31n.com\/fr\/wp-json\/wp\/v2\/product_brand?post=440"},{"taxonomy":"product_cat","embeddable":true,"href":"https:\/\/www.latitude31n.com\/fr\/wp-json\/wp\/v2\/product_cat?post=440"},{"taxonomy":"product_tag","embeddable":true,"href":"https:\/\/www.latitude31n.com\/fr\/wp-json\/wp\/v2\/product_tag?post=440"}],"curies":[{"name":"wp","href":"https:\/\/api.w.org\/{rel}","templated":true}]}}