{"id":439,"date":"2021-05-28T09:18:58","date_gmt":"2021-05-28T08:18:58","guid":{"rendered":"https:\/\/www.latitude31n.com\/?post_type=product&#038;p=439"},"modified":"2026-01-29T16:50:42","modified_gmt":"2026-01-29T15:50:42","slug":"suspension-boule-tressee","status":"publish","type":"product","link":"https:\/\/www.latitude31n.com\/fr\/luminaires\/suspension-boule-tressee\/","title":{"rendered":"Suspension boule tress\u00e9e"},"content":{"rendered":"<h2><strong>Suspension rotin \u00ab\u00a0m\u00e9duse\u00a0\u00bb<\/strong><\/h2>\n<p>Petit look de m\u00e9duse pour cet abat-jour tress\u00e9 en paille <a href=\"\/fr\/doum-presentation-conseils-entretien\/\" target=\"_blank\" rel=\"noopener\"><em>doum<\/em><\/a>, au tressage serr\u00e9, en forme de boule. De jolis brins de paille tombent en frange d\u00e9sordonn\u00e9e et \u00e9paisse au bas du luminaire, rajoutant une touche boh\u00e8me exotique \u00e0 ce luminaire unique et original.<\/p>\n<p>De petite taille, la lampe suspendue peut \u00eatre utilis\u00e9e seule, mais elle sera encore plus sympa en grappe ou en ligne, au dessus d&rsquo;un bar, d&rsquo;un \u00eelot de cuisine ou d&rsquo;une table.<\/p>\n<h2>Suspension luminaire rotin fabriqu\u00e9e au Maroc<\/h2>\n<p>La lumi\u00e8re est dirig\u00e9e vers le bas, le tressage serr\u00e9 et les franges touffues donne un \u00e9clairage d&rsquo;ambiance tamis\u00e9e.<\/p>\n<p>Pourquoi je l&rsquo;aime :<\/p>\n<p><strong><em>Avec son tressage serr\u00e9 et sa forme toute ronde, elle me fait penser \u00e0 un nid ou une ruche. Mais aussi \u00e0 une petite m\u00e9duse avec sa frange touffue retombant dans tous les sens.<\/em><\/strong><\/p>\n<p>Elles sont toutes diff\u00e9rentes avec leurs franges d\u00e9sordonn\u00e9es.<\/p>\n<p>Dimensions : h18cm, diam\u00e8tre 20cm<\/p>\n<p>Cette suspension est artisanale et unique. Il peut y avoir de l\u00e9g\u00e8res variations dans la forme, la dimension ou la couleur, selon la condition de la mati\u00e8re.<\/p>\n<p>Petits conseils<br \/>\n*\u00a0 vous pouvez laisser la suspension au soleil pendant quelques jours si la mati\u00e8re vous semble trop verte.<br \/>\n* La fibre d&rsquo;alfa, herbe m\u00e9diterran\u00e9enne utilis\u00e9e pour la confection de ces luminaires, est mall\u00e9able. Si elle a \u00e9t\u00e9 pli\u00e9e pendant le transport et conserve la forme due au transport, la laisser quelques heures au sol le temps qu&rsquo;elle reprenne sa forme habituelle.<\/p>\n<p>Pour plus de conseils concernant la mati\u00e8re et son entretien en suivant <a href=\"\/fr\/doum-presentation-conseils-entretien\/\" target=\"_blank\" rel=\"noopener\">le lien sur le <em>doum<\/em><\/a>.<\/p>\n<p>C\u00e2ble \u00e9lectrique non compris, il suffit de passer le fil dans l&rsquo;ouverture pr\u00e9vue \u00e0 cet effet. Pour l&rsquo;accrocher, j&rsquo;utilise une jolie ficelle de chanvre que je fixe au plafond et \u00e0 la poign\u00e9e de l&rsquo;abat-jour. L&rsquo;ouverture n&rsquo;est pas tr\u00e8s grande, mais suffisante pour passer une douille. Contactez moi pour les mesures du diam\u00e8tre si vous avez un doute.<\/p>\n","protected":false},"excerpt":{"rendered":"<p>Petit abat-jour naturel en paille doum alfa, palmier du Maroc, au tressage serr\u00e9, en forme de boule. De jolis brins de paille tombent en frange d\u00e9sordonn\u00e9e et \u00e9paisse au bas du luminaire. Offre un bel \u00e9clairage d&rsquo;ambiance tamis\u00e9e.<\/p>\n<p>&nbsp;<\/p>\n","protected":false},"featured_media":85,"comment_status":"open","ping_status":"closed","template":"","meta":[],"product_brand":[],"product_cat":[22,598,894],"product_tag":[351,87,352,88,350,461,308,307,212,423,80,79],"class_list":{"0":"post-439","1":"product","2":"type-product","3":"status-publish","4":"has-post-thumbnail","6":"product_cat-luminaires","7":"product_cat-soldes","8":"product_cat-suspension-paille","9":"product_tag-bar","10":"product_tag-boheme","11":"product_tag-bord-de-mer","12":"product_tag-exotique","13":"product_tag-lampe-panier","14":"product_tag-latitude-lumineuse","15":"product_tag-maison-de-plage","16":"product_tag-maison-de-vacances","17":"product_tag-mer","18":"product_tag-nomade","19":"product_tag-osier","20":"product_tag-rotin","22":"first","23":"instock","24":"sale","25":"taxable","26":"shipping-taxable","27":"purchasable","28":"product-type-simple"},"_links":{"self":[{"href":"https:\/\/www.latitude31n.com\/fr\/wp-json\/wp\/v2\/product\/439","targetHints":{"allow":["GET"]}}],"collection":[{"href":"https:\/\/www.latitude31n.com\/fr\/wp-json\/wp\/v2\/product"}],"about":[{"href":"https:\/\/www.latitude31n.com\/fr\/wp-json\/wp\/v2\/types\/product"}],"replies":[{"embeddable":true,"href":"https:\/\/www.latitude31n.com\/fr\/wp-json\/wp\/v2\/comments?post=439"}],"wp:featuredmedia":[{"embeddable":true,"href":"https:\/\/www.latitude31n.com\/fr\/wp-json\/wp\/v2\/media\/85"}],"wp:attachment":[{"href":"https:\/\/www.latitude31n.com\/fr\/wp-json\/wp\/v2\/media?parent=439"}],"wp:term":[{"taxonomy":"product_brand","embeddable":true,"href":"https:\/\/www.latitude31n.com\/fr\/wp-json\/wp\/v2\/product_brand?post=439"},{"taxonomy":"product_cat","embeddable":true,"href":"https:\/\/www.latitude31n.com\/fr\/wp-json\/wp\/v2\/product_cat?post=439"},{"taxonomy":"product_tag","embeddable":true,"href":"https:\/\/www.latitude31n.com\/fr\/wp-json\/wp\/v2\/product_tag?post=439"}],"curies":[{"name":"wp","href":"https:\/\/api.w.org\/{rel}","templated":true}]}}