{"id":4369,"date":"2021-08-23T19:42:41","date_gmt":"2021-08-23T18:42:41","guid":{"rendered":"https:\/\/www.latitude31n.com\/?post_type=product&#038;p=4369"},"modified":"2025-10-30T16:02:40","modified_gmt":"2025-10-30T15:02:40","slug":"sculpture-cheval-tressee","status":"publish","type":"product","link":"https:\/\/www.latitude31n.com\/fr\/deco-enfant\/sculpture-cheval-tressee\/","title":{"rendered":"Sculpture cheval tress\u00e9e"},"content":{"rendered":"<h2><strong>Statue cheval : tendance fibres naturelles<\/strong><\/h2>\n<p>Cheval tress\u00e9 en fibres v\u00e9g\u00e9tales par les artisans vanniers au Maroc.<\/p>\n<p>Cet ornement de taille cons\u00e9quente, suffisante pour qu&rsquo;un enfant y monte, pourra \u00eatre tout aussi d\u00e9coratif qu&rsquo;amusant. Il est d&rsquo;ailleurs assez solide pour qu&rsquo;un adulte de poids moyen s&rsquo;y assied. Le tressage en doum, l&rsquo;osier local, est r\u00e9alis\u00e9 autour d&rsquo;une structure bois et m\u00e9tal.<\/p>\n<h2><strong>Id\u00e9e cadeau pour amoureux des chevaux<\/strong><\/h2>\n<p>Ce cheval d\u00e9coratif, \u00e0 la mani\u00e8re des chevaux \u00e0 bascule, fera la joie des enfants, ou de tout passionn\u00e9 des chevaux ou f\u00e9ru d&rsquo;\u00e9quitation. A int\u00e9grer dans un environnement moderne et urbain, pour le c\u00f4t\u00e9 amusant. Ou dans la ferme familiale, l&rsquo;\u00e9curie ou la maison de campagne, pour le c\u00f4t\u00e9 authentique.<\/p>\n<p>Pourquoi je l&rsquo;aime :<\/p>\n<p><strong><em>Comment ne pas l&rsquo;aimer? Il est adorable.<\/em><\/strong><\/p>\n<p><a href=\"\/fr\/deco-enfant\/sculpture-ane-paille\/\" target=\"_blank\" rel=\"noopener\">L&rsquo;\u00e2ne tress\u00e9 avec ses petits paniers de transport<\/a> est tout aussi sympa et peut servir de porte-plantes.<\/p>\n<p>Dimensions : 70x20xh70 cm<\/p>\n<p>Comme tout produit artisanal, cette statue peut comporter certaines imperfections qui sont la garantie de son authenticit\u00e9. Il peut y avoir de l\u00e9g\u00e8res variations dans la forme, la dimension ou la couleur, selon la condition de la mati\u00e8re. La couleur est souvent verte quand la mati\u00e8re est jeune et devient de plus en plus jaune ou bronz\u00e9e, avec le temps et le soleil. Pour acc\u00e9l\u00e9rer le jaunissement de la fibre, laisser la d\u00e9coration au soleil pendant quelques jours.<\/p>\n<p>Si vous voulez l&rsquo;utiliser en d\u00e9co ext\u00e9rieure, pr\u00e9f\u00e9rez une terrasse ou un patio couvert car il peut prendre une couleur gris\u00e9e s&rsquo;il est soumis aux intemp\u00e9ries.<\/p>\n<p>Consultez <a href=\"\/fr\/doum-presentation-conseils-entretien\/\" target=\"_blank\" rel=\"noopener\">notre article sur la mati\u00e8re doum<\/a> si vous d\u00e9sirez plus d&rsquo;informations et de conseils.<\/p>\n<h3><\/h3>\n<p>&nbsp;<\/p>\n","protected":false},"excerpt":{"rendered":"<p>Le cheval tress\u00e9 en palmier naturel du Maroc est le <strong>cadeau id\u00e9al<\/strong> <strong>pour tous ceux qui aiment les chevaux<\/strong>, qu&rsquo;ils soient cavaliers ou amateurs.<\/p>\n<p>&nbsp;<\/p>\n","protected":false},"featured_media":4370,"comment_status":"open","ping_status":"closed","template":"","meta":[],"product_brand":[],"product_cat":[892,467,473],"product_tag":[110,182,108,109,73,183,178,114,177,181,460,462,899,80,180,82,79],"class_list":{"0":"post-4369","1":"product","2":"type-product","3":"status-publish","4":"has-post-thumbnail","6":"product_cat-deco-enfant","7":"product_cat-decoration-maison","8":"product_cat-objets-decoratifs","9":"product_tag-animaux","10":"product_tag-cadeau-fille","11":"product_tag-chambre-denfant","12":"product_tag-chambre-de-bebe","13":"product_tag-enfant","14":"product_tag-equestre","15":"product_tag-exterieur","16":"product_tag-ferme","17":"product_tag-jardin","18":"product_tag-jouet","19":"product_tag-latitude-fun","20":"product_tag-latitude-naturelle","21":"product_tag-no-us","22":"product_tag-osier","23":"product_tag-palmier","24":"product_tag-raphia","25":"product_tag-rotin","27":"first","28":"onbackorder","29":"taxable","30":"shipping-taxable","31":"purchasable","32":"product-type-simple"},"_links":{"self":[{"href":"https:\/\/www.latitude31n.com\/fr\/wp-json\/wp\/v2\/product\/4369","targetHints":{"allow":["GET"]}}],"collection":[{"href":"https:\/\/www.latitude31n.com\/fr\/wp-json\/wp\/v2\/product"}],"about":[{"href":"https:\/\/www.latitude31n.com\/fr\/wp-json\/wp\/v2\/types\/product"}],"replies":[{"embeddable":true,"href":"https:\/\/www.latitude31n.com\/fr\/wp-json\/wp\/v2\/comments?post=4369"}],"wp:featuredmedia":[{"embeddable":true,"href":"https:\/\/www.latitude31n.com\/fr\/wp-json\/wp\/v2\/media\/4370"}],"wp:attachment":[{"href":"https:\/\/www.latitude31n.com\/fr\/wp-json\/wp\/v2\/media?parent=4369"}],"wp:term":[{"taxonomy":"product_brand","embeddable":true,"href":"https:\/\/www.latitude31n.com\/fr\/wp-json\/wp\/v2\/product_brand?post=4369"},{"taxonomy":"product_cat","embeddable":true,"href":"https:\/\/www.latitude31n.com\/fr\/wp-json\/wp\/v2\/product_cat?post=4369"},{"taxonomy":"product_tag","embeddable":true,"href":"https:\/\/www.latitude31n.com\/fr\/wp-json\/wp\/v2\/product_tag?post=4369"}],"curies":[{"name":"wp","href":"https:\/\/api.w.org\/{rel}","templated":true}]}}