{"id":4351,"date":"2021-08-23T16:16:20","date_gmt":"2021-08-23T15:16:20","guid":{"rendered":"https:\/\/www.latitude31n.com\/?post_type=product&#038;p=4351"},"modified":"2024-07-09T17:03:49","modified_gmt":"2024-07-09T16:03:49","slug":"corbeille-murale-decorative","status":"publish","type":"product","link":"https:\/\/www.latitude31n.com\/fr\/decoration-murale\/corbeilles\/corbeille-murale-decorative\/","title":{"rendered":"Corbeille murale ou fruits d\u00e9corative"},"content":{"rendered":"<h2>Corbeille pour la table ou le mur<\/h2>\n<p>Panier plat \u00e0 accrocher au mur pour une d\u00e9co ethnique contemporaine. Ces corbeilles circulaires au look graphique sont tress\u00e9es en osier naturel au Maroc, et recouvertes pour une moiti\u00e9 de laine noire ou beige ivoire. Une fine ligne dor\u00e9e s\u00e9pare les deux parties et magnifie le design \u00e9l\u00e9gant de cette d\u00e9coration murale.<\/p>\n<h2>Vannerie marocaine tendance et boh\u00e8me<\/h2>\n<p>Fabriqu\u00e9e artisanalement par les artisans vanniers au Maroc, c&rsquo;est la version moderne de la corbeille \u00e0 fruits traditionnelle.<\/p>\n<p>Pourquoi je l&rsquo;aime :<\/p>\n<p><em><strong>Je la trouve tr\u00e8s graphique avec sa moiti\u00e9 naturelle et sa moiti\u00e9 en laine \u00e9crue ou noire. Elle fait une super d\u00e9co murale tr\u00e8s visuelle.<\/strong><br \/>\n<\/em><\/p>\n<p>Dimensions : environ 43\/45 cm<\/p>\n<p>Comme tout produit artisanal, cette corbeille peut comporter certaines imperfections qui sont la garantie de son authenticit\u00e9.<\/p>\n<p>&nbsp;<\/p>\n","protected":false},"excerpt":{"rendered":"<p>Embellissez vos murs ou votre table avec ces grands paniers ronds traditionnels retravaill\u00e9s pour un look r\u00e9solument contemporain.<\/p>\n<p>Le \u00ab\u00a0petit plus\u00a0\u00bb qui sublime le panier, c&rsquo;est la fine s\u00e9paration dor\u00e9e.<\/p>\n<p>&nbsp;<\/p>\n<p>&nbsp;<\/p>\n","protected":false},"featured_media":4362,"comment_status":"open","ping_status":"closed","template":"","meta":[],"product_brand":[],"product_cat":[474,23],"product_tag":[116,161,162,166,87,139,165,459,154,163,173,164],"class_list":{"0":"post-4351","1":"product","2":"type-product","3":"status-publish","4":"has-post-thumbnail","6":"product_cat-corbeilles","7":"product_cat-decoration-murale","8":"product_tag-afrique","9":"product_tag-assiette-murale","10":"product_tag-binga","11":"product_tag-blanc-casse","12":"product_tag-boheme","13":"product_tag-graphique","14":"product_tag-ivoire","15":"product_tag-latitude-ethnique","16":"product_tag-moderne","17":"product_tag-panier-africain","18":"product_tag-plateau","19":"product_tag-tonga","21":"first","22":"instock","23":"taxable","24":"shipping-taxable","25":"purchasable","26":"product-type-variable"},"_links":{"self":[{"href":"https:\/\/www.latitude31n.com\/fr\/wp-json\/wp\/v2\/product\/4351","targetHints":{"allow":["GET"]}}],"collection":[{"href":"https:\/\/www.latitude31n.com\/fr\/wp-json\/wp\/v2\/product"}],"about":[{"href":"https:\/\/www.latitude31n.com\/fr\/wp-json\/wp\/v2\/types\/product"}],"replies":[{"embeddable":true,"href":"https:\/\/www.latitude31n.com\/fr\/wp-json\/wp\/v2\/comments?post=4351"}],"wp:featuredmedia":[{"embeddable":true,"href":"https:\/\/www.latitude31n.com\/fr\/wp-json\/wp\/v2\/media\/4362"}],"wp:attachment":[{"href":"https:\/\/www.latitude31n.com\/fr\/wp-json\/wp\/v2\/media?parent=4351"}],"wp:term":[{"taxonomy":"product_brand","embeddable":true,"href":"https:\/\/www.latitude31n.com\/fr\/wp-json\/wp\/v2\/product_brand?post=4351"},{"taxonomy":"product_cat","embeddable":true,"href":"https:\/\/www.latitude31n.com\/fr\/wp-json\/wp\/v2\/product_cat?post=4351"},{"taxonomy":"product_tag","embeddable":true,"href":"https:\/\/www.latitude31n.com\/fr\/wp-json\/wp\/v2\/product_tag?post=4351"}],"curies":[{"name":"wp","href":"https:\/\/api.w.org\/{rel}","templated":true}]}}