{"id":434,"date":"2021-05-28T09:18:59","date_gmt":"2021-05-28T08:18:59","guid":{"rendered":"https:\/\/www.latitude31n.com\/?post_type=product&#038;p=434"},"modified":"2025-07-10T14:46:44","modified_gmt":"2025-07-10T13:46:44","slug":"suspension-naturelle-tressage-large","status":"publish","type":"product","link":"https:\/\/www.latitude31n.com\/fr\/luminaires\/suspension-naturelle-tressage-large\/","title":{"rendered":"Suspension naturelle tressage ouvert"},"content":{"rendered":"<h2><strong>Suspension boh\u00e8me en <em>doum<\/em> marocain<\/strong><\/h2>\n<p>En fibres de palmier et au design tr\u00e8s ouvert . Le tressage large\u00a0laisse joliment passer la lumi\u00e8re. Le bas du luminaire se termine par de jolis franges d\u00e9sordonn\u00e9es, brins de paille tombant dans tous les sens qui ajoutent au charme de l&rsquo;abat-jour.<\/p>\n<h2><strong>Tendance naturelle et esprit exotique<\/strong><\/h2>\n<p>La fibre utilis\u00e9e a un aspect brut, une odeur tr\u00e8s agr\u00e9able et des brins plut\u00f4t \u00e9pais. Ces luminaires en fibres naturelles apportent un esprit boh\u00e8me chic et un look exotique. Un lustre qui fait voyager votre int\u00e9rieur.<\/p>\n<p>Pourquoi je l&rsquo;aime :<\/p>\n<p><strong><em>J&rsquo;aime son tressage unique, l\u00e9ger et a\u00e9rien.<\/em><\/strong><\/p>\n<p>Diff\u00e9rentes hauteurs et formes, ronde ou c\u00f4nes. Un <a href=\"\/fr\/luminaires\/petit-lustre-ajoure\/\" target=\"_blank\" rel=\"noopener\">mod\u00e8le c\u00f4ne plus petit<\/a> est \u00e9galement disponible sur la boutique.<\/p>\n<p>Cette suspension est artisanale et unique. Elle peut comporter certaines irr\u00e9gularit\u00e9s qui en font tout le charme. Il peut y avoir de l\u00e9g\u00e8res variations dans la forme, la dimension ou la couleur, selon la condition de la mati\u00e8re. La couleur est souvent verte quand la mati\u00e8re est jeune et devient de plus en plus jaune ou bronz\u00e9e, avec le temps et le soleil.<\/p>\n<p>Petits conseils (plus de conseils et d&rsquo;infos dans notre <a href=\"\/fr\/doum-presentation-conseils-entretien\/\" target=\"_blank\" rel=\"noopener\">article sur la fibre <em>doum<\/em><\/a>) :<br \/>\n* Pour acc\u00e9l\u00e9rer le jaunissement de la fibre, laisser la suspension au soleil pendant quelques jours.<br \/>\n* La fibre d&rsquo;alfa, herbe m\u00e9diterran\u00e9enne utilis\u00e9e pour la confection de ces luminaires, est mall\u00e9able. Si elle a \u00e9t\u00e9 pli\u00e9e pendant le transport et conserve la forme due au transport, la laisser quelques heures au sol le temps qu&rsquo;elle reprenne sa forme habituelle. Si ce n&rsquo;est pas le cas, vous pouvez l&rsquo;asperger l\u00e9g\u00e8rement et l&rsquo;aider avec des poids ou des gabarits.<\/p>\n<p>C\u00e2ble \u00e9lectrique non compris.<br \/>\nUne anse est pr\u00e9vue pour l&rsquo;accrocher. Pour plus de conseils sur l&rsquo;installation, veuillez consulter notre <a href=\"\/fr\/installer-suspension-paille\/\" target=\"_blank\" rel=\"noopener\">article sur les diff\u00e9rentes m\u00e9thodes d&rsquo;accroche de nos suspensions<\/a>..<\/p>\n","protected":false},"excerpt":{"rendered":"<p>Suspension en palmier marocain, design ouvert et frang\u00e9s de jolis brins de paille.<\/p>\n<p>Dans un <strong>pur esprit boh\u00e8me chic puissance exotique<\/strong>. Hello les vacances !<\/p>\n","protected":false},"featured_media":110,"comment_status":"open","ping_status":"closed","template":"","meta":[],"product_brand":[],"product_cat":[22,894],"product_tag":[81,461,423,80,82,79],"class_list":{"0":"post-434","1":"product","2":"type-product","3":"status-publish","4":"has-post-thumbnail","6":"product_cat-luminaires","7":"product_cat-suspension-paille","8":"product_tag-bambou","9":"product_tag-latitude-lumineuse","10":"product_tag-nomade","11":"product_tag-osier","12":"product_tag-raphia","13":"product_tag-rotin","15":"first","16":"instock","17":"taxable","18":"shipping-taxable","19":"purchasable","20":"product-type-variable"},"_links":{"self":[{"href":"https:\/\/www.latitude31n.com\/fr\/wp-json\/wp\/v2\/product\/434","targetHints":{"allow":["GET"]}}],"collection":[{"href":"https:\/\/www.latitude31n.com\/fr\/wp-json\/wp\/v2\/product"}],"about":[{"href":"https:\/\/www.latitude31n.com\/fr\/wp-json\/wp\/v2\/types\/product"}],"replies":[{"embeddable":true,"href":"https:\/\/www.latitude31n.com\/fr\/wp-json\/wp\/v2\/comments?post=434"}],"wp:featuredmedia":[{"embeddable":true,"href":"https:\/\/www.latitude31n.com\/fr\/wp-json\/wp\/v2\/media\/110"}],"wp:attachment":[{"href":"https:\/\/www.latitude31n.com\/fr\/wp-json\/wp\/v2\/media?parent=434"}],"wp:term":[{"taxonomy":"product_brand","embeddable":true,"href":"https:\/\/www.latitude31n.com\/fr\/wp-json\/wp\/v2\/product_brand?post=434"},{"taxonomy":"product_cat","embeddable":true,"href":"https:\/\/www.latitude31n.com\/fr\/wp-json\/wp\/v2\/product_cat?post=434"},{"taxonomy":"product_tag","embeddable":true,"href":"https:\/\/www.latitude31n.com\/fr\/wp-json\/wp\/v2\/product_tag?post=434"}],"curies":[{"name":"wp","href":"https:\/\/api.w.org\/{rel}","templated":true}]}}