{"id":4339,"date":"2021-08-19T17:48:12","date_gmt":"2021-08-19T16:48:12","guid":{"rendered":"https:\/\/www.latitude31n.com\/?post_type=product&#038;p=4339"},"modified":"2024-11-14T20:03:09","modified_gmt":"2024-11-14T19:03:09","slug":"panier-pointu-osier-noir","status":"publish","type":"product","link":"https:\/\/www.latitude31n.com\/fr\/paniers-rangements\/teintes-naturelles\/panier-pointu-osier-noir\/","title":{"rendered":"Panier marocain moiti\u00e9 osier moiti\u00e9 noir"},"content":{"rendered":"<h2>Panier de rangement et son couvercle.<\/h2>\n<p>Il est tress\u00e9 \u00e0 la main en osier, la moiti\u00e9 est recouverte de laine noire. Une mince ligne dor\u00e9e s\u00e9pare les deux moiti\u00e9s. De forme traditionnelle avec son couvercle pointu, son design simple et graphique lui apporte une touche ethnique et contemporaine \u00e0 la fois.<\/p>\n<h2>Panier au design contemporain et raffin\u00e9<\/h2>\n<p>De taille moyenne, on l&rsquo;aime pour son c\u00f4t\u00e9 pratique et d\u00e9coratif.<\/p>\n<p>Pourquoi je l&rsquo;aime :<\/p>\n<p><strong><em>son originalit\u00e9 et sa modernit\u00e9.<\/em><\/strong><\/p>\n<p>Vous pouvez facilement l&rsquo; accorder avec ces <a href=\"\/fr\/paniers-rangements\/petit-panier-marocain-noir-et-dore\/\" target=\"_blank\" rel=\"noopener\">petits paniers noirs et dor\u00e9s<\/a>.<\/p>\n<p>Dimensions : h50x25 cm (30cm sans couvercle)<\/p>\n<p>Comme tout produit artisanal, la corbeille peut pr\u00e9senter certaines imperfections qui sont la garantie de son authenticit\u00e9.<\/p>\n","protected":false},"excerpt":{"rendered":"<p>Panier marocain au style unique.<\/p>\n<p>&nbsp;<\/p>\n","protected":false},"featured_media":4346,"comment_status":"open","ping_status":"closed","template":"","meta":[],"product_brand":[],"product_cat":[634,28],"product_tag":[128,153,148,155,149],"class_list":{"0":"post-4339","1":"product","2":"type-product","3":"status-publish","4":"has-post-thumbnail","6":"product_cat-teintes-naturelles","7":"product_cat-paniers-rangements","8":"product_tag-cadeau-pour-elle","9":"product_tag-contemporain","10":"product_tag-corbeille","11":"product_tag-decoration-etageres","12":"product_tag-rangement","14":"first","15":"outofstock","16":"taxable","17":"shipping-taxable","18":"purchasable","19":"product-type-simple"},"_links":{"self":[{"href":"https:\/\/www.latitude31n.com\/fr\/wp-json\/wp\/v2\/product\/4339","targetHints":{"allow":["GET"]}}],"collection":[{"href":"https:\/\/www.latitude31n.com\/fr\/wp-json\/wp\/v2\/product"}],"about":[{"href":"https:\/\/www.latitude31n.com\/fr\/wp-json\/wp\/v2\/types\/product"}],"replies":[{"embeddable":true,"href":"https:\/\/www.latitude31n.com\/fr\/wp-json\/wp\/v2\/comments?post=4339"}],"wp:featuredmedia":[{"embeddable":true,"href":"https:\/\/www.latitude31n.com\/fr\/wp-json\/wp\/v2\/media\/4346"}],"wp:attachment":[{"href":"https:\/\/www.latitude31n.com\/fr\/wp-json\/wp\/v2\/media?parent=4339"}],"wp:term":[{"taxonomy":"product_brand","embeddable":true,"href":"https:\/\/www.latitude31n.com\/fr\/wp-json\/wp\/v2\/product_brand?post=4339"},{"taxonomy":"product_cat","embeddable":true,"href":"https:\/\/www.latitude31n.com\/fr\/wp-json\/wp\/v2\/product_cat?post=4339"},{"taxonomy":"product_tag","embeddable":true,"href":"https:\/\/www.latitude31n.com\/fr\/wp-json\/wp\/v2\/product_tag?post=4339"}],"curies":[{"name":"wp","href":"https:\/\/api.w.org\/{rel}","templated":true}]}}