{"id":432,"date":"2021-05-28T09:18:59","date_gmt":"2021-05-28T08:18:59","guid":{"rendered":"https:\/\/www.latitude31n.com\/?post_type=product&#038;p=432"},"modified":"2026-02-12T13:06:45","modified_gmt":"2026-02-12T12:06:45","slug":"suspension-parasol-80cm","status":"publish","type":"product","link":"https:\/\/www.latitude31n.com\/fr\/luminaires\/suspension-parasol-80cm\/","title":{"rendered":"Suspension parasol 80cm"},"content":{"rendered":"<h2>Une suspension paille \u00e0 la forme unique<\/h2>\n<p>Une suspension toute en l\u00e9g\u00e8ret\u00e9 gr\u00e2ce \u00e0 ses franges, brins de paille en paille alfa naturelle qui retombent tout autour. Sa forme ressemble \u00e0 un parasol et cette particularit\u00e9 qui lui donne tout son charme.<\/p>\n<p>Elle est enti\u00e8rement naturelle, dans cette mati\u00e8re appel\u00e9e <a href=\"\/fr\/doum-presentation-conseils-entretien\/\" target=\"_blank\" rel=\"noopener\"><em>doum<\/em><\/a>, plante m\u00e9diterran\u00e9enne v\u00e9g\u00e9tale et est tress\u00e9e main par des artisans marocains.<\/p>\n<h2>Pour une d\u00e9co boh\u00e8me chic<\/h2>\n<p>Donne une touche boh\u00e8me esprit Bali ou plage exotique \u00e0 votre \u00ab\u00a0sweet home\u00a0\u00bb. Elle diffuse une tr\u00e8s jolie lumi\u00e8re douce et apporte chaleur et naturel \u00e0 tout int\u00e9rieur.<\/p>\n<p>Pourquoi je l&rsquo;aime :<\/p>\n<p><strong><em>Ma pr\u00e9f\u00e9r\u00e9e comme beaucoup d&rsquo;entre vous. J&rsquo;adore sa forme large qu&rsquo;on peut plier plus ou moins selon son envie.<\/em><\/strong><\/p>\n<p>Dimensions : <span class=\"ILfuVd\" lang=\"fr\"><span class=\"hgKElc\"><b>\u2300<\/b> <\/span><\/span>80xh25 cm.<\/p>\n<p>Elle existe aussi en <a href=\"\/fr\/luminaires\/suspension-parasol-moyenne\/\" target=\"_blank\" rel=\"noopener\">60<\/a> et <a href=\"\/fr\/luminaires\/grande-suspension-tressee-parasol-1m\/\" target=\"_blank\" rel=\"noopener\">100cm<\/a>. Mais aussi en version <a href=\"\/fr\/luminaires\/suspension-naturelle-parasol-tressage-ouvert\/\" target=\"_blank\" rel=\"noopener\">ajour\u00e9e<\/a>.<\/p>\n<p>Cette suspension est artisanale et unique. Elle peut comporter certaines irr\u00e9gularit\u00e9s qui en font tout le charme. De subtiles variations de forme, de taille et de couleur peuvent survenir en fonction de la mati\u00e8re et de son \u00e9volution au fil du temps. Initialement verte, la couleur \u00e9volue vers des tons jaunes ou bronz\u00e9s sous l&rsquo;effet du soleil.<\/p>\n<p>Petits conseils d&rsquo;entretien et d&rsquo;installation<\/p>\n<ul>\n<li>Pour acc\u00e9l\u00e9rer le jaunissement de la fibre, exposez la suspension au soleil pendant quelques jours.<\/li>\n<li>La fibre d&rsquo;alfa, ou <a href=\"\/fr\/doum-presentation-conseils-entretien\/\" target=\"_blank\" rel=\"noopener\"><em>doum<\/em><\/a>, l&rsquo;herbe m\u00e9diterran\u00e9enne utilis\u00e9e dans ces luminaires, est mall\u00e9able. Si elle conserve la forme du transport, laissez-la reposer au sol pour retrouver sa silhouette naturelle. Sinon, une l\u00e9g\u00e8re pulv\u00e9risation d&rsquo;eau et l&rsquo;utilisation de poids ou de gabarits peuvent aider.<\/li>\n<li>Le c\u00e2ble \u00e9lectrique n&rsquo;est pas inclus ; il suffit de le faire passer dans l&rsquo;ouverture pr\u00e9vue. Pour l&rsquo;accrocher, une ficelle de chanvre apporte une touche esth\u00e9tique en la fixant au plafond et \u00e0 la poign\u00e9e de l&rsquo;abat-jour.\u00a0Pour plus de conseils sur l&rsquo;installation, veuillez consulter notre <a href=\"\/fr\/installer-suspension-paille\/\" target=\"_blank\" rel=\"noopener\">article sur les diff\u00e9rentes m\u00e9thodes d&rsquo;accroche de nos suspensions<\/a>.<\/li>\n<\/ul>\n<p>&nbsp;<\/p>\n","protected":false},"excerpt":{"rendered":"<h2><strong>Notre best-seller de la suspension paille <\/strong><\/h2>\n<p>Et on comprend pourquoi. C&rsquo;est LA suspension boh\u00e8me chic, avec ses jolis airs de vacances, sa forme de parasol courb\u00e9 et les jolis brins de paille retombant tout autour.<\/p>\n<p>Dimensions : <span class=\"ILfuVd\" lang=\"fr\"><span class=\"hgKElc\"><b>\u2300<\/b> <\/span><\/span>80xh25 cm.<\/p>\n<p>En <a href=\"\/fr\/doum-presentation-conseils-entretien\/\" target=\"_blank\" rel=\"noopener\"><em>doum<\/em><\/a>, mati\u00e8re \u00e9cologique et durable<\/p>\n","protected":false},"featured_media":140,"comment_status":"open","ping_status":"closed","template":"","meta":[],"product_brand":[],"product_cat":[22,894],"product_tag":[86,81,352,83,102,88,84,85,350,461,308,307,212,423,80,82],"class_list":{"0":"post-432","1":"product","2":"type-product","3":"status-publish","4":"has-post-thumbnail","6":"product_cat-luminaires","7":"product_cat-suspension-paille","8":"product_tag-abat-jour","9":"product_tag-bambou","10":"product_tag-bord-de-mer","11":"product_tag-brins","12":"product_tag-chapeau","13":"product_tag-exotique","14":"product_tag-franges","15":"product_tag-lampe","16":"product_tag-lampe-panier","17":"product_tag-latitude-lumineuse","18":"product_tag-maison-de-plage","19":"product_tag-maison-de-vacances","20":"product_tag-mer","21":"product_tag-nomade","22":"product_tag-osier","23":"product_tag-raphia","25":"first","26":"instock","27":"taxable","28":"shipping-taxable","29":"purchasable","30":"product-type-simple"},"_links":{"self":[{"href":"https:\/\/www.latitude31n.com\/fr\/wp-json\/wp\/v2\/product\/432","targetHints":{"allow":["GET"]}}],"collection":[{"href":"https:\/\/www.latitude31n.com\/fr\/wp-json\/wp\/v2\/product"}],"about":[{"href":"https:\/\/www.latitude31n.com\/fr\/wp-json\/wp\/v2\/types\/product"}],"replies":[{"embeddable":true,"href":"https:\/\/www.latitude31n.com\/fr\/wp-json\/wp\/v2\/comments?post=432"}],"wp:featuredmedia":[{"embeddable":true,"href":"https:\/\/www.latitude31n.com\/fr\/wp-json\/wp\/v2\/media\/140"}],"wp:attachment":[{"href":"https:\/\/www.latitude31n.com\/fr\/wp-json\/wp\/v2\/media?parent=432"}],"wp:term":[{"taxonomy":"product_brand","embeddable":true,"href":"https:\/\/www.latitude31n.com\/fr\/wp-json\/wp\/v2\/product_brand?post=432"},{"taxonomy":"product_cat","embeddable":true,"href":"https:\/\/www.latitude31n.com\/fr\/wp-json\/wp\/v2\/product_cat?post=432"},{"taxonomy":"product_tag","embeddable":true,"href":"https:\/\/www.latitude31n.com\/fr\/wp-json\/wp\/v2\/product_tag?post=432"}],"curies":[{"name":"wp","href":"https:\/\/api.w.org\/{rel}","templated":true}]}}