{"id":430,"date":"2021-05-28T09:19:48","date_gmt":"2021-05-28T08:19:48","guid":{"rendered":"https:\/\/www.latitude31n.com\/?post_type=product&#038;p=430"},"modified":"2025-11-22T18:04:18","modified_gmt":"2025-11-22T17:04:18","slug":"grande-suspension-tressee-parasol-1m","status":"publish","type":"product","link":"https:\/\/www.latitude31n.com\/fr\/luminaires\/grande-suspension-tressee-parasol-1m\/","title":{"rendered":"Grande suspension tress\u00e9e parasol 1m"},"content":{"rendered":"<h2><strong>La suspension boh\u00e8me parasol : grande taille<br \/>\n<\/strong><\/h2>\n<p>Grande et impressionnante, cette suspension en paille, m\u00e9ticuleusement tiss\u00e9e \u00e0 la main au Maroc, incarne l&rsquo;essence de l&rsquo;exotisme boh\u00e8me. Avec son diam\u00e8tre imposant d&rsquo;un m\u00e8tre, le lustre se pr\u00e9sente comme une pi\u00e8ce ma\u00eetresse, id\u00e9ale pour les grands espaces ou comme point focal dans une pi\u00e8ce de taille moyenne.<\/p>\n<p>L&rsquo;abat-jour, confectionn\u00e9 \u00e0 partir de fibres v\u00e9g\u00e9tales naturelles, diffuse une lumi\u00e8re enveloppante et chaleureuse. La fibre de palmier <a href=\"\/fr\/doum-presentation-conseils-entretien\/\" target=\"_blank\" rel=\"noopener\"><em>Doum<\/em><\/a> apporte de l&rsquo;authenticit\u00e9 au luminaire. Les longues franges de paille ajoutent une gr\u00e2ce a\u00e9rienne, cr\u00e9ant une esth\u00e9tique visuelle unique.<\/p>\n<h2><strong>Lustre en paille pour une d\u00e9co boh\u00e8me ou ethnique chic<\/strong><\/h2>\n<p>Le luminaire suspendu s&rsquo;int\u00e8gre parfaitement dans une ambiance ethnique ou boh\u00e8me chic. De plus, son caract\u00e8re nomade s&rsquo;adapte \u00e0 divers univers d\u00e9coratifs. Que ce soit pour \u00e9clairer un salon spacieux, ajouter une touche distinctive \u00e0 une chambre ou cr\u00e9er une atmosph\u00e8re accueillante dans un hall d&rsquo;entr\u00e9e, cette suspension excelle dans son r\u00f4le.<\/p>\n<p>Un petit tour dans notre <a href=\"\/fr\/idees-deco-artisanat\/\" target=\"_blank\" rel=\"noopener\">article sur les id\u00e9es d\u00e9co de nos clients<\/a> vous permettra de voir comment nos clients l&rsquo;ont utilis\u00e9e.<\/p>\n<p>Pourquoi je l&rsquo;aime :<\/p>\n<p><strong><em>Pour son petit look plage, qui me transporte en vacances. Je ferme les yeux et je me vois sous un parasol \u00e0 siroter un cocktail.<\/em><\/strong><\/p>\n<p>Dimensions : 100cm de diam\u00e8tre, environ 30cm de haut.<\/p>\n<p>D&rsquo;autres diam\u00e8tres sont disponibles : <a href=\"\/fr\/luminaires\/suspension-parasol-moyenne\/\" target=\"_blank\" rel=\"noopener\">60, 70<\/a> et <a href=\"\/fr\/luminaires\/suspension-parasol-80cm\/\" target=\"_blank\" rel=\"noopener\">80cm<\/a><\/p>\n<p>Cette suspension est artisanale et unique. Elle peut comporter certaines irr\u00e9gularit\u00e9s qui en font tout le charme. Il peut y avoir de l\u00e9g\u00e8res variations dans la forme, la dimension ou la couleur, selon la condition de la mati\u00e8re. La couleur est souvent verte quand la mati\u00e8re est jeune et devient de plus en plus jaune ou bronz\u00e9e, avec le temps et le soleil.<\/p>\n<p>Conseils (infos et conseils suppl\u00e9mentaires dans notre <a href=\"\/fr\/doum-presentation-conseils-entretien\/\" target=\"_blank\" rel=\"noopener\">article sur la fibre de palmier alfa, le <em>doum<\/em><\/a>)<\/p>\n<p>* Pour acc\u00e9l\u00e9rer le jaunissement de la fibre, laisser la suspension au soleil pendant quelques jours.<br \/>\n* La fibre d&rsquo;alfa, herbe m\u00e9diterran\u00e9enne utilis\u00e9e pour la confection de ces luminaires, est mall\u00e9able. Si elle a \u00e9t\u00e9 pli\u00e9e pendant le transport et conserve la forme due au transport, la laisser quelques heures au sol le temps qu&rsquo;elle reprenne sa forme habituelle. Si ce n&rsquo;est pas le cas, vous pouvez l&rsquo;asperger l\u00e9g\u00e8rement et l&rsquo;aider avec des poids ou des gabarits.<\/p>\n<p>C\u00e2ble \u00e9lectrique non compris.<br \/>\nUne anse est pr\u00e9vue pour l&rsquo;accrocher. Pour plus de conseils sur l&rsquo;installation, veuillez consulter notre <a href=\"\/fr\/installer-suspension-paille\/\" target=\"_blank\" rel=\"noopener\">article sur les diff\u00e9rentes m\u00e9thodes d&rsquo;accroche de nos suspensions<\/a>.<\/p>\n<p>&nbsp;<\/p>\n","protected":false},"excerpt":{"rendered":"<p>Suspension en paille, tress\u00e9e \u00e0 la main au Maroc, au look exotico-boh\u00e8me.<\/p>\n<p>Un air de vacances dans la maison avec ses longs brins de pailles tombant tout autour avec gr\u00e2ce et l\u00e9g\u00e8ret\u00e9.<\/p>\n<p>Grande taille : 1 m\u00e8tre de diam\u00e8tre<\/p>\n","protected":false},"featured_media":157,"comment_status":"open","ping_status":"closed","template":"","meta":[],"product_brand":[],"product_cat":[22,894],"product_tag":[86,83,84,85,461,899,80,82,79,100,101],"class_list":{"0":"post-430","1":"product","2":"type-product","3":"status-publish","4":"has-post-thumbnail","6":"product_cat-luminaires","7":"product_cat-suspension-paille","8":"product_tag-abat-jour","9":"product_tag-brins","10":"product_tag-franges","11":"product_tag-lampe","12":"product_tag-latitude-lumineuse","13":"product_tag-no-us","14":"product_tag-osier","15":"product_tag-raphia","16":"product_tag-rotin","17":"product_tag-xl","18":"product_tag-xxl","20":"first","21":"instock","22":"taxable","23":"shipping-taxable","24":"purchasable","25":"product-type-simple"},"_links":{"self":[{"href":"https:\/\/www.latitude31n.com\/fr\/wp-json\/wp\/v2\/product\/430","targetHints":{"allow":["GET"]}}],"collection":[{"href":"https:\/\/www.latitude31n.com\/fr\/wp-json\/wp\/v2\/product"}],"about":[{"href":"https:\/\/www.latitude31n.com\/fr\/wp-json\/wp\/v2\/types\/product"}],"replies":[{"embeddable":true,"href":"https:\/\/www.latitude31n.com\/fr\/wp-json\/wp\/v2\/comments?post=430"}],"wp:featuredmedia":[{"embeddable":true,"href":"https:\/\/www.latitude31n.com\/fr\/wp-json\/wp\/v2\/media\/157"}],"wp:attachment":[{"href":"https:\/\/www.latitude31n.com\/fr\/wp-json\/wp\/v2\/media?parent=430"}],"wp:term":[{"taxonomy":"product_brand","embeddable":true,"href":"https:\/\/www.latitude31n.com\/fr\/wp-json\/wp\/v2\/product_brand?post=430"},{"taxonomy":"product_cat","embeddable":true,"href":"https:\/\/www.latitude31n.com\/fr\/wp-json\/wp\/v2\/product_cat?post=430"},{"taxonomy":"product_tag","embeddable":true,"href":"https:\/\/www.latitude31n.com\/fr\/wp-json\/wp\/v2\/product_tag?post=430"}],"curies":[{"name":"wp","href":"https:\/\/api.w.org\/{rel}","templated":true}]}}