{"id":4246,"date":"2021-08-18T15:40:13","date_gmt":"2021-08-18T14:40:13","guid":{"rendered":"https:\/\/www.latitude31n.com\/?post_type=product&#038;p=4246"},"modified":"2026-02-01T15:55:11","modified_gmt":"2026-02-01T14:55:11","slug":"petit-panier-marocain-noir-et-dore","status":"publish","type":"product","link":"https:\/\/www.latitude31n.com\/fr\/paniers-rangements\/petit-panier-marocain-noir-et-dore\/","title":{"rendered":"Petit panier osier (noir et dor\u00e9)"},"content":{"rendered":"<h2>Petit panier osier : un bijou en noir et or<\/h2>\n<p>Ces paniers en osier, d\u00e9licatement recouverts de laine noire et rehauss\u00e9s de motifs dor\u00e9s, apporteront une touche d&rsquo;\u00e9l\u00e9gance ethnique \u00e0 votre int\u00e9rieur. Inspir\u00e9s des traditions marocaines, leurs motifs g\u00e9om\u00e9triques tiss\u00e9s \u00e0 la main en font de v\u00e9ritables \u0153uvres d&rsquo;art.<\/p>\n<p>Ces \u0153uvres d&rsquo;art, qui servaient autrefois \u00e0 conserver le pain, apporteront une touche d&rsquo;authenticit\u00e9 et de chaleur \u00e0 votre d\u00e9coration, qu&rsquo;ils soient expos\u00e9s sur une \u00e9tag\u00e8re, dans une salle de bain ou sur une biblioth\u00e8que. Notre <strong>petit panier osier<\/strong> pr\u00e9sente un design \u00e0 la fois simple et sophistiqu\u00e9 s&rsquo;int\u00e9grera parfaitement \u00e0 tout type d&rsquo;ambiance.<\/p>\n<h2>Personnalisez votre int\u00e9rieur avec nos petits paniers en osier<\/h2>\n<p>Regroupez-les en collection pour un impact maximal ou utilisez-les individuellement pour une touche de boh\u00e8me. Parfaits pour ranger vos petits objets ou simplement pour d\u00e9corer.<\/p>\n<p>Tr\u00e8s graphiques, ils apportent une touche contemporaine tout en gardant leur c\u00f4t\u00e9 artisanal.<\/p>\n<p>S&rsquo;accorde \u00e9galement avec le <a href=\"\/fr\/paniers-rangements\/panier-pointu-osier-noir\/\">panier ethnique bicolore<\/a>.<\/p>\n<p>Dimensions : hauteur environ 25\/30cm<\/p>\n<p>Cette pani\u00e8re est totalement artisanale, faite \u00e0 la main au Maroc, elle peut pr\u00e9senter certaines imperfections qui garantissent son authenticit\u00e9.<\/p>\n<p>&nbsp;<\/p>\n","protected":false},"excerpt":{"rendered":"<p>Coup de c\u0153ur assur\u00e9 pour ce <strong>petit panier en osier ultra styl\u00e9<\/strong> ! Noir et or, un combo chic et moderne pour une touche boh\u00e8me dans votre int\u00e9rieur.<\/p>\n<p>Mati\u00e8re : osier, laine<br \/>\nDimensions : h25\/30cm<\/p>\n","protected":false},"featured_media":4264,"comment_status":"open","ping_status":"closed","template":"","meta":[],"product_brand":[],"product_cat":[28,598],"product_tag":[147],"class_list":{"0":"post-4246","1":"product","2":"type-product","3":"status-publish","4":"has-post-thumbnail","6":"product_cat-paniers-rangements","7":"product_cat-soldes","8":"product_tag-paniere","10":"first","11":"instock","12":"sale","13":"taxable","14":"shipping-taxable","15":"purchasable","16":"product-type-variable"},"_links":{"self":[{"href":"https:\/\/www.latitude31n.com\/fr\/wp-json\/wp\/v2\/product\/4246","targetHints":{"allow":["GET"]}}],"collection":[{"href":"https:\/\/www.latitude31n.com\/fr\/wp-json\/wp\/v2\/product"}],"about":[{"href":"https:\/\/www.latitude31n.com\/fr\/wp-json\/wp\/v2\/types\/product"}],"replies":[{"embeddable":true,"href":"https:\/\/www.latitude31n.com\/fr\/wp-json\/wp\/v2\/comments?post=4246"}],"wp:featuredmedia":[{"embeddable":true,"href":"https:\/\/www.latitude31n.com\/fr\/wp-json\/wp\/v2\/media\/4264"}],"wp:attachment":[{"href":"https:\/\/www.latitude31n.com\/fr\/wp-json\/wp\/v2\/media?parent=4246"}],"wp:term":[{"taxonomy":"product_brand","embeddable":true,"href":"https:\/\/www.latitude31n.com\/fr\/wp-json\/wp\/v2\/product_brand?post=4246"},{"taxonomy":"product_cat","embeddable":true,"href":"https:\/\/www.latitude31n.com\/fr\/wp-json\/wp\/v2\/product_cat?post=4246"},{"taxonomy":"product_tag","embeddable":true,"href":"https:\/\/www.latitude31n.com\/fr\/wp-json\/wp\/v2\/product_tag?post=4246"}],"curies":[{"name":"wp","href":"https:\/\/api.w.org\/{rel}","templated":true}]}}