{"id":4205,"date":"2021-08-17T17:58:19","date_gmt":"2021-08-17T16:58:19","guid":{"rendered":"https:\/\/www.latitude31n.com\/?post_type=product&#038;p=4205"},"modified":"2026-01-18T13:26:26","modified_gmt":"2026-01-18T12:26:26","slug":"petit-panier-bleu-a-motifs-colores","status":"publish","type":"product","link":"https:\/\/www.latitude31n.com\/fr\/paniers-rangements\/motifs-colores\/petit-panier-bleu-a-motifs-colores\/","title":{"rendered":"Trio de paniers berb\u00e8res bleus"},"content":{"rendered":"<h2><strong>Paniers \u00e0 pain traditionnels aux motifs orientaux bleus<\/strong><\/h2>\n<p>Ces petits paniers en osier sont rebrod\u00e9s de laine dans diff\u00e9rentes teintes de bleu. Ils apporteront une touche ethnique et boh\u00e8me dans votre int\u00e9rieur tout en apportant une touche de couleur fantaisie sur vos \u00e9tag\u00e8res ou vos niches. La richesse et la diversit\u00e9 de leurs motifs et dessins graphiques en font de v\u00e9ritables \u0153uvres d&rsquo;art de l&rsquo;artisanat populaire marocain.<\/p>\n<h2><strong>Paniers color\u00e9s pour jolie collection originale<\/strong><\/h2>\n<p>Ils ne passeront pas inaper\u00e7us dans votre d\u00e9co boh\u00e8me, ils cr\u00e9ent, gr\u00e2ce \u00e0 leurs motifs et couleurs uniques, un effet visuel et int\u00e9ressant.<\/p>\n<p>Pourquoi je les aime :<\/p>\n<p><em><strong>Le choix est difficile, je les trouve tous beaux mais je suis mes coups de c\u0153ur tout en essayant de cr\u00e9er une palette de couleurs harmonieuse. Ici, un joli assortiment de bleus tout en contraste.<\/strong><br \/>\n<\/em><\/p>\n<p>Dimensions : hauteur environ 25\/30cm<\/p>\n<p>Ces pani\u00e8res \u00e0 pain sont artisanales, fabriqu\u00e9es main au Maroc ; elles peuvent pr\u00e9senter certaines imperfections qui garantissent leur authenticit\u00e9.<\/p>\n<p>&nbsp;<\/p>\n<p>&nbsp;<\/p>\n","protected":false},"excerpt":{"rendered":"<p>Avec ses origines ethniques \u00e0 l&rsquo;accent pop, ce trio de corbeilles berb\u00e8res propose une jolie gamme de bleues pour une d\u00e9co graphique color\u00e9e.<\/p>\n","protected":false},"featured_media":13570,"comment_status":"open","ping_status":"closed","template":"","meta":[],"product_brand":[],"product_cat":[635,28],"product_tag":[109,267,463,235,149,274],"class_list":{"0":"post-4205","1":"product","2":"type-product","3":"status-publish","4":"has-post-thumbnail","6":"product_cat-motifs-colores","7":"product_cat-paniers-rangements","8":"product_tag-chambre-de-bebe","9":"product_tag-chambre-garcon","10":"product_tag-latitude-pop","11":"product_tag-multicolore","12":"product_tag-rangement","13":"product_tag-touareg","14":"product_shipping_class-standard-poste-service","16":"first","17":"outofstock","18":"taxable","19":"shipping-taxable","20":"purchasable","21":"product-type-simple"},"_links":{"self":[{"href":"https:\/\/www.latitude31n.com\/fr\/wp-json\/wp\/v2\/product\/4205","targetHints":{"allow":["GET"]}}],"collection":[{"href":"https:\/\/www.latitude31n.com\/fr\/wp-json\/wp\/v2\/product"}],"about":[{"href":"https:\/\/www.latitude31n.com\/fr\/wp-json\/wp\/v2\/types\/product"}],"replies":[{"embeddable":true,"href":"https:\/\/www.latitude31n.com\/fr\/wp-json\/wp\/v2\/comments?post=4205"}],"wp:featuredmedia":[{"embeddable":true,"href":"https:\/\/www.latitude31n.com\/fr\/wp-json\/wp\/v2\/media\/13570"}],"wp:attachment":[{"href":"https:\/\/www.latitude31n.com\/fr\/wp-json\/wp\/v2\/media?parent=4205"}],"wp:term":[{"taxonomy":"product_brand","embeddable":true,"href":"https:\/\/www.latitude31n.com\/fr\/wp-json\/wp\/v2\/product_brand?post=4205"},{"taxonomy":"product_cat","embeddable":true,"href":"https:\/\/www.latitude31n.com\/fr\/wp-json\/wp\/v2\/product_cat?post=4205"},{"taxonomy":"product_tag","embeddable":true,"href":"https:\/\/www.latitude31n.com\/fr\/wp-json\/wp\/v2\/product_tag?post=4205"}],"curies":[{"name":"wp","href":"https:\/\/api.w.org\/{rel}","templated":true}]}}