{"id":3582,"date":"2021-06-14T10:38:29","date_gmt":"2021-06-14T09:38:29","guid":{"rendered":"https:\/\/www.latitude31n.com\/?post_type=product&#038;p=3582"},"modified":"2025-10-30T19:32:49","modified_gmt":"2025-10-30T18:32:49","slug":"panier-linge-osier-palmier","status":"publish","type":"product","link":"https:\/\/www.latitude31n.com\/fr\/paniers-rangements\/teintes-naturelles\/panier-linge-osier-palmier\/","title":{"rendered":"Panier \u00e0 linge osier et palmier"},"content":{"rendered":"<h2><strong>Haut panier de rangement ou panier <\/strong><strong>\u00e0 linge<\/strong><\/h2>\n<p>Ce panier \u00e0 linge est \u00e0 la fois fonctionnel et esth\u00e9tique. De forme ronde, le tressage est finement r\u00e9alis\u00e9.<\/p>\n<p>Fabriqu\u00e9e artisanalement au Maroc, ce bac \u00e0 linge vous permet de d\u00e9poser le linge sale, ou de ranger jouets, couvertures ou coussins. Dans la buanderie, la salle de bain ou la chambre, cette jolie pani\u00e8re trouve facilement sa place gr\u00e2ce \u00e0 sa simplicit\u00e9, sa discr\u00e9tion et son \u00e9l\u00e9gance.<\/p>\n<p>Le panier est superbe associ\u00e9 avec <a href=\"\/fr\/decoration-maison\/echelle-decorative-en-bois\/\" target=\"_blank\" rel=\"noopener\">notre \u00e9chelle en bois blanc<\/a>. Les tons et la fabrication artisanale se compl\u00e8tent parfaitement.<\/p>\n<h2><strong>Notre meilleure vente en paniers marocains<\/strong><\/h2>\n<p>Cette corbeille de rangement montre un design a\u00e9r\u00e9 et un tressage ouvert, ainsi elle est facile \u00e0 utiliser et \u00e0 transporter. De plus, le panier poss\u00e8de deux ouvertures sur le c\u00f4t\u00e9 pour un transport confortable. Nos talentueux artisans les tressent en osier naturel qu&rsquo;ils recouvrent ensuite de fibres de palmier tr\u00e8s clair. Ouverture du couvercle par le haut et fermeture par un petit bouton tress\u00e9 dans la m\u00eame mati\u00e8re.<\/p>\n<p>Le grand coffre <strong>convient tout particuli\u00e8rement aux enfants<\/strong>. En effet, l&rsquo;utilisation est s\u00e9curis\u00e9e et agr\u00e9able, car il n&rsquo;y a ni ar\u00eates, ni angles dangereux.<\/p>\n<p>Pourquoi je l&rsquo;aime :<\/p>\n<p><strong><em>Tout est doux dans ce magnifique panier \u00e0 linge! les tons, la mati\u00e8re, la forme. Il apporte une pr\u00e9sence incroyable dans une d\u00e9co.<\/em><\/strong><\/p>\n<p>Dimensions :<\/p>\n<p>petit : h40x38cm &#8212; Grand : h50cmx40cm<\/p>\n<p>Les dimensions sont approximatives et peuvent varier d&rsquo;environ 2\/3cm. Ce produit artisanal peut comporter certaines imperfections qui sont la garantie de son authenticit\u00e9 et ajoutent \u00e0 l&rsquo;unicit\u00e9 et au charme du panier.<\/p>\n","protected":false},"excerpt":{"rendered":"<p><strong>Notre panier best-seller (avec <a href=\"\/fr\/paniers-rangements\/coffre-rangement-osier-palmier\/\" target=\"_blank\" rel=\"noopener\">le coffre \u00e0 jouets<\/a>)<\/strong>, et \u00e7a se comprend. Il est fonctionnel et en m\u00eame temps ultra-d\u00e9coratif avec son design a\u00e9r\u00e9, moderne et boh\u00e8me.<\/p>\n<p>&nbsp;<\/p>\n","protected":false},"featured_media":3583,"comment_status":"open","ping_status":"closed","template":"","meta":[],"product_brand":[],"product_cat":[634,28],"product_tag":[108,109,73,464,899,80,147,149,79],"class_list":{"0":"post-3582","1":"product","2":"type-product","3":"status-publish","4":"has-post-thumbnail","6":"product_cat-teintes-naturelles","7":"product_cat-paniers-rangements","8":"product_tag-chambre-denfant","9":"product_tag-chambre-de-bebe","10":"product_tag-enfant","11":"product_tag-latitude-soft","12":"product_tag-no-us","13":"product_tag-osier","14":"product_tag-paniere","15":"product_tag-rangement","16":"product_tag-rotin","18":"first","19":"instock","20":"taxable","21":"shipping-taxable","22":"purchasable","23":"product-type-variable"},"_links":{"self":[{"href":"https:\/\/www.latitude31n.com\/fr\/wp-json\/wp\/v2\/product\/3582","targetHints":{"allow":["GET"]}}],"collection":[{"href":"https:\/\/www.latitude31n.com\/fr\/wp-json\/wp\/v2\/product"}],"about":[{"href":"https:\/\/www.latitude31n.com\/fr\/wp-json\/wp\/v2\/types\/product"}],"replies":[{"embeddable":true,"href":"https:\/\/www.latitude31n.com\/fr\/wp-json\/wp\/v2\/comments?post=3582"}],"wp:featuredmedia":[{"embeddable":true,"href":"https:\/\/www.latitude31n.com\/fr\/wp-json\/wp\/v2\/media\/3583"}],"wp:attachment":[{"href":"https:\/\/www.latitude31n.com\/fr\/wp-json\/wp\/v2\/media?parent=3582"}],"wp:term":[{"taxonomy":"product_brand","embeddable":true,"href":"https:\/\/www.latitude31n.com\/fr\/wp-json\/wp\/v2\/product_brand?post=3582"},{"taxonomy":"product_cat","embeddable":true,"href":"https:\/\/www.latitude31n.com\/fr\/wp-json\/wp\/v2\/product_cat?post=3582"},{"taxonomy":"product_tag","embeddable":true,"href":"https:\/\/www.latitude31n.com\/fr\/wp-json\/wp\/v2\/product_tag?post=3582"}],"curies":[{"name":"wp","href":"https:\/\/api.w.org\/{rel}","templated":true}]}}