{"id":34061,"date":"2025-08-28T13:48:00","date_gmt":"2025-08-28T12:48:00","guid":{"rendered":"https:\/\/www.latitude31n.com\/?post_type=product&#038;p=34061"},"modified":"2026-03-17T12:51:34","modified_gmt":"2026-03-17T11:51:34","slug":"coffre-jouets-osier","status":"publish","type":"product","link":"https:\/\/www.latitude31n.com\/fr\/deco-enfant\/coffre-jouets-osier\/","title":{"rendered":"Coffre \u00e0 jouets avec pompons"},"content":{"rendered":"<h2 data-start=\"882\" data-end=\"942\">Un coffre \u00e0 jouets osier qui allie rangement et douceur<\/h2>\n<p>Ce coffre \u00e0 jouets en osier et palmier est, en plus d&rsquo;un simple rangement, un v\u00e9ritable \u00e9l\u00e9ment de d\u00e9coration. Tress\u00e9 \u00e0 la main par des artisans marocains, il nous s\u00e9duit par sa teinte naturelle tr\u00e8s claire, presque blanche, et son design a\u00e9r\u00e9.<\/p>\n<p>Les pompons, d\u00e9clin\u00e9s en plusieurs nuances (rose et beige, vert et beige, ou encore des teintes de bleus), apportent une touche ludique et po\u00e9tique qui s\u2019int\u00e8gre aussi bien dans une chambre de petite fille que de petit gar\u00e7on\u2026 et m\u00eame dans le salon.<\/p>\n<h2 data-start=\"1444\" data-end=\"1483\">Une malle pratique et pens\u00e9e pour les enfants<\/h2>\n<ul>\n<li data-start=\"1485\" data-end=\"1580\">\n<p data-start=\"1487\" data-end=\"1580\">L\u00e9ger et sans ar\u00eates vives : parfait pour un usage quotidien dans une chambre d\u2019enfant.<\/p>\n<\/li>\n<li data-start=\"1581\" data-end=\"1634\">\n<p data-start=\"1583\" data-end=\"1634\">Deux anses pour un transport facile.<\/p>\n<\/li>\n<li data-start=\"1635\" data-end=\"1728\">\n<p data-start=\"1637\" data-end=\"1728\">Fermeture par deux gros boutons en fibres naturelles, \u00e9l\u00e9gante et simple \u00e0 manipuler.<\/p>\n<\/li>\n<li data-start=\"1729\" data-end=\"1785\">\n<p data-start=\"1731\" data-end=\"1785\">Couvercle souple et l\u00e9ger pour plus de s\u00e9curit\u00e9.<\/p>\n<\/li>\n<li data-start=\"1729\" data-end=\"1785\">Convient comme coffre \u00e0 jouets fille ou gar\u00e7on, quelque soit les couleurs de pompons choisies<\/li>\n<\/ul>\n<p data-start=\"1375\" data-end=\"1520\">Que ce soit pour ranger les jouets, les peluches, ou m\u00eame les plaids et coussins, ce coffre accompagne la vie de famille avec style et praticit\u00e9.<\/p>\n<h3 data-start=\"1938\" data-end=\"1981\">Un artisanat unique et personnalisable<\/h3>\n<p data-start=\"1983\" data-end=\"2317\">Chaque coffre \u00e0 jouets en osier est r\u00e9alis\u00e9 enti\u00e8rement \u00e0 la main avec des fibres naturelles soigneusement s\u00e9lectionn\u00e9es. Les l\u00e9g\u00e8res irr\u00e9gularit\u00e9s et variations de tressage en font des pi\u00e8ces uniques, authentiques et pleines de charme.<\/p>\n<p data-start=\"1983\" data-end=\"2317\"><br data-start=\"2201\" data-end=\"2204\" \/>Envie d\u2019une touche plus personnelle ? Les pompons peuvent \u00eatre r\u00e9alis\u00e9s dans d\u2019autres coloris sur simple demande.<\/p>\n<p>Dans la m\u00eame mati\u00e8re et le m\u00eame tressage a\u00e9r\u00e9 existe \u00e9galement le <a href=\"\/fr\/paniers-rangements\/teintes-naturelles\/panier-linge-osier-palmier\/\" target=\"_blank\" rel=\"noopener\">panier \u00e0 linge<\/a> (qu&rsquo;on peut \u00e9galement agr\u00e9menter de pompons selon vos envies).<\/p>\n<p data-start=\"1768\" data-end=\"1783\">Dimensions<\/p>\n<ul>\n<li data-start=\"1787\" data-end=\"1809\"><strong data-start=\"1787\" data-end=\"1807\">M : 60 x 35 x h33 cm<\/strong><\/li>\n<li data-start=\"1812\" data-end=\"1894\"><strong data-start=\"1812\" data-end=\"1832\">L : 80 x 35 x h32 cm<\/strong><br data-start=\"1832\" data-end=\"1835\" \/><em data-start=\"1835\" data-end=\"1894\">(avec une marge de \u00b13 cm selon la fabrication artisanale)<\/em><\/li>\n<\/ul>\n<p data-start=\"1896\" data-end=\"1921\">Pourquoi on l\u2019aime ?<\/p>\n<ul data-start=\"1923\" data-end=\"2091\">\n<li data-start=\"1923\" data-end=\"1964\">\n<p data-start=\"1925\" data-end=\"1964\">Son style minimaliste et boh\u00e8me chic.<\/p>\n<\/li>\n<li data-start=\"1965\" data-end=\"2022\">\n<p data-start=\"1967\" data-end=\"2022\">Sa couleur neutre qui s\u2019adapte \u00e0 tous les int\u00e9rieurs.<\/p>\n<\/li>\n<li data-start=\"2023\" data-end=\"2091\">\n<p data-start=\"2025\" data-end=\"2091\">Son petit twist d\u00e9co avec les pompons, pour une touche de douceur.<\/p>\n<\/li>\n<\/ul>\n","protected":false},"excerpt":{"rendered":"<p data-start=\"295\" data-end=\"362\">Le rangement qui se fond dans la d\u00e9co et met d&rsquo;humeur c\u00e2line.<\/p>\n<ul>\n<li data-start=\"280\" data-end=\"332\">Mati\u00e8re : fibres naturelles (osier et palmier)<\/li>\n<li data-start=\"335\" data-end=\"359\">Fait main au Maroc<\/li>\n<li data-start=\"362\" data-end=\"404\">Pompons d\u00e9coratifs en teintes douces (possibilit\u00e9 de personnaliser les coloris sur demande)<\/li>\n<li data-start=\"407\" data-end=\"457\">L\u00e9ger, s\u00e9curis\u00e9 et pratique pour les enfants<\/li>\n<li data-start=\"460\" data-end=\"507\">Deux tailles disponibles : 60 cm (M) et 80 cm (L)<\/li>\n<\/ul>\n","protected":false},"featured_media":34078,"comment_status":"open","ping_status":"closed","template":"","meta":[],"product_brand":[],"product_cat":[892,28,634],"product_tag":[239,245,108,109,464,82,79],"class_list":{"0":"post-34061","1":"product","2":"type-product","3":"status-publish","4":"has-post-thumbnail","6":"product_cat-deco-enfant","7":"product_cat-paniers-rangements","8":"product_cat-teintes-naturelles","9":"product_tag-boite-jouets","10":"product_tag-cadeau-bebe","11":"product_tag-chambre-denfant","12":"product_tag-chambre-de-bebe","13":"product_tag-latitude-soft","14":"product_tag-raphia","15":"product_tag-rotin","17":"first","18":"instock","19":"taxable","20":"shipping-taxable","21":"purchasable","22":"product-type-variable"},"_links":{"self":[{"href":"https:\/\/www.latitude31n.com\/fr\/wp-json\/wp\/v2\/product\/34061","targetHints":{"allow":["GET"]}}],"collection":[{"href":"https:\/\/www.latitude31n.com\/fr\/wp-json\/wp\/v2\/product"}],"about":[{"href":"https:\/\/www.latitude31n.com\/fr\/wp-json\/wp\/v2\/types\/product"}],"replies":[{"embeddable":true,"href":"https:\/\/www.latitude31n.com\/fr\/wp-json\/wp\/v2\/comments?post=34061"}],"wp:featuredmedia":[{"embeddable":true,"href":"https:\/\/www.latitude31n.com\/fr\/wp-json\/wp\/v2\/media\/34078"}],"wp:attachment":[{"href":"https:\/\/www.latitude31n.com\/fr\/wp-json\/wp\/v2\/media?parent=34061"}],"wp:term":[{"taxonomy":"product_brand","embeddable":true,"href":"https:\/\/www.latitude31n.com\/fr\/wp-json\/wp\/v2\/product_brand?post=34061"},{"taxonomy":"product_cat","embeddable":true,"href":"https:\/\/www.latitude31n.com\/fr\/wp-json\/wp\/v2\/product_cat?post=34061"},{"taxonomy":"product_tag","embeddable":true,"href":"https:\/\/www.latitude31n.com\/fr\/wp-json\/wp\/v2\/product_tag?post=34061"}],"curies":[{"name":"wp","href":"https:\/\/api.w.org\/{rel}","templated":true}]}}