{"id":32868,"date":"2025-06-06T16:45:56","date_gmt":"2025-06-06T15:45:56","guid":{"rendered":"https:\/\/www.latitude31n.com\/?post_type=product&#038;p=32868"},"modified":"2026-04-11T19:41:36","modified_gmt":"2026-04-11T18:41:36","slug":"petite-lampe","status":"publish","type":"product","link":"https:\/\/www.latitude31n.com\/fr\/luminaires\/petite-lampe\/","title":{"rendered":"Petite lampe crochet"},"content":{"rendered":"<h2 data-start=\"349\" data-end=\"416\">Lampe de chevet crochet : douceur artisanale pour vos nuits<\/h2>\n<p data-start=\"418\" data-end=\"705\">\u00c9pur\u00e9e, d\u00e9licate et r\u00e9solument tendance, la <strong data-start=\"462\" data-end=\"486\">petite lampe crochet<\/strong> accompagnera vos soir\u00e9es paisibles. Enti\u00e8rement r\u00e9alis\u00e9e \u00e0 la main par des femmes artisanes berb\u00e8res \u00e0 Marrakech, elle est crochet\u00e9e autour d&rsquo;une structure m\u00e9tallique robuste. Cette <strong data-start=\"620\" data-end=\"654\">lampe de chevet crochet<\/strong>\u00a0s\u2019inscrit dans une d\u00e9marche artisanale et \u00e9thique.<\/p>\n<p data-start=\"707\" data-end=\"1023\">Confectionn\u00e9e au crochet avec de la corde en viscose (<em>keytan<\/em>), elle habille votre table de nuit, une \u00e9tag\u00e8re ou un coin lecture d\u2019une lumi\u00e8re douce et tamis\u00e9e. Ses teintes naturelles et intemporelles \u2013 \u00e9cru, beige et taupe \u2013 s\u2019int\u00e8grent ais\u00e9ment dans tout style d\u2019int\u00e9rieur : boh\u00e8me chic, wabi-sabi, minimaliste ou m\u00eame scandinave. Sa taille compacte la rend id\u00e9ale pour les espaces plus intimes, tout en gardant une v\u00e9ritable pr\u00e9sence.<\/p>\n<h2 data-start=\"1030\" data-end=\"1090\">Une petite lampe crochet pour un style boh\u00e8me et po\u00e9tique<\/h2>\n<p data-start=\"1092\" data-end=\"1321\">Petite mais pleine de caract\u00e8re, cette<strong data-start=\"1133\" data-end=\"1157\">\u00a0lampe crochet<\/strong> s\u00e9duit par son aspect l\u00e9g\u00e8rement r\u00e9tro et japonisant. Elle apporte une touche chaleureuse \u00e0 vos espaces tout en respectant l\u2019authenticit\u00e9 de l\u2019artisanat marocain.<\/p>\n<p data-start=\"1092\" data-end=\"1321\">Dans la chambre \u00e0 coucher, sa taille et son style la rendent id\u00e9ales en guise de lampes de chevet suspendues. Elle diffuse une lumi\u00e8re tamis\u00e9e, parfaite pour vos lectures nocturnes ou pour accompagner vos moments de qui\u00e9tude avant de vous endormir.<\/p>\n<p data-start=\"1092\" data-end=\"1321\">Cependant, son utilisation ne se limite pas \u00e0 la chambre. Cette lampe d&rsquo;appoint au crochet trouvera \u00e9galement sa place sur une petite console dans votre entr\u00e9e, accueillant vos invit\u00e9s avec une lumi\u00e8re douce et chaleureuse. Dans un salon, elle peut servir de source d&rsquo;\u00e9clairage suppl\u00e9mentaire sur une \u00e9tag\u00e8re ou une petite table d&rsquo;appoint, ajoutant une couche de confort visuel.<\/p>\n<p data-start=\"1092\" data-end=\"1321\">Dimensions : \u00f825 x h40 cm<br \/>\nDisponible en 3 coloris : \u00e9cru, beige et taupe. Possibilit\u00e9 de la r\u00e9aliser dans d&rsquo;autres couleurs sur commande. D\u00e9lai d&rsquo;environ 1 semaine \u00e0 10 jours.<\/p>\n<p data-start=\"1092\" data-end=\"1321\">Chaque lampe est unique, et peut pr\u00e9senter de l\u00e9g\u00e8res variations de texture ou de ton, t\u00e9moins de sa fabrication artisanale.<\/p>\n","protected":false},"excerpt":{"rendered":"<p data-start=\"349\" data-end=\"416\"><strong data-start=\"2704\" data-end=\"2731\">Lampe de chevet en crochet<\/strong>\u00a0\u2013 \u00c9l\u00e9gante et po\u00e9tique<br \/>\nParfaite pour cr\u00e9er une atmosph\u00e8re douce sur une table de nuit ou un coin cosy.<\/p>\n<ul>\n<li>Mat\u00e9riau : mailles de corde de viscose color\u00e9, structure m\u00e9tallique<\/li>\n<li>Coloris disponibles : \u00e9cru, beige, taupe<\/li>\n<li>Syst\u00e8me \u00e9lectrique non inclus \u2013 \u00e0 combiner avec une ampoule LED \u00e0 lumi\u00e8re chaude<\/li>\n<li>Dimensions : \u00f825xh40 cm<\/li>\n<\/ul>\n<p data-start=\"1577\" data-end=\"1738\">\ud83d\udccc <em data-start=\"1580\" data-end=\"1593\">Sur demande<\/em>, nous pouvons r\u00e9aliser cette lampe dans d\u2019autres couleurs (terracotta, moutarde, kaki, bleu gris\u2026). D\u00e9lai de fabrication : 1 semaine \u00e0 10 jours.<\/p>\n","protected":false},"featured_media":32897,"comment_status":"open","ping_status":"closed","template":"","meta":[],"product_brand":[],"product_cat":[22],"product_tag":[],"class_list":{"0":"post-32868","1":"product","2":"type-product","3":"status-publish","4":"has-post-thumbnail","6":"product_cat-luminaires","8":"first","9":"instock","10":"taxable","11":"shipping-taxable","12":"purchasable","13":"product-type-variable"},"_links":{"self":[{"href":"https:\/\/www.latitude31n.com\/fr\/wp-json\/wp\/v2\/product\/32868","targetHints":{"allow":["GET"]}}],"collection":[{"href":"https:\/\/www.latitude31n.com\/fr\/wp-json\/wp\/v2\/product"}],"about":[{"href":"https:\/\/www.latitude31n.com\/fr\/wp-json\/wp\/v2\/types\/product"}],"replies":[{"embeddable":true,"href":"https:\/\/www.latitude31n.com\/fr\/wp-json\/wp\/v2\/comments?post=32868"}],"wp:featuredmedia":[{"embeddable":true,"href":"https:\/\/www.latitude31n.com\/fr\/wp-json\/wp\/v2\/media\/32897"}],"wp:attachment":[{"href":"https:\/\/www.latitude31n.com\/fr\/wp-json\/wp\/v2\/media?parent=32868"}],"wp:term":[{"taxonomy":"product_brand","embeddable":true,"href":"https:\/\/www.latitude31n.com\/fr\/wp-json\/wp\/v2\/product_brand?post=32868"},{"taxonomy":"product_cat","embeddable":true,"href":"https:\/\/www.latitude31n.com\/fr\/wp-json\/wp\/v2\/product_cat?post=32868"},{"taxonomy":"product_tag","embeddable":true,"href":"https:\/\/www.latitude31n.com\/fr\/wp-json\/wp\/v2\/product_tag?post=32868"}],"curies":[{"name":"wp","href":"https:\/\/api.w.org\/{rel}","templated":true}]}}