{"id":32770,"date":"2025-05-30T15:57:12","date_gmt":"2025-05-30T14:57:12","guid":{"rendered":"https:\/\/www.latitude31n.com\/?post_type=product&#038;p=32770"},"modified":"2026-04-11T19:42:40","modified_gmt":"2026-04-11T18:42:40","slug":"lampe-crochet-maroc","status":"publish","type":"product","link":"https:\/\/www.latitude31n.com\/fr\/luminaires\/lampe-crochet-maroc\/","title":{"rendered":"Grande lampe crochet"},"content":{"rendered":"<h2>Lampe crochet Maroc, \u00e9l\u00e9gante et fait main<\/h2>\n<p>Notre<strong> lampe crochet\u00e9e<\/strong> est une pi\u00e8ce ma\u00eetresse con\u00e7ue pour apporter une touche d&rsquo;authenticit\u00e9 et d&rsquo;\u00e9l\u00e9gance \u00e0 votre int\u00e9rieur. Nos suspensions au crochet sont patiemment fabriqu\u00e9es par des femmes artisans au Maroc.<\/p>\n<p>La forme de cette suspension est \u00e0 la fois g\u00e9n\u00e9reuse dans sa largeur et \u00e9lanc\u00e9e. Sa base large se resserre vers le haut et le bas, cr\u00e9ant des courbes et des volumes qui attirent l&rsquo;attention. C&rsquo;est une pi\u00e8ce de grande taille, qui ne manquera pas d&rsquo;attirer le regard tout en conservant une discr\u00e8te \u00e9l\u00e9gance.<\/p>\n<p>R\u00e9alis\u00e9e au crochet et \u00e0 la main avec une maille serr\u00e9e et r\u00e9guli\u00e8re, cette <strong>lampe design<\/strong> est confectionn\u00e9e \u00e0 partir de corde en viscose (<em>keytan<\/em>), un mat\u00e9riau souple et robuste \u00e0 la fois. Les mailles sont fa\u00e7onn\u00e9es autour d&rsquo;une structure m\u00e9tallique, garantissant tenue et durabilit\u00e9 \u00e0 la suspension.<\/p>\n<p>Notre <strong>suspension crochet<\/strong> est propos\u00e9 dans deux teintes intemporelles : un beige naturel, doux et lumineux, et un taupe, plus profond et sophistiqu\u00e9.<\/p>\n<h2>Une suspension design adapt\u00e9e \u00e0 votre int\u00e9rieur<\/h2>\n<p data-sourcepos=\"47:1-47:373\">Ce <strong>luminaire fait main <\/strong>s&rsquo;adapte \u00e0 plusieurs styles de d\u00e9coration. Gr\u00e2ce aux couleurs classiques que nous proposons ici, elles sont ind\u00e9modables. Dans un int\u00e9rieur contemporain, cette suspension apportera une touche chaleureuse et artisanale, pouvant cr\u00e9er un contraste int\u00e9ressant avec des lignes \u00e9pur\u00e9es et des mat\u00e9riaux modernes. Tout en gardant un esprit design, elle casse les codes pour ajouter de l&rsquo;\u00e2me \u00e0 une d\u00e9co.Son esth\u00e9tique \u00e9pur\u00e9e et textur\u00e9e compl\u00e9mente parfaitement la tendance minimaliste.<\/p>\n<p data-sourcepos=\"47:1-47:373\">Pour les amateurs de d\u00e9coration vintage, elle s&rsquo;associera harmonieusement avec des meubles chin\u00e9s et des objets charg\u00e9s d&rsquo;histoire, soulignant le caract\u00e8re authentique de l&rsquo;espace.<\/p>\n<p data-sourcepos=\"47:1-47:373\">Enfin, son esprit boh\u00e8me chic en fait le compagnon id\u00e9al des int\u00e9rieurs \u00e9clectiques.<\/p>\n<p data-sourcepos=\"47:1-47:373\">L&rsquo;\u00e9clairage diffus\u00e9 au travers des mailles du crochet cr\u00e9e des jeux d&rsquo;ombre et de lumi\u00e8re d\u00e9licats, permettant une ambiance douce et tamis\u00e9e, propice \u00e0 la d\u00e9tente et au bien-\u00eatre. C&rsquo;est une pi\u00e8ce polyvalente, qui s&rsquo;adapte aussi bien \u00e0 une entr\u00e9e accueillante, un salon principal ou une chambre o\u00f9 la s\u00e9r\u00e9nit\u00e9 est de mise.<\/p>\n<p data-sourcepos=\"47:1-47:373\">Dimensions : \u00f850 x h90 cm<\/p>\n<p data-sourcepos=\"47:1-47:373\">Chaque lampe est une \u0153uvre unique, faite \u00e0 la main. Il est tout \u00e0 fait normal de trouver de petites \u00ab\u00a0imperfections\u00a0\u00bb. Elles prouvent que nos lampes crochet ne sont pas fabriqu\u00e9es \u00e0 la machine. C&rsquo;est ce qui fait tout son charme et son caract\u00e8re authentique.<\/p>\n","protected":false},"excerpt":{"rendered":"<p data-sourcepos=\"65:1-65:187\">Apportez une touche unique \u00e0 votre int\u00e9rieur avec notre <strong>lampe crochet Maroc<\/strong> ! Faite main par des artisans f\u00e9minines, cette suspension design et artisanale est une pi\u00e8ce \u00e9l\u00e9gante, de caract\u00e8re.<\/p>\n<ul data-sourcepos=\"67:1-72:0\">\n<li data-sourcepos=\"67:1-67:62\">Mat\u00e9riau : Corde en viscose (keytan) sur structure m\u00e9tal<\/li>\n<li data-sourcepos=\"68:1-68:50\">Fabrication : Crochet\u00e9 enti\u00e8rement \u00e0 la main<\/li>\n<li data-sourcepos=\"69:1-69:59\">Couleurs : Beige et Taupe (possibilit\u00e9 de fabriquer dans la couleur de votre choix)<\/li>\n<li data-sourcepos=\"70:1-70:41\">Dimensions : Diam. 50 cm x H. 90 cm<\/li>\n<\/ul>\n","protected":false},"featured_media":32771,"comment_status":"open","ping_status":"closed","template":"","meta":[],"product_brand":[],"product_cat":[22],"product_tag":[],"class_list":{"0":"post-32770","1":"product","2":"type-product","3":"status-publish","4":"has-post-thumbnail","6":"product_cat-luminaires","8":"first","9":"instock","10":"taxable","11":"shipping-taxable","12":"purchasable","13":"product-type-variable"},"_links":{"self":[{"href":"https:\/\/www.latitude31n.com\/fr\/wp-json\/wp\/v2\/product\/32770","targetHints":{"allow":["GET"]}}],"collection":[{"href":"https:\/\/www.latitude31n.com\/fr\/wp-json\/wp\/v2\/product"}],"about":[{"href":"https:\/\/www.latitude31n.com\/fr\/wp-json\/wp\/v2\/types\/product"}],"replies":[{"embeddable":true,"href":"https:\/\/www.latitude31n.com\/fr\/wp-json\/wp\/v2\/comments?post=32770"}],"wp:featuredmedia":[{"embeddable":true,"href":"https:\/\/www.latitude31n.com\/fr\/wp-json\/wp\/v2\/media\/32771"}],"wp:attachment":[{"href":"https:\/\/www.latitude31n.com\/fr\/wp-json\/wp\/v2\/media?parent=32770"}],"wp:term":[{"taxonomy":"product_brand","embeddable":true,"href":"https:\/\/www.latitude31n.com\/fr\/wp-json\/wp\/v2\/product_brand?post=32770"},{"taxonomy":"product_cat","embeddable":true,"href":"https:\/\/www.latitude31n.com\/fr\/wp-json\/wp\/v2\/product_cat?post=32770"},{"taxonomy":"product_tag","embeddable":true,"href":"https:\/\/www.latitude31n.com\/fr\/wp-json\/wp\/v2\/product_tag?post=32770"}],"curies":[{"name":"wp","href":"https:\/\/api.w.org\/{rel}","templated":true}]}}