{"id":32471,"date":"2025-05-14T16:02:24","date_gmt":"2025-05-14T15:02:24","guid":{"rendered":"https:\/\/www.latitude31n.com\/?post_type=product&#038;p=32471"},"modified":"2025-10-29T17:45:03","modified_gmt":"2025-10-29T16:45:03","slug":"banc-cuir","status":"publish","type":"product","link":"https:\/\/www.latitude31n.com\/fr\/assises-petit-mobilier\/bancs-tabourets\/banc-cuir\/","title":{"rendered":"Tabouret et banc cuir vert"},"content":{"rendered":"<h2 data-sourcepos=\"5:1-5:60\">Le banc cuir vert olive : intemporel et toujours tendance<\/h2>\n<p>D\u00e9couvrez l&rsquo;alliance parfaite entre l&rsquo;authenticit\u00e9 de l&rsquo;artisanat marocain et la modernit\u00e9 d&rsquo;une teinte tendance avec nos tabourets et bancs tress\u00e9s en cuir teint\u00e9 vert.<br \/>\nNos <strong>bancs et tabourets<\/strong> sont fabriqu\u00e9s \u00e0 la main par les artisans marocains. Chaque pi\u00e8ce est unique et porte les marques laiss\u00e9es par le travail manuel de l&rsquo;artisan, des irr\u00e9gularit\u00e9s dans les montants et les traverses qui loin d&rsquo;\u00eatre des d\u00e9fauts, t\u00e9moignent de l&rsquo;authenticit\u00e9 et du caract\u00e8re unique de chaque meuble en bois. La structure est en bois de laurier ou d&rsquo;eucalyptus ; elle est laiss\u00e9e brute et pr\u00e9sente une teinte tr\u00e8s claire, quasi blanche, contrastant magnifiquement avec la richesse du cuir vert. Cette couleur profonde et intemporelle, tirant subtilement vers le kaki, apportera une touche de sophistication naturelle \u00e0 votre int\u00e9rieur. C&rsquo;est une teinte \u00e0 la personnalit\u00e9 forte, capable de se fondre dans divers styles d\u00e9coratifs.<\/p>\n<h2 data-sourcepos=\"7:1-7:71\">Polyvalence et style : int\u00e9grer le tabouret et le banc en cuir dans votre int\u00e9rieur<\/h2>\n<p>Que vous recherchiez un <strong>banc en cuir<\/strong> pour agr\u00e9menter une entr\u00e9e, un <strong>tabouret d&rsquo;appoint en cuir<\/strong> pour votre salon, ou une \u00e9l\u00e9gante <strong>banquette en cuir<\/strong> pour habiller le bout de votre lit, nos assises en cuir vert olive s&rsquo;adaptent \u00e0 toutes vos envies. Son assise en cuir, tress\u00e9 en larges bandes, est confortable et offre un soutien agr\u00e9able, tandis que sa structure en bois clair apporte une note de l\u00e9g\u00e8ret\u00e9 d&rsquo;inspiration scandinave. Le <strong>tabouret marocain en cuir<\/strong> peut se transformer en une assise suppl\u00e9mentaire pratique, un repose-pieds confortable ou m\u00eame une petite table d&rsquo;appoint originale.<\/p>\n<p>La couleur verte olive, \u00e0 la fois ind\u00e9modable et actuelle, se marie harmonieusement avec des palettes de couleurs neutres, des tons naturels comme le beige et le lin, mais s&rsquo;accorde \u00e9galement avec des couleurs plus vives pour cr\u00e9er un contraste audacieux. Laissez libre cours \u00e0 votre imagination et int\u00e9grez ces pi\u00e8ces uniques dans votre quotidien pour apporter une touche d&rsquo;authenticit\u00e9 et d&rsquo;\u00e9l\u00e9gance \u00e0 chaque pi\u00e8ce de votre maison.<\/p>\n<p data-sourcepos=\"39:1-39:28\">Dimensions disponibles :<\/p>\n<ul data-sourcepos=\"41:1-43:0\">\n<li data-sourcepos=\"41:1-41:42\">Tabouret : 30 cm x 30 cm x hauteur 40 cm<\/li>\n<li data-sourcepos=\"42:1-43:0\">Banc : 100 cm x 40 cm x hauteur 40 cm<\/li>\n<\/ul>\n<p>Ces tabourets et bancs sont le fruit d&rsquo;un travail artisanal marocain traditionnel. Le cuir peut pr\u00e9senter de l\u00e9g\u00e8res variations de couleur et de texture, et la structure en bois brut peut afficher des irr\u00e9gularit\u00e9s qui t\u00e9moignent de leur fabrication \u00e0 la main et ajoutent \u00e0 leur charme unique.<\/p>\n","protected":false},"excerpt":{"rendered":"<p>Craquez pour nos tabourets ou bancs en cuir vert olive. Le <a href=\"\/fr\/tabouret-berbere-beldi\/\" target=\"_blank\" rel=\"noopener\"><strong>banc traditionnel marocain<\/strong><\/a>, au look plus qu&rsquo;artisanal, avec une jolie touche verte de modernit\u00e9.<\/p>\n<ul>\n<li data-sourcepos=\"52:1-52:48\">Cuir v\u00e9ritable vert olive (tirant sur le kaki)<\/li>\n<li data-sourcepos=\"54:1-54:74\">Structure en bois de laurier ou d&rsquo;eucalyptus brut<\/li>\n<li data-sourcepos=\"55:1-55:34\">Fabrication artisanale marocaine<\/li>\n<li data-sourcepos=\"55:1-55:34\">Dimensions :\n<ul data-sourcepos=\"60:1-61:21\">\n<li data-sourcepos=\"60:1-60:24\">Tabouret : 30x30xh40cm<\/li>\n<li data-sourcepos=\"61:1-61:21\">Banc : 100x40xh40cm<\/li>\n<\/ul>\n<\/li>\n<\/ul>\n","protected":false},"featured_media":32476,"comment_status":"open","ping_status":"closed","template":"","meta":[],"product_brand":[],"product_cat":[501,34],"product_tag":[899],"class_list":{"0":"post-32471","1":"product","2":"type-product","3":"status-publish","4":"has-post-thumbnail","6":"product_cat-bancs-tabourets","7":"product_cat-assises-petit-mobilier","8":"product_tag-no-us","10":"first","11":"instock","12":"taxable","13":"shipping-taxable","14":"purchasable","15":"product-type-variable"},"_links":{"self":[{"href":"https:\/\/www.latitude31n.com\/fr\/wp-json\/wp\/v2\/product\/32471","targetHints":{"allow":["GET"]}}],"collection":[{"href":"https:\/\/www.latitude31n.com\/fr\/wp-json\/wp\/v2\/product"}],"about":[{"href":"https:\/\/www.latitude31n.com\/fr\/wp-json\/wp\/v2\/types\/product"}],"replies":[{"embeddable":true,"href":"https:\/\/www.latitude31n.com\/fr\/wp-json\/wp\/v2\/comments?post=32471"}],"wp:featuredmedia":[{"embeddable":true,"href":"https:\/\/www.latitude31n.com\/fr\/wp-json\/wp\/v2\/media\/32476"}],"wp:attachment":[{"href":"https:\/\/www.latitude31n.com\/fr\/wp-json\/wp\/v2\/media?parent=32471"}],"wp:term":[{"taxonomy":"product_brand","embeddable":true,"href":"https:\/\/www.latitude31n.com\/fr\/wp-json\/wp\/v2\/product_brand?post=32471"},{"taxonomy":"product_cat","embeddable":true,"href":"https:\/\/www.latitude31n.com\/fr\/wp-json\/wp\/v2\/product_cat?post=32471"},{"taxonomy":"product_tag","embeddable":true,"href":"https:\/\/www.latitude31n.com\/fr\/wp-json\/wp\/v2\/product_tag?post=32471"}],"curies":[{"name":"wp","href":"https:\/\/api.w.org\/{rel}","templated":true}]}}