{"id":32048,"date":"2025-04-10T20:41:19","date_gmt":"2025-04-10T19:41:19","guid":{"rendered":"https:\/\/www.latitude31n.com\/?post_type=product&#038;p=32048"},"modified":"2026-04-11T19:37:23","modified_gmt":"2026-04-11T18:37:23","slug":"crochet-pompon","status":"publish","type":"product","link":"https:\/\/www.latitude31n.com\/fr\/luminaires\/crochet-pompon\/","title":{"rendered":"Suspension crochet avec pompon"},"content":{"rendered":"<h2 data-sourcepos=\"3:1-3:60\">Suspension salon crochet\u00e9e main : une touche boh\u00e8me chic<\/h2>\n<p data-sourcepos=\"5:1-5:1068\">Notre <strong>suspension salon en crochet<\/strong> est une r\u00e9alisation artisanale issue du savoir-faire des femmes marocaines. Elle est crochet\u00e9e main \u00e0 partir de corde en viscose <em>keytan <\/em>(mot arabe pour corde), un mat\u00e9riau local utilis\u00e9 dans la fabrication des kaftans. Cette fibre est disponible dans une vari\u00e9t\u00e9 de coloris et est aujourd&rsquo;hui fr\u00e9quemment utilis\u00e9e dans l&rsquo;artisanat marocain pour la confection de mobilier et de luminaires.<br \/>\nLa lampe crochet pr\u00e9sente une forme g\u00e9om\u00e9trique unique, un peu comme une goutte graphique et un tressage a\u00e9r\u00e9 en mailles autour d&rsquo;une structure m\u00e9tallique. Un pompon orn\u00e9 d&rsquo;une perle finit joliment la suspension.<\/p>\n<h2 data-sourcepos=\"9:1-9:65\">Cr\u00e9ez une ambiance unique avec votre lampe crochet<\/h2>\n<p data-sourcepos=\"11:1-11:541\">La <strong>suspension crochet<\/strong> s&rsquo;inscrit dans une tendance d\u00e9corative actuelle. Notre mod\u00e8le ici est en beige (on ne se trompe jamais avec cette couleur douce et intemporelle), mais nous pouvons sans probl\u00e8me la r\u00e9aliser sur mesure dans d&rsquo;autres teintes.<\/p>\n<p data-sourcepos=\"11:1-11:541\">L&rsquo;int\u00e9gration d&rsquo;une <strong>lampe suspendue pour salon<\/strong> comme celle-ci offre diverses possibilit\u00e9s dans l&rsquo;am\u00e9nagement int\u00e9rieur. Dans un salon de style boh\u00e8me, elle peut servir de point focal, diffusant une lumi\u00e8re douce qui s&rsquo;harmonise avec des \u00e9l\u00e9ments tels que des <a href=\"\/fr\/coussins-et-plaids\/coussins-marocains-sabra\/\" target=\"_blank\" rel=\"noopener\">coussins ethniques<\/a> et des tapis berb\u00e8res. Pour un int\u00e9rieur scandinave, sa couleur neutre et sa texture apportent une note artisanale qui se marie \u00e0 merveille avec des lignes minimalistes et des tons clairs.<\/p>\n<p data-sourcepos=\"11:1-11:541\">Cette <strong>suspension artisanale<\/strong> peut \u00e9galement \u00eatre utilis\u00e9e dans d&rsquo;autres pi\u00e8ces de la maison, comme une chambre ou une entr\u00e9e. Elle y apportera une touche d&rsquo;originalit\u00e9.<br \/>\nSon design a\u00e9r\u00e9 permet une association facile avec d&rsquo;autres sources de lumi\u00e8re pour un \u00e9clairage modulable. De plus, la <strong>suspension en crochet<\/strong> ajoute une dimension texturale int\u00e9ressante \u00e0 toute d\u00e9co pens\u00e9e.<\/p>\n<p data-sourcepos=\"11:1-11:541\">Dimensions : \u00f850xh90 cm<\/p>\n<h3 data-sourcepos=\"15:1-15:65\">Id\u00e9es d\u00e9co : quand la lampe crochet marocaine s&rsquo;invite dans nos int\u00e9rieurs<\/h3>\n<p data-sourcepos=\"17:1-17:704\">La lampe crochet Maroc n&rsquo;est pas \u00e0 proprement parler orientale, m\u00eame si elle s&rsquo;inspire des lanternes asiatiques avec sa finition pompon. Elle s&rsquo;int\u00e8gre donc facilement dans nos int\u00e9rieurs occidentaux, tout en apportant une touche ethnique et boh\u00e8me.<\/p>\n<p data-sourcepos=\"17:1-17:704\">Cette magnifique suspension de salon cr\u00e9e une atmosph\u00e8re chaleureuse et styl\u00e9e dans votre int\u00e9rieur. Que votre d\u00e9coration d&rsquo;int\u00e9rieur soit \u00e9pur\u00e9e ou maximaliste, elle apportera une texture int\u00e9ressante et un point focal visuel. Pour un look boh\u00e8me et color\u00e9e, commandez la en couleur (voir l&rsquo;\u00e9chantillonnage de couleurs). Pour un look minimaliste, notre suspension salon beige apportera douceur et simplicit\u00e9.<\/p>\n<p data-sourcepos=\"17:1-17:704\">Vous pouvez \u00e9galement jouer avec les luminaires en accumulant diff\u00e9rentes suspensions de tailles et de formes vari\u00e9es pour cr\u00e9er un effet visuel spectaculaire.<\/p>\n<p data-sourcepos=\"11:1-11:541\">Ce luminaire est livr\u00e9 sans syst\u00e8me \u00e9lectrique. Il est recommand\u00e9 d\u2019utiliser une ampoule LED et de l\u2019installer dans la partie la plus large de la lampe pour une diffusion optimale de la lumi\u00e8re.<br \/>\nUne anse d&rsquo;accroche est pr\u00e9vue. N&rsquo;h\u00e9sitez pas \u00e0 consulter notre <a href=\"\/fr\/installer-suspension-paille\/\" target=\"_blank\" rel=\"noopener\">article sur les diff\u00e9rentes m\u00e9thodes d&rsquo;accroche de nos suspensions<\/a>.<\/p>\n<p data-sourcepos=\"11:1-11:541\">R\u00e9glez la hauteur de votre suspension pour modifier l&rsquo;effet lumineux et visuel. Positionn\u00e9e assez bas au-dessus d&rsquo;une table, elle cr\u00e9e un \u00e9clairage d&rsquo;ambiance cibl\u00e9. Plus haute, elle assure une illumination g\u00e9n\u00e9rale de la pi\u00e8ce.<\/p>\n<p data-sourcepos=\"5:1-5:1068\">Cet article est le r\u00e9sultat d&rsquo;une fabrication artisanale au Maroc. De ce fait, de l\u00e9g\u00e8res variations peuvent \u00eatre observ\u00e9es, t\u00e9moignant de son caract\u00e8re unique. Ces particularit\u00e9s n&rsquo;alt\u00e8rent ni l&rsquo;esth\u00e9tique ni la fonctionnalit\u00e9 du produit.<\/p>\n","protected":false},"excerpt":{"rendered":"<p>Apportez douceur et une touche unique \u00e0 votre salon avec cette suspension crochet beige. Un design inspir\u00e9e des lanternes asiatiques pour une ambiance authentique.<\/p>\n<ul>\n<li data-sourcepos=\"31:1-31:34\">Fabrication artisanale marocaine<\/li>\n<li data-sourcepos=\"32:1-32:55\">En corde keytan<\/li>\n<li data-sourcepos=\"32:1-32:55\">Tressage large<\/li>\n<li data-sourcepos=\"34:1-34:42\">Finition pompon et perle<\/li>\n<li data-sourcepos=\"35:1-35:54\">Beige (personnalisation possible)<\/li>\n<li data-sourcepos=\"36:1-37:0\">Vendue sans syst\u00e8me \u00e9lectrique (ampoule LED conseill\u00e9e)<\/li>\n<li data-sourcepos=\"36:1-37:0\">Hauteur 90cm, diam\u00e8tre 50cm<\/li>\n<\/ul>\n","protected":false},"featured_media":32040,"comment_status":"open","ping_status":"closed","template":"","meta":[],"product_brand":[],"product_cat":[22],"product_tag":[],"class_list":{"0":"post-32048","1":"product","2":"type-product","3":"status-publish","4":"has-post-thumbnail","6":"product_cat-luminaires","8":"first","9":"instock","10":"taxable","11":"shipping-taxable","12":"purchasable","13":"product-type-simple"},"_links":{"self":[{"href":"https:\/\/www.latitude31n.com\/fr\/wp-json\/wp\/v2\/product\/32048","targetHints":{"allow":["GET"]}}],"collection":[{"href":"https:\/\/www.latitude31n.com\/fr\/wp-json\/wp\/v2\/product"}],"about":[{"href":"https:\/\/www.latitude31n.com\/fr\/wp-json\/wp\/v2\/types\/product"}],"replies":[{"embeddable":true,"href":"https:\/\/www.latitude31n.com\/fr\/wp-json\/wp\/v2\/comments?post=32048"}],"wp:featuredmedia":[{"embeddable":true,"href":"https:\/\/www.latitude31n.com\/fr\/wp-json\/wp\/v2\/media\/32040"}],"wp:attachment":[{"href":"https:\/\/www.latitude31n.com\/fr\/wp-json\/wp\/v2\/media?parent=32048"}],"wp:term":[{"taxonomy":"product_brand","embeddable":true,"href":"https:\/\/www.latitude31n.com\/fr\/wp-json\/wp\/v2\/product_brand?post=32048"},{"taxonomy":"product_cat","embeddable":true,"href":"https:\/\/www.latitude31n.com\/fr\/wp-json\/wp\/v2\/product_cat?post=32048"},{"taxonomy":"product_tag","embeddable":true,"href":"https:\/\/www.latitude31n.com\/fr\/wp-json\/wp\/v2\/product_tag?post=32048"}],"curies":[{"name":"wp","href":"https:\/\/api.w.org\/{rel}","templated":true}]}}