{"id":29541,"date":"2024-10-30T16:53:21","date_gmt":"2024-10-30T15:53:21","guid":{"rendered":"https:\/\/www.latitude31n.com\/?post_type=product&#038;p=29541"},"modified":"2025-04-01T17:13:27","modified_gmt":"2025-04-01T16:13:27","slug":"scenes-maroc","status":"publish","type":"product","link":"https:\/\/www.latitude31n.com\/fr\/decoration-murale\/scenes-maroc\/","title":{"rendered":"Sc\u00e8nes du Maroc : Le berger"},"content":{"rendered":"<h2 data-sourcepos=\"5:1-5:50\"><strong>\u0152uvres d&rsquo;art populaire unique et humoristique<br \/>\n<\/strong><\/h2>\n<p data-sourcepos=\"7:1-7:542\">Plongez au c\u0153ur du Maroc avec notre <strong>collection de tableaux photographiques originaux.<\/strong> Chaque tableau est une petite sc\u00e8ne de vie marocaine, captur\u00e9e avec humour ou po\u00e9sie. Ces sc\u00e8nettes de rue sont r\u00e9alis\u00e9s \u00e0 partir d&rsquo;\u00e9l\u00e9ments naturels, r\u00e9cup\u00e9r\u00e9s ou ramass\u00e9s, et racontent une histoire, nous font sourire ou invitent \u00e0 la r\u00eaverie.<br \/>\nDes mat\u00e9riaux bruts, tels que des branches, des cailloux, de la laine de mouton, des bouts de tissu ou de cuir, de vieilles cl\u00e9s ou des vis rouill\u00e9es, sont assembl\u00e9s avec soin pour cr\u00e9er des compositions uniques et pleines de charme.<\/p>\n<p data-sourcepos=\"7:1-7:542\">Ma d\u00e9marche est artistique tout en c\u00e9l\u00e9brant le recyclage. En donnant une seconde vie aux objets du quotidien, oubli\u00e9s ou pr\u00eat \u00e0 \u00eatre jeter, ces objets d\u00e9laiss\u00e9s se transforment en une \u0153uvre plastique unique.<\/p>\n<h2 data-sourcepos=\"7:1-7:542\">Une collection de photos artistiques pour tous les amoureux du Maroc<\/h2>\n<p>Notre collection de 5 tableaux vous fait d\u00e9couvrir le Maroc au travers de sc\u00e8nes embl\u00e9matiques :<\/p>\n<ul>\n<li data-sourcepos=\"13:1-13:177\"><strong>La f\u00eate du mouton<\/strong> : Un motocycliste, charg\u00e9 de son pr\u00e9cieux b\u00e9tail, traverse les rues anim\u00e9es. Une sc\u00e8ne insolite et pleine d&rsquo;humour qui c\u00e9l\u00e8bre les traditions marocaines.<\/li>\n<li data-sourcepos=\"14:1-14:172\"><strong>Le chamelier<\/strong> : Au c\u0153ur du d\u00e9sert, un chamelier et son fid\u00e8le compagnon avancent \u00e0 pas lents.<\/li>\n<li data-sourcepos=\"15:1-15:156\"><strong>Le berger<\/strong> : Dans les montagnes de l&rsquo;Atlas, un berger veille sur son troupeau. Une sc\u00e8ne paisible et authentique qui \u00e9voque le Maroc rural.<\/li>\n<li data-sourcepos=\"16:1-16:159\"><strong>Le camion marocain<\/strong> : Surcharg\u00e9 de paille, un camion serpente sur les routes. Une image typique du Maroc, captur\u00e9e avec une perspective inattendue.<\/li>\n<li data-sourcepos=\"17:1-18:0\"><strong>La Vache qui Rit<\/strong> : Un motocycliste transporte une cargaison improbable de cartons de Vache qui rit. Une sc\u00e8ne absurde et dr\u00f4le qui ne manquera pas de vous faire sourire<\/li>\n<\/ul>\n<h2>Des sc\u00e8nes de vie du Maroc pour d\u00e9corer vos murs avec humour et originalit\u00e9<\/h2>\n<p data-sourcepos=\"21:1-21:422\">Nos <strong>sc\u00e8nes de vie Maroc<\/strong> apporteront une touche de couleur, d&rsquo;humour et d&rsquo;originalit\u00e9 \u00e0 votre int\u00e9rieur. Ils s&rsquo;int\u00e9greront parfaitement dans une chambre d&rsquo;enfant, une entr\u00e9e, une cuisine ou un salon. Ces tableaux d&rsquo;art recycl\u00e9 ont une touche na\u00efve qui contribuera \u00e0 cr\u00e9er une ambiance conviviale et chaleureuse.<br \/>\nC&rsquo;est \u00e9galement une id\u00e9e de cadeau parfaite pour les amoureux du Maroc et les amateurs de d\u00e9coration d\u00e9cal\u00e9e.<\/p>\n<p data-sourcepos=\"21:1-21:422\">Dimensions : 25&#215;25 cm.<\/p>\n<p data-sourcepos=\"21:1-21:422\">Nos tableaux photographiques sont livr\u00e9s sous blister, non encadr\u00e9s.<\/p>\n","protected":false},"excerpt":{"rendered":"<h2>Le Maroc, une source d&rsquo;inspiration in\u00e9puisable<\/h2>\n<p>Mes tableaux sont une <strong>invitation \u00e0 un voyage au c\u0153ur du Maroc<span class=\"x19la9d6 x1fc57z9 x6ikm8r x10wlt62 x19co3pv x1g5zs5t xfibh0p xiy17q3 x1xsqp64 x1lkfr7t xexx8yu xg83lxy x18d9i69 x1h0ha7o\"><span class=\"\">\ud83c\uddf2\ud83c\udde6<\/span><\/span><\/strong>, revisit\u00e9 avec une touche d&rsquo;humour et de po\u00e9sie. Chaque sc\u00e8ne est une composition originale, r\u00e9alis\u00e9e \u00e0 partir d&rsquo;objets du quotidien que je chine ici et l\u00e0 : bouts de bois, fils de fer, tissus&#8230;Je les prends ensuite en photo puis l\u2019\u0153uvre est ensuite d\u00e9compos\u00e9e. Ne reste plus que la photographie de cette composition \u00e9ph\u00e9m\u00e8re.<\/p>\n<p>Le <strong>tableau <em>Le berger <\/em><span class=\"x19la9d6 x1fc57z9 x6ikm8r x10wlt62 x19co3pv x1g5zs5t xfibh0p xiy17q3 x1xsqp64 x1lkfr7t xexx8yu xg83lxy x18d9i69 x1h0ha7o\"><span class=\"\">\ud83d\udc11<\/span><\/span><\/strong> repr\u00e9sente une sc\u00e8ne bucolique et paisible que l&rsquo;on peut voir quand on se prom\u00e8ne dans les montagnes de l&rsquo;Atlas.<\/p>\n<p>Le reste de la collection :<\/p>\n<ul>\n<li>Le chamelier<\/li>\n<li>La f\u00eate du mouton<\/li>\n<li>La Vache qui Rit<\/li>\n<li>Le camion surcharg\u00e9<\/li>\n<\/ul>\n<p>Voir aussi : <a href=\"https:\/\/www.instagram.com\/reel\/C1KWWiZMJ-7\/\" target=\"_blank\" rel=\"noopener\">le making-of du tableau <em>Le chamelier<\/em><\/a><\/p>\n","protected":false},"featured_media":29542,"comment_status":"open","ping_status":"closed","template":"","meta":[],"product_brand":[],"product_cat":[23,892],"product_tag":[460],"class_list":{"0":"post-29541","1":"product","2":"type-product","3":"status-publish","4":"has-post-thumbnail","6":"product_cat-decoration-murale","7":"product_cat-deco-enfant","8":"product_tag-latitude-fun","10":"first","11":"instock","12":"taxable","13":"shipping-taxable","14":"purchasable","15":"product-type-simple"},"_links":{"self":[{"href":"https:\/\/www.latitude31n.com\/fr\/wp-json\/wp\/v2\/product\/29541","targetHints":{"allow":["GET"]}}],"collection":[{"href":"https:\/\/www.latitude31n.com\/fr\/wp-json\/wp\/v2\/product"}],"about":[{"href":"https:\/\/www.latitude31n.com\/fr\/wp-json\/wp\/v2\/types\/product"}],"replies":[{"embeddable":true,"href":"https:\/\/www.latitude31n.com\/fr\/wp-json\/wp\/v2\/comments?post=29541"}],"wp:featuredmedia":[{"embeddable":true,"href":"https:\/\/www.latitude31n.com\/fr\/wp-json\/wp\/v2\/media\/29542"}],"wp:attachment":[{"href":"https:\/\/www.latitude31n.com\/fr\/wp-json\/wp\/v2\/media?parent=29541"}],"wp:term":[{"taxonomy":"product_brand","embeddable":true,"href":"https:\/\/www.latitude31n.com\/fr\/wp-json\/wp\/v2\/product_brand?post=29541"},{"taxonomy":"product_cat","embeddable":true,"href":"https:\/\/www.latitude31n.com\/fr\/wp-json\/wp\/v2\/product_cat?post=29541"},{"taxonomy":"product_tag","embeddable":true,"href":"https:\/\/www.latitude31n.com\/fr\/wp-json\/wp\/v2\/product_tag?post=29541"}],"curies":[{"name":"wp","href":"https:\/\/api.w.org\/{rel}","templated":true}]}}