{"id":29372,"date":"2024-10-08T17:37:54","date_gmt":"2024-10-08T16:37:54","guid":{"rendered":"https:\/\/www.latitude31n.com\/?post_type=product&#038;p=29372"},"modified":"2025-03-10T23:26:36","modified_gmt":"2025-03-10T22:26:36","slug":"trophee-mural-elephant","status":"publish","type":"product","link":"https:\/\/www.latitude31n.com\/fr\/deco-enfant\/trophee-mural-elephant\/","title":{"rendered":"Troph\u00e9e mural \u00e9l\u00e9phant"},"content":{"rendered":"<h2 data-sourcepos=\"16:1-16:60\">Un voyage en Inde \u00e0 travers un troph\u00e9e t\u00eate d&rsquo;animal mural<\/h2>\n<p data-sourcepos=\"16:1-16:60\">Notre <strong>troph\u00e9e mural \u00e9l\u00e9phant<\/strong>, inspir\u00e9 des \u00e9l\u00e9phants majestueux d\u00e9cor\u00e9s pour les f\u00eates, est une d\u00e9coration murale animal unique et exceptionnelle. Les couleurs chatoyantes et les ornements ethniques, associ\u00e9s aux textures naturelles, cr\u00e9ent un ensemble harmonieux et exotique.<\/p>\n<p data-sourcepos=\"16:1-16:60\">C&rsquo;est un cadeau id\u00e9al pour les amoureux du voyage, pour un anniversaire, une cr\u00e9maill\u00e8re ou tout simplement pour d\u00e9corer une chambre d&rsquo;enfant.<\/p>\n<h2 data-sourcepos=\"16:1-16:60\"><strong>Un troph\u00e9e animal mural personnalis\u00e9, une pi\u00e8ce unique<\/strong><\/h2>\n<p data-sourcepos=\"18:1-18:374\">Chaque troph\u00e9e mural \u00e9l\u00e9phant est une pi\u00e8ce unique, fruit d&rsquo;un travail artisanal minutieux, que ce soit l&rsquo;artisan qui a tress\u00e9 le faux troph\u00e9e ou la r\u00e9flexion artistique pour le transformer en une <strong>\u0153uvre d&rsquo;art mural originale<\/strong>. Chaque d\u00e9tail est pens\u00e9 pour cr\u00e9er une harmonie visuelle et apporter une touche de po\u00e9sie \u00e0 l&rsquo;ensemble.<\/p>\n<p data-sourcepos=\"18:1-18:374\">Dimensions : h60x45x16 cm<\/p>\n<p data-sourcepos=\"18:1-18:374\">Chaque troph\u00e9e animal mural est une cr\u00e9ation artisanale et artistique, ce qui en fait une pi\u00e8ce unique et originale. Elle peut comporter certaines imperfections qui garantissent son authenticit\u00e9.<\/p>\n","protected":false},"excerpt":{"rendered":"<p>Notre troph\u00e9e mural \u00e9l\u00e9phant est une pi\u00e8ce unique et artisanale, inspir\u00e9e des traditions indiennes.<\/p>\n<p>Une touche d&rsquo;exotisme et de po\u00e9sie pour tous les amoureux des voyages.<\/p>\n<ul>\n<li data-sourcepos=\"11:1-11:51\">Mat\u00e9riau : Paille naturelle <a href=\"https:\/\/www.latitude31n.com\/fr\/doum-presentation-conseils-entretien\/\" target=\"_blank\" rel=\"noopener\"><em>doum<\/em> <\/a>tress\u00e9e \u00e0 la main<\/li>\n<li data-sourcepos=\"12:1-12:47\">Finition : Broderies et ornements<\/li>\n<li data-sourcepos=\"12:1-12:47\">Dimensions : h60 cm<\/li>\n<\/ul>\n","protected":false},"featured_media":31631,"comment_status":"open","ping_status":"closed","template":"","meta":[],"product_brand":[],"product_cat":[892,24],"product_tag":[460],"class_list":{"0":"post-29372","1":"product","2":"type-product","3":"status-publish","4":"has-post-thumbnail","6":"product_cat-deco-enfant","7":"product_cat-trophees-tetes-animaux","8":"product_tag-latitude-fun","10":"first","11":"instock","12":"taxable","13":"shipping-taxable","14":"purchasable","15":"product-type-variable"},"_links":{"self":[{"href":"https:\/\/www.latitude31n.com\/fr\/wp-json\/wp\/v2\/product\/29372","targetHints":{"allow":["GET"]}}],"collection":[{"href":"https:\/\/www.latitude31n.com\/fr\/wp-json\/wp\/v2\/product"}],"about":[{"href":"https:\/\/www.latitude31n.com\/fr\/wp-json\/wp\/v2\/types\/product"}],"replies":[{"embeddable":true,"href":"https:\/\/www.latitude31n.com\/fr\/wp-json\/wp\/v2\/comments?post=29372"}],"wp:featuredmedia":[{"embeddable":true,"href":"https:\/\/www.latitude31n.com\/fr\/wp-json\/wp\/v2\/media\/31631"}],"wp:attachment":[{"href":"https:\/\/www.latitude31n.com\/fr\/wp-json\/wp\/v2\/media?parent=29372"}],"wp:term":[{"taxonomy":"product_brand","embeddable":true,"href":"https:\/\/www.latitude31n.com\/fr\/wp-json\/wp\/v2\/product_brand?post=29372"},{"taxonomy":"product_cat","embeddable":true,"href":"https:\/\/www.latitude31n.com\/fr\/wp-json\/wp\/v2\/product_cat?post=29372"},{"taxonomy":"product_tag","embeddable":true,"href":"https:\/\/www.latitude31n.com\/fr\/wp-json\/wp\/v2\/product_tag?post=29372"}],"curies":[{"name":"wp","href":"https:\/\/api.w.org\/{rel}","templated":true}]}}